{"id":13435,"date":"2026-03-01T19:54:31","date_gmt":"2026-03-01T19:54:31","guid":{"rendered":"https:\/\/www.verba.lv\/?page_id=13435"},"modified":"2026-03-01T20:05:53","modified_gmt":"2026-03-01T20:05:53","slug":"volant","status":"publish","type":"page","link":"https:\/\/www.verba.lv\/lv\/kolekcijas\/volant\/","title":{"rendered":"VOLANT"},"content":{"rendered":"<p style=\"text-align: center;\"><strong>VOLANT<\/strong><\/p>\n<p>Vieglums, caursp\u012bd\u012bgums, lidojuma saj\u016bta vienm\u0113r ir bijusi neat\u0146emama VERBA est\u0113tikas da\u013ca. Ar\u012b \u0161oreiz v\u0101rdu sp\u0113le, kas ietverta projekta nosaukum\u0101, nav nejau\u0161a. VERBA lido \u2014 rakst\u012btais paliek: simtiem un t\u016bksto\u0161iem v\u0113st\u012bjumu uz rot\u0101m par vissvar\u012bg\u0101kaj\u0101m cilv\u0113ka j\u016bt\u0101m un p\u0101rlaic\u012bg\u0101m v\u0113rt\u012bb\u0101m \u2014 m\u012blest\u012bbu un draudz\u012bbu, skaistumu un br\u012bv\u012bbu, filosofiju un ce\u013ca mekl\u0113jumiem. V\u0101rdi, kas ir vajadz\u012bgi un noz\u012bm\u012bgi visos laikos.<\/p>\n<p>Izst\u0101des:<br \/>\n2025.gada 1.decembris l\u012bdz 2025.gada 12.decembris, konceptveikals RIIJA, R\u012bga, Latvija<\/p>\n<p>&nbsp;<\/p>\n<div class=\"tiled-gallery type-rectangular tiled-gallery-unresized\" data-original-width=\"500\" data-carousel-extra='{&quot;blog_id&quot;:1,&quot;permalink&quot;:&quot;https:\\\/\\\/www.verba.lv\\\/lv\\\/kolekcijas\\\/volant\\\/&quot;,&quot;likes_blog_id&quot;:59424749}' itemscope itemtype=\"http:\/\/schema.org\/ImageGallery\" > <div class=\"gallery-row\" style=\"width: 500px; height: 323px;\" data-original-width=\"500\" data-original-height=\"323\" > <div class=\"gallery-group images-2\" style=\"width: 241px; height: 323px;\" data-original-width=\"241\" data-original-height=\"323\" > <div class=\"tiled-gallery-item tiled-gallery-item-small\" itemprop=\"associatedMedia\" itemscope itemtype=\"http:\/\/schema.org\/ImageObject\"> <meta itemprop=\"width\" content=\"237\"> <meta itemprop=\"height\" content=\"157\"> <img data-attachment-id=\"13063\" data-orig-file=\"https:\/\/www.verba.lv\/wp-content\/uploads\/verba-manent-riija-ring-exhibition-2025.jpeg\" data-orig-size=\"1000,666\" data-comments-opened=\"\" data-image-meta=\"{&quot;aperture&quot;:&quot;0&quot;,&quot;credit&quot;:&quot;kasparsteilans@gmail.com&quot;,&quot;camera&quot;:&quot;&quot;,&quot;caption&quot;:&quot;&quot;,&quot;created_timestamp&quot;:&quot;0&quot;,&quot;copyright&quot;:&quot;&quot;,&quot;focal_length&quot;:&quot;0&quot;,&quot;iso&quot;:&quot;0&quot;,&quot;shutter_speed&quot;:&quot;0&quot;,&quot;title&quot;:&quot;&quot;,&quot;orientation&quot;:&quot;1&quot;}\" data-image-title=\"verba-manent-riija-ring-exhibition-2025\" data-image-description=\"\" data-medium-file=\"https:\/\/www.verba.lv\/wp-content\/uploads\/verba-manent-riija-ring-exhibition-2025-400x266.jpeg\" data-large-file=\"https:\/\/www.verba.lv\/wp-content\/uploads\/verba-manent-riija-ring-exhibition-2025.jpeg\" src=\"https:\/\/i0.wp.com\/www.verba.lv\/wp-content\/uploads\/verba-manent-riija-ring-exhibition-2025.jpeg?w=237&#038;h=157&#038;ssl=1\" width=\"237\" height=\"157\" data-original-width=\"237\" data-original-height=\"157\" itemprop=\"http:\/\/schema.org\/image\" title=\"verba-manent-riija-ring-exhibition-2025\" alt=\"verba-manent-riija-ring-exhibition-2025\" style=\"width: 237px; height: 157px;\" \/> <div class=\"tiled-gallery-caption\" itemprop=\"caption description\"> VERBA VOLANT, SCRIPTA MANENT (\u201cWords fly, writing remains\u201d) 01.12\u201312.12.2025, RIIJA <\/div> <\/div> <div class=\"tiled-gallery-item tiled-gallery-item-small\" itemprop=\"associatedMedia\" itemscope itemtype=\"http:\/\/schema.org\/ImageObject\"> <meta itemprop=\"width\" content=\"237\"> <meta itemprop=\"height\" content=\"158\"> <img data-attachment-id=\"13171\" data-orig-file=\"https:\/\/www.verba.lv\/wp-content\/uploads\/verba-volant-exhibition-hand-ring.jpg\" data-orig-size=\"1000,667\" data-comments-opened=\"\" data-image-meta=\"{&quot;aperture&quot;:&quot;0&quot;,&quot;credit&quot;:&quot;kasparsteilans@gmail.com&quot;,&quot;camera&quot;:&quot;&quot;,&quot;caption&quot;:&quot;&quot;,&quot;created_timestamp&quot;:&quot;0&quot;,&quot;copyright&quot;:&quot;&quot;,&quot;focal_length&quot;:&quot;0&quot;,&quot;iso&quot;:&quot;0&quot;,&quot;shutter_speed&quot;:&quot;0&quot;,&quot;title&quot;:&quot;&quot;,&quot;orientation&quot;:&quot;1&quot;}\" data-image-title=\"\" data-image-description=\"\" data-medium-file=\"https:\/\/www.verba.lv\/wp-content\/uploads\/verba-volant-exhibition-hand-ring-400x267.jpg\" data-large-file=\"https:\/\/www.verba.lv\/wp-content\/uploads\/verba-volant-exhibition-hand-ring.jpg\" src=\"https:\/\/i0.wp.com\/www.verba.lv\/wp-content\/uploads\/verba-volant-exhibition-hand-ring.jpg?w=237&#038;h=158&#038;ssl=1\" width=\"237\" height=\"158\" data-original-width=\"237\" data-original-height=\"158\" itemprop=\"http:\/\/schema.org\/image\" title=\"\" alt=\"verba-volant-exhibition-hand-ring\" style=\"width: 237px; height: 158px;\" \/> <div class=\"tiled-gallery-caption\" itemprop=\"caption description\"> VERBA VOLANT, SCRIPTA MANENT (\u201cWords fly, writing remains\u201d)01.12\u201312.12.2025, RIIJA <\/div> <\/div> <\/div> <!-- close group --> <div class=\"gallery-group images-1\" style=\"width: 259px; height: 323px;\" data-original-width=\"259\" data-original-height=\"323\" > <div class=\"tiled-gallery-item tiled-gallery-item-large\" itemprop=\"associatedMedia\" itemscope itemtype=\"http:\/\/schema.org\/ImageObject\"> <meta itemprop=\"width\" content=\"255\"> <meta itemprop=\"height\" content=\"319\"> <img data-attachment-id=\"13077\" data-orig-file=\"https:\/\/www.verba.lv\/wp-content\/uploads\/verba-volant-scripta-manent-ring-svetlov-1.jpeg\" data-orig-size=\"800,1000\" data-comments-opened=\"\" data-image-meta=\"{&quot;aperture&quot;:&quot;4&quot;,&quot;credit&quot;:&quot;&quot;,&quot;camera&quot;:&quot;Canon EOS R6&quot;,&quot;caption&quot;:&quot;&quot;,&quot;created_timestamp&quot;:&quot;1761699169&quot;,&quot;copyright&quot;:&quot;&quot;,&quot;focal_length&quot;:&quot;90&quot;,&quot;iso&quot;:&quot;100&quot;,&quot;shutter_speed&quot;:&quot;0.00625&quot;,&quot;title&quot;:&quot;&quot;,&quot;orientation&quot;:&quot;1&quot;}\" data-image-title=\"\" data-image-description=\"\" data-medium-file=\"https:\/\/www.verba.lv\/wp-content\/uploads\/verba-volant-scripta-manent-ring-svetlov-1-320x400.jpeg\" data-large-file=\"https:\/\/www.verba.lv\/wp-content\/uploads\/verba-volant-scripta-manent-ring-svetlov-1.jpeg\" src=\"https:\/\/i0.wp.com\/www.verba.lv\/wp-content\/uploads\/verba-volant-scripta-manent-ring-svetlov-1.jpeg?w=255&#038;h=319&#038;ssl=1\" width=\"255\" height=\"319\" data-original-width=\"255\" data-original-height=\"319\" itemprop=\"http:\/\/schema.org\/image\" title=\"\" alt=\"verba-volant-scripta-manent-ring-svetlov-1\" style=\"width: 255px; height: 319px;\" \/> <\/div> <\/div> <!-- close group --> <\/div> <!-- close row --> <div class=\"gallery-row\" style=\"width: 500px; height: 224px;\" data-original-width=\"500\" data-original-height=\"224\" > <div class=\"gallery-group images-1\" style=\"width: 334px; height: 224px;\" data-original-width=\"334\" data-original-height=\"224\" > <div class=\"tiled-gallery-item tiled-gallery-item-large\" itemprop=\"associatedMedia\" itemscope itemtype=\"http:\/\/schema.org\/ImageObject\"> <meta itemprop=\"width\" content=\"330\"> <meta itemprop=\"height\" content=\"220\"> <img data-attachment-id=\"13141\" data-orig-file=\"https:\/\/www.verba.lv\/wp-content\/uploads\/verba-volant-ring-riija-exhibition.jpg\" data-orig-size=\"1000,667\" data-comments-opened=\"\" data-image-meta=\"{&quot;aperture&quot;:&quot;0&quot;,&quot;credit&quot;:&quot;kasparsteilans@gmail.com&quot;,&quot;camera&quot;:&quot;&quot;,&quot;caption&quot;:&quot;&quot;,&quot;created_timestamp&quot;:&quot;0&quot;,&quot;copyright&quot;:&quot;&quot;,&quot;focal_length&quot;:&quot;0&quot;,&quot;iso&quot;:&quot;0&quot;,&quot;shutter_speed&quot;:&quot;0&quot;,&quot;title&quot;:&quot;&quot;,&quot;orientation&quot;:&quot;1&quot;}\" data-image-title=\"\" data-image-description=\"\" data-medium-file=\"https:\/\/www.verba.lv\/wp-content\/uploads\/verba-volant-ring-riija-exhibition-400x267.jpg\" data-large-file=\"https:\/\/www.verba.lv\/wp-content\/uploads\/verba-volant-ring-riija-exhibition.jpg\" src=\"https:\/\/i0.wp.com\/www.verba.lv\/wp-content\/uploads\/verba-volant-ring-riija-exhibition.jpg?w=330&#038;h=220&#038;ssl=1\" width=\"330\" height=\"220\" data-original-width=\"330\" data-original-height=\"220\" itemprop=\"http:\/\/schema.org\/image\" title=\"\" alt=\"verba-volant-ring-riija-exhibition\" style=\"width: 330px; height: 220px;\" \/> <div class=\"tiled-gallery-caption\" itemprop=\"caption description\"> VERBA VOLANT, SCRIPTA MANENT (\u201cWords fly, writing remains\u201d)01.12\u201312.12.2025, RIIJA <\/div> <\/div> <\/div> <!-- close group --> <div class=\"gallery-group images-2\" style=\"width: 166px; height: 224px;\" data-original-width=\"166\" data-original-height=\"224\" > <div class=\"tiled-gallery-item tiled-gallery-item-small\" itemprop=\"associatedMedia\" itemscope itemtype=\"http:\/\/schema.org\/ImageObject\"> <meta itemprop=\"width\" content=\"162\"> <meta itemprop=\"height\" content=\"108\"> <img data-attachment-id=\"13432\" data-orig-file=\"https:\/\/www.verba.lv\/wp-content\/uploads\/verba-volant-purior-rock-crystal-4.jpeg\" data-orig-size=\"1000,667\" data-comments-opened=\"\" data-image-meta=\"{&quot;aperture&quot;:&quot;6.3&quot;,&quot;credit&quot;:&quot;&quot;,&quot;camera&quot;:&quot;Canon EOS R6&quot;,&quot;caption&quot;:&quot;&quot;,&quot;created_timestamp&quot;:&quot;1771017781&quot;,&quot;copyright&quot;:&quot;&quot;,&quot;focal_length&quot;:&quot;90&quot;,&quot;iso&quot;:&quot;125&quot;,&quot;shutter_speed&quot;:&quot;0.00625&quot;,&quot;title&quot;:&quot;&quot;,&quot;orientation&quot;:&quot;1&quot;}\" data-image-title=\"verba-volant-purior-rock-crystal-4\" data-image-description=\"\" data-medium-file=\"https:\/\/www.verba.lv\/wp-content\/uploads\/verba-volant-purior-rock-crystal-4-400x267.jpeg\" data-large-file=\"https:\/\/www.verba.lv\/wp-content\/uploads\/verba-volant-purior-rock-crystal-4.jpeg\" src=\"https:\/\/i0.wp.com\/www.verba.lv\/wp-content\/uploads\/verba-volant-purior-rock-crystal-4.jpeg?w=162&#038;h=108&#038;ssl=1\" width=\"162\" height=\"108\" data-original-width=\"162\" data-original-height=\"108\" itemprop=\"http:\/\/schema.org\/image\" title=\"verba-volant-purior-rock-crystal-4\" alt=\"verba-volant-purior-rock-crystal-4\" style=\"width: 162px; height: 108px;\" \/> <\/div> <div class=\"tiled-gallery-item tiled-gallery-item-small\" itemprop=\"associatedMedia\" itemscope itemtype=\"http:\/\/schema.org\/ImageObject\"> <meta itemprop=\"width\" content=\"162\"> <meta itemprop=\"height\" content=\"108\"> <img data-attachment-id=\"13168\" data-orig-file=\"https:\/\/www.verba.lv\/wp-content\/uploads\/verba-volant-riija-exhibition-december-ring.jpg\" data-orig-size=\"1000,667\" data-comments-opened=\"\" data-image-meta=\"{&quot;aperture&quot;:&quot;0&quot;,&quot;credit&quot;:&quot;kasparsteilans@gmail.com&quot;,&quot;camera&quot;:&quot;&quot;,&quot;caption&quot;:&quot;&quot;,&quot;created_timestamp&quot;:&quot;0&quot;,&quot;copyright&quot;:&quot;&quot;,&quot;focal_length&quot;:&quot;0&quot;,&quot;iso&quot;:&quot;0&quot;,&quot;shutter_speed&quot;:&quot;0&quot;,&quot;title&quot;:&quot;&quot;,&quot;orientation&quot;:&quot;1&quot;}\" data-image-title=\"\" data-image-description=\"\" data-medium-file=\"https:\/\/www.verba.lv\/wp-content\/uploads\/verba-volant-riija-exhibition-december-ring-400x267.jpg\" data-large-file=\"https:\/\/www.verba.lv\/wp-content\/uploads\/verba-volant-riija-exhibition-december-ring.jpg\" src=\"https:\/\/i0.wp.com\/www.verba.lv\/wp-content\/uploads\/verba-volant-riija-exhibition-december-ring.jpg?w=162&#038;h=108&#038;ssl=1\" width=\"162\" height=\"108\" data-original-width=\"162\" data-original-height=\"108\" itemprop=\"http:\/\/schema.org\/image\" title=\"\" alt=\"verba-volant-riija-exhibition-december-ring\" style=\"width: 162px; height: 108px;\" \/> <div class=\"tiled-gallery-caption\" itemprop=\"caption description\"> VERBA VOLANT, SCRIPTA MANENT (\u201cWords fly, writing remains\u201d)01.12\u201312.12.2025, RIIJA <\/div> <\/div> <\/div> <!-- close group --> <\/div> <!-- close row --> <div class=\"gallery-row\" style=\"width: 500px; height: 112px;\" data-original-width=\"500\" data-original-height=\"112\" > <div class=\"gallery-group images-1\" style=\"width: 167px; height: 112px;\" data-original-width=\"167\" data-original-height=\"112\" > <div class=\"tiled-gallery-item tiled-gallery-item-small\" itemprop=\"associatedMedia\" itemscope itemtype=\"http:\/\/schema.org\/ImageObject\"> <meta itemprop=\"width\" content=\"163\"> <meta itemprop=\"height\" content=\"108\"> <img data-attachment-id=\"13429\" data-orig-file=\"https:\/\/www.verba.lv\/wp-content\/uploads\/verba-volant-purior-rock-crystal-3.jpeg\" data-orig-size=\"1000,667\" data-comments-opened=\"\" data-image-meta=\"{&quot;aperture&quot;:&quot;6.3&quot;,&quot;credit&quot;:&quot;&quot;,&quot;camera&quot;:&quot;Canon EOS R6&quot;,&quot;caption&quot;:&quot;&quot;,&quot;created_timestamp&quot;:&quot;1771017123&quot;,&quot;copyright&quot;:&quot;&quot;,&quot;focal_length&quot;:&quot;90&quot;,&quot;iso&quot;:&quot;125&quot;,&quot;shutter_speed&quot;:&quot;0.00625&quot;,&quot;title&quot;:&quot;&quot;,&quot;orientation&quot;:&quot;1&quot;}\" data-image-title=\"verba-volant-purior-rock-crystal-3\" data-image-description=\"\" data-medium-file=\"https:\/\/www.verba.lv\/wp-content\/uploads\/verba-volant-purior-rock-crystal-3-400x267.jpeg\" data-large-file=\"https:\/\/www.verba.lv\/wp-content\/uploads\/verba-volant-purior-rock-crystal-3.jpeg\" src=\"https:\/\/i0.wp.com\/www.verba.lv\/wp-content\/uploads\/verba-volant-purior-rock-crystal-3.jpeg?w=163&#038;h=108&#038;ssl=1\" width=\"163\" height=\"108\" data-original-width=\"163\" data-original-height=\"108\" itemprop=\"http:\/\/schema.org\/image\" title=\"verba-volant-purior-rock-crystal-3\" alt=\"verba-volant-purior-rock-crystal-3\" style=\"width: 163px; height: 108px;\" \/> <\/div> <\/div> <!-- close group --> <div class=\"gallery-group images-1\" style=\"width: 167px; height: 112px;\" data-original-width=\"167\" data-original-height=\"112\" > <div class=\"tiled-gallery-item tiled-gallery-item-small\" itemprop=\"associatedMedia\" itemscope itemtype=\"http:\/\/schema.org\/ImageObject\"> <meta itemprop=\"width\" content=\"163\"> <meta itemprop=\"height\" content=\"108\"> <img data-attachment-id=\"13117\" data-orig-file=\"https:\/\/www.verba.lv\/wp-content\/uploads\/verba-volant-riija-exhibition-hand.jpg\" data-orig-size=\"2048,1365\" data-comments-opened=\"\" data-image-meta=\"{&quot;aperture&quot;:&quot;0&quot;,&quot;credit&quot;:&quot;kasparsteilans@gmail.com&quot;,&quot;camera&quot;:&quot;&quot;,&quot;caption&quot;:&quot;&quot;,&quot;created_timestamp&quot;:&quot;0&quot;,&quot;copyright&quot;:&quot;&quot;,&quot;focal_length&quot;:&quot;0&quot;,&quot;iso&quot;:&quot;0&quot;,&quot;shutter_speed&quot;:&quot;0&quot;,&quot;title&quot;:&quot;&quot;,&quot;orientation&quot;:&quot;0&quot;}\" data-image-title=\"\" data-image-description=\"\" data-medium-file=\"https:\/\/www.verba.lv\/wp-content\/uploads\/verba-volant-riija-exhibition-hand-400x267.jpg\" data-large-file=\"https:\/\/www.verba.lv\/wp-content\/uploads\/verba-volant-riija-exhibition-hand-1024x683.jpg\" src=\"https:\/\/i0.wp.com\/www.verba.lv\/wp-content\/uploads\/verba-volant-riija-exhibition-hand.jpg?w=163&#038;h=108&#038;ssl=1\" width=\"163\" height=\"108\" data-original-width=\"163\" data-original-height=\"108\" itemprop=\"http:\/\/schema.org\/image\" title=\"\" alt=\"VERBA VOLANT, SCRIPTA MANENT (\u201cWords fly, writing remains\u201d)01.12\u201312.12.2025, RIIJA\" style=\"width: 163px; height: 108px;\" \/> <div class=\"tiled-gallery-caption\" itemprop=\"caption description\"> VERBA VOLANT, SCRIPTA MANENT (\u201cWords fly, writing remains\u201d)01.12\u201312.12.2025, RIIJA <\/div> <\/div> <\/div> <!-- close group --> <div class=\"gallery-group images-1\" style=\"width: 166px; height: 112px;\" data-original-width=\"166\" data-original-height=\"112\" > <div class=\"tiled-gallery-item tiled-gallery-item-small\" itemprop=\"associatedMedia\" itemscope itemtype=\"http:\/\/schema.org\/ImageObject\"> <meta itemprop=\"width\" content=\"162\"> <meta itemprop=\"height\" content=\"108\"> <img data-attachment-id=\"13426\" data-orig-file=\"https:\/\/www.verba.lv\/wp-content\/uploads\/verba-volant-purior-rock-crystal-2.jpeg\" data-orig-size=\"1000,667\" data-comments-opened=\"\" data-image-meta=\"{&quot;aperture&quot;:&quot;10&quot;,&quot;credit&quot;:&quot;&quot;,&quot;camera&quot;:&quot;Canon EOS R6&quot;,&quot;caption&quot;:&quot;&quot;,&quot;created_timestamp&quot;:&quot;1771016833&quot;,&quot;copyright&quot;:&quot;&quot;,&quot;focal_length&quot;:&quot;90&quot;,&quot;iso&quot;:&quot;250&quot;,&quot;shutter_speed&quot;:&quot;0.00625&quot;,&quot;title&quot;:&quot;&quot;,&quot;orientation&quot;:&quot;1&quot;}\" data-image-title=\"verba-volant-purior-rock-crystal-2\" data-image-description=\"\" data-medium-file=\"https:\/\/www.verba.lv\/wp-content\/uploads\/verba-volant-purior-rock-crystal-2-400x267.jpeg\" data-large-file=\"https:\/\/www.verba.lv\/wp-content\/uploads\/verba-volant-purior-rock-crystal-2.jpeg\" src=\"https:\/\/i0.wp.com\/www.verba.lv\/wp-content\/uploads\/verba-volant-purior-rock-crystal-2.jpeg?w=162&#038;h=108&#038;ssl=1\" width=\"162\" height=\"108\" data-original-width=\"162\" data-original-height=\"108\" itemprop=\"http:\/\/schema.org\/image\" title=\"verba-volant-purior-rock-crystal-2\" alt=\"verba-volant-purior-rock-crystal-2\" style=\"width: 162px; height: 108px;\" \/> <\/div> <\/div> <!-- close group --> <\/div> <!-- close row --> <div class=\"gallery-row\" style=\"width: 500px; height: 168px;\" data-original-width=\"500\" data-original-height=\"168\" > <div class=\"gallery-group images-1\" style=\"width: 250px; height: 168px;\" data-original-width=\"250\" data-original-height=\"168\" > <div class=\"tiled-gallery-item tiled-gallery-item-small\" itemprop=\"associatedMedia\" itemscope itemtype=\"http:\/\/schema.org\/ImageObject\"> <meta itemprop=\"width\" content=\"246\"> <meta itemprop=\"height\" content=\"164\"> <img data-attachment-id=\"13082\" data-orig-file=\"https:\/\/www.verba.lv\/wp-content\/uploads\/verba-volant-party-santa-magazine.jpg\" data-orig-size=\"1000,667\" data-comments-opened=\"\" data-image-meta=\"{&quot;aperture&quot;:&quot;0&quot;,&quot;credit&quot;:&quot;&quot;,&quot;camera&quot;:&quot;&quot;,&quot;caption&quot;:&quot;&quot;,&quot;created_timestamp&quot;:&quot;0&quot;,&quot;copyright&quot;:&quot;&quot;,&quot;focal_length&quot;:&quot;0&quot;,&quot;iso&quot;:&quot;0&quot;,&quot;shutter_speed&quot;:&quot;0&quot;,&quot;title&quot;:&quot;&quot;,&quot;orientation&quot;:&quot;1&quot;}\" data-image-title=\"\" data-image-description=\"\" data-medium-file=\"https:\/\/www.verba.lv\/wp-content\/uploads\/verba-volant-party-santa-magazine-400x267.jpg\" data-large-file=\"https:\/\/www.verba.lv\/wp-content\/uploads\/verba-volant-party-santa-magazine.jpg\" src=\"https:\/\/i0.wp.com\/www.verba.lv\/wp-content\/uploads\/verba-volant-party-santa-magazine.jpg?w=246&#038;h=164&#038;ssl=1\" width=\"246\" height=\"164\" data-original-width=\"246\" data-original-height=\"164\" itemprop=\"http:\/\/schema.org\/image\" title=\"\" alt=\"verba-volant-party-santa-magazine\" style=\"width: 246px; height: 164px;\" \/> <\/div> <\/div> <!-- close group --> <div class=\"gallery-group images-1\" style=\"width: 250px; height: 168px;\" data-original-width=\"250\" data-original-height=\"168\" > <div class=\"tiled-gallery-item tiled-gallery-item-small\" itemprop=\"associatedMedia\" itemscope itemtype=\"http:\/\/schema.org\/ImageObject\"> <meta itemprop=\"width\" content=\"246\"> <meta itemprop=\"height\" content=\"164\"> <img data-attachment-id=\"13423\" data-orig-file=\"https:\/\/www.verba.lv\/wp-content\/uploads\/verba-volant-purior-rock-crystal.jpeg\" data-orig-size=\"1000,667\" data-comments-opened=\"\" data-image-meta=\"{&quot;aperture&quot;:&quot;5.6&quot;,&quot;credit&quot;:&quot;&quot;,&quot;camera&quot;:&quot;Canon EOS R6&quot;,&quot;caption&quot;:&quot;&quot;,&quot;created_timestamp&quot;:&quot;1771016297&quot;,&quot;copyright&quot;:&quot;&quot;,&quot;focal_length&quot;:&quot;90&quot;,&quot;iso&quot;:&quot;200&quot;,&quot;shutter_speed&quot;:&quot;0.00625&quot;,&quot;title&quot;:&quot;&quot;,&quot;orientation&quot;:&quot;1&quot;}\" data-image-title=\"verba-volant-purior-rock-crystal\" data-image-description=\"\" data-medium-file=\"https:\/\/www.verba.lv\/wp-content\/uploads\/verba-volant-purior-rock-crystal-400x267.jpeg\" data-large-file=\"https:\/\/www.verba.lv\/wp-content\/uploads\/verba-volant-purior-rock-crystal.jpeg\" src=\"https:\/\/i0.wp.com\/www.verba.lv\/wp-content\/uploads\/verba-volant-purior-rock-crystal.jpeg?w=246&#038;h=164&#038;ssl=1\" width=\"246\" height=\"164\" data-original-width=\"246\" data-original-height=\"164\" itemprop=\"http:\/\/schema.org\/image\" title=\"verba-volant-purior-rock-crystal\" alt=\"verba-volant-purior-rock-crystal\" style=\"width: 246px; height: 164px;\" \/> <\/div> <\/div> <!-- close group --> <\/div> <!-- close row --> <\/div>\n","protected":false},"excerpt":{"rendered":"<p>VOLANT Vieglums, caursp\u012bd\u012bgums, lidojuma saj\u016bta vienm\u0113r ir bijusi neat\u0146emama VERBA est\u0113tikas da\u013ca. Ar\u012b \u0161oreiz v\u0101rdu sp\u0113le, kas ietverta projekta nosaukum\u0101, nav nejau\u0161a. VERBA lido \u2014 rakst\u012btais paliek: simtiem un t\u016bksto\u0161iem v\u0113st\u012bjumu uz rot\u0101m par vissvar\u012bg\u0101kaj\u0101m cilv\u0113ka j\u016bt\u0101m un p\u0101rlaic\u012bg\u0101m v\u0113rt\u012bb\u0101m \u2014 m\u012blest\u012bbu un draudz\u012bbu, skaistumu un br\u012bv\u012bbu, filosofiju un ce\u013ca mekl\u0113jumiem. V\u0101rdi, kas ir vajadz\u012bgi [&hellip;]<\/p>\n","protected":false},"author":4,"featured_media":0,"parent":4549,"menu_order":0,"comment_status":"closed","ping_status":"closed","template":"","meta":{"jetpack_post_was_ever_published":false},"aioseo_notices":[],"jetpack_shortlink":"https:\/\/wp.me\/P41l5H-3uH","jetpack_sharing_enabled":true,"jetpack_likes_enabled":true,"_links":{"self":[{"href":"https:\/\/www.verba.lv\/lv\/wp-json\/wp\/v2\/pages\/13435"}],"collection":[{"href":"https:\/\/www.verba.lv\/lv\/wp-json\/wp\/v2\/pages"}],"about":[{"href":"https:\/\/www.verba.lv\/lv\/wp-json\/wp\/v2\/types\/page"}],"author":[{"embeddable":true,"href":"https:\/\/www.verba.lv\/lv\/wp-json\/wp\/v2\/users\/4"}],"replies":[{"embeddable":true,"href":"https:\/\/www.verba.lv\/lv\/wp-json\/wp\/v2\/comments?post=13435"}],"version-history":[{"count":3,"href":"https:\/\/www.verba.lv\/lv\/wp-json\/wp\/v2\/pages\/13435\/revisions"}],"predecessor-version":[{"id":13448,"href":"https:\/\/www.verba.lv\/lv\/wp-json\/wp\/v2\/pages\/13435\/revisions\/13448"}],"up":[{"embeddable":true,"href":"https:\/\/www.verba.lv\/lv\/wp-json\/wp\/v2\/pages\/4549"}],"wp:attachment":[{"href":"https:\/\/www.verba.lv\/lv\/wp-json\/wp\/v2\/media?parent=13435"}],"curies":[{"name":"wp","href":"https:\/\/api.w.org\/{rel}","templated":true}]}}