{"id":4549,"date":"2013-10-16T19:07:21","date_gmt":"2013-10-16T19:07:21","guid":{"rendered":"https:\/\/www.verba.lv\/collections\/"},"modified":"2021-03-22T08:54:24","modified_gmt":"2021-03-22T08:54:24","slug":"kolekcijas","status":"publish","type":"page","link":"https:\/\/www.verba.lv\/lv\/kolekcijas\/","title":{"rendered":"Kolekcijas"},"content":{"rendered":"<div class=\"wpb_row vc_row-fluid\">\n\t<div class=\"vc_span4 wpb_column column_container\">\n\t\t<div class=\"wpb_wrapper\">\n\t\t\t\n\t<div class=\"wpb_single_image wpb_content_element\">\n\t\t<div class=\"wpb_wrapper\">\n\t\t\t\n\t\t\t<a href=\"https:\/\/www.verba.lv\/lv\/kolekcijas\/verba\/\"><img src=\"https:\/\/www.verba.lv\/wp-content\/uploads\/verba-hexagon-silver-ring-250x167.gif\" width=\"250\" height=\"167\" alt=\"verba-hexagon-silver-ring\" \/><\/a>\n\t\t<\/div> \n\t<\/div> \n\t<div class=\"wpb_text_column wpb_content_element \">\n\t\t<div class=\"wpb_wrapper\">\n\t\t\t\n<p><strong>VERBA<\/strong><\/p>\n<p class=\"FreeForm\"><span lang=\"EN-US\">VERBA <\/span><span lang=\"EN-US\">\u2013 (no lat\u012b\u0146u <\/span><span lang=\"EN-US\">&#8220;<strong>v\u0101rdi<\/strong>&#8220;) ir galvenais iedvesmas avots, t\u0101d\u0113\u013c katra rota nes k\u0101du lat\u012b\u0146u v\u0101rdu vai fr\u0101zi. <\/span>Lat\u012b\u0146u valoda ar saviem dzi\u013cajiem un lakoniskajiem izteiksmes l\u012bdzek\u013ciem veido savdab\u012bgu kodu bezgal\u012bgaj\u0101 zi\u0146ojumu pl\u016bsm\u0101, kas non\u0101k l\u012bdz mums iekalti gredzenos, auskaros, bro\u0161\u0101s&#8230;<\/p>\n\n\t\t<\/div> \n\t<\/div> \n\t\t<\/div> \n\t<\/div> \n\n\t<div class=\"vc_span4 wpb_column column_container\">\n\t\t<div class=\"wpb_wrapper\">\n\t\t\t\n\t<div class=\"wpb_single_image wpb_content_element TERES\">\n\t\t<div class=\"wpb_wrapper\">\n\t\t\t\n\t\t\t<a href=\"\/lv\/kolekcijas\/gredzeni\/\"><img src=\"https:\/\/www.verba.lv\/wp-content\/uploads\/ring-omnia-vincit-amor-verba-250x167.jpg\" width=\"250\" height=\"167\" alt=\"verba-jewellery-jewelry-ring-omnia-vincit-amor-verba\" \/><\/a>\n\t\t<\/div> \n\t<\/div> \n\t<div class=\"wpb_text_column wpb_content_element \">\n\t\t<div class=\"wpb_wrapper\">\n\t\t\t\n<p><strong>TERES<\/strong><\/p>\n<p><span lang=\"EN-US\">TERES (no lat\u012b\u0146u \u201e<strong>noapa\u013cots<\/strong>\u201d) ir rotas ar akme\u0146iem, kas ir ar k\u0101 pa\u0161a oke\u0101na pul\u0113tiem seniem v\u0113st\u012bjumiem, r\u016bp\u012bgi izskalotiem krast\u0101 un gataviem padar\u012bt laim\u012bgu katru vi\u0146u atrad\u0113ju. Lat\u012b\u0146u fr\u0101zes atkl\u0101j katras rotas \u012bpa\u0161o noz\u012bmi\u00a0 &#8211; mazus nosl\u0113pumus, uzrakst\u012btus zem natur\u0101lo ametistu, akvamar\u012bnu, top\u0101zu un kalnu krist\u0101lu virsm\u0101m.<\/span><\/p>\n\n\t\t<\/div> \n\t<\/div> \n\t\t<\/div> \n\t<\/div> \n\n\t<div class=\"vc_span4 wpb_column column_container\">\n\t\t<div class=\"wpb_wrapper\">\n\t\t\t\n\t<div class=\"wpb_single_image wpb_content_element URSIS Little teddy bears have become universal favorites and great friends of humanity, suddenly finding themselves the heirs of the ancient cult of the bear, which existed in many cultures in the past The collection URSIS - charming bear images, through which we can give away our feelings to our loved ones, reminding oneself of something important, be happy and gain support\">\n\t\t<div class=\"wpb_wrapper\">\n\t\t\t\n\t\t\t<a href=\"https:\/\/www.verba.lv\/lv\/kolekcijas\/ursis\/\"><img src=\"https:\/\/www.verba.lv\/wp-content\/uploads\/earrings-bears-auskari-laci-verba-250x167.jpg\" width=\"250\" height=\"167\" alt=\"earrings-bears-auskari-laci-verba\" \/><\/a>\n\t\t<\/div> \n\t<\/div> \n\t<div class=\"wpb_text_column wpb_content_element \">\n\t\t<div class=\"wpb_wrapper\">\n\t\t\t\n<p><strong>URSIS<\/strong><\/p>\n<p><span lang=\"EN-US\">Par vienu no z\u012bmola viz\u012btkart\u0113m ir k\u013cuvusi kolekcija URSIS. Mazie pl\u012b\u0161a l\u0101\u010di k\u013cuvu\u0161i par visu iem\u012b\u013cotiem cilv\u0113ces draugiem, negaidot k\u013c\u016bstot par p\u0113cte\u010diem senam l\u0101\u010da kultam, kas eksist\u0113jis daudz\u0101m taut\u0101m pag\u0101tn\u0113.\u00a0<\/span>Kolekcija URSIS (no lat\u012b\u0146u &#8220;<strong>l\u0101\u010di<\/strong>&#8220;) ir apburo\u0161i l\u0101\u010du t\u0113li, ar kuru pal\u012bdz\u012bbu m\u0113s varam d\u0101vin\u0101t savas j\u016btas tuvajiem, atg\u0101din\u0101t sev par ko svar\u012bgu, priec\u0101ties un g\u016bt atbalstu.<\/p>\n\n\t\t<\/div> \n\t<\/div> \n\t\t<\/div> \n\t<\/div> \n<\/div><div class=\"wpb_row vc_row-fluid\">\n\t<div class=\"vc_span4 wpb_column column_container\">\n\t\t<div class=\"wpb_wrapper\">\n\t\t\t\n\t<div class=\"wpb_single_image wpb_content_element\">\n\t\t<div class=\"wpb_wrapper\">\n\t\t\t\n\t\t\t<a href=\"\/lv\/kolekcijas\/splendor\/\"><img src=\"https:\/\/www.verba.lv\/wp-content\/uploads\/splendor-winter-rings-verba-ogranka-gredzeni-250x167.jpg\" width=\"250\" height=\"167\" alt=\"splendor-winter-rings-verba-ogranka-gredzeni\" \/><\/a>\n\t\t<\/div> \n\t<\/div> \n\t<div class=\"wpb_text_column wpb_content_element \">\n\t\t<div class=\"wpb_wrapper\">\n\t\t\t\n<p><strong>SPLENDOR<\/strong><\/p>\n<p><span lang=\"EN-US\">Tikai reizi gad\u0101 rotu z\u012bmols Verba noliek mal\u0101 vienm\u0113r m\u012bl\u0113tos kaba\u0161ona formas\u00a0<\/span><span lang=\"EN-US\">akme\u0146us un piev\u0113r\u0161as mirdzo\u0161ajiem daudz\u0161\u0137aut\u0146u kalnu krist\u0101liem, top\u0101ziem, ametistiem un turmal\u012bniem. Tas notiek tie\u0161i t\u0101p\u0113c, lai sagaidot pirmo sniegu m\u0113s var\u0113tu iemirdz\u0113ties kop\u0101 pateicoties rotu kolekcijai SPLENDOR (no lat\u012b\u0146u valodas &#8220;<strong>sp\u012bdums, t\u012br\u012bba, burv\u012bgums, skaistums<\/strong>&#8220;).<\/span><span lang=\"EN-US\">\u00a0K\u0101 vienm\u0113r, katru izstr\u0101d\u0101jumu rot\u0101 k\u0101da\u00a0<\/span><span lang=\"EN-US\">lat\u012b\u0146u fr\u0101ze vai nov\u0113l\u0113jums, kuru patiesums sp\u0113j padar\u012bt katru akmeni par mazliet ma\u0123isku krist\u0101lu, kas k\u0101 mirdzo\u0161a sniegp\u0101rsla nolai\u017eas mums tie\u0161i rok\u0101s. Tikai t\u0101 neizk\u016bst, bet ilgi priec\u0113 ar savu gaismu sp\u0113li, atg\u0101dinot par br\u012bnumu.<\/span><\/p>\n\n\t\t<\/div> \n\t<\/div> \n\t\t<\/div> \n\t<\/div> \n\n\t<div class=\"vc_span4 wpb_column column_container\">\n\t\t<div class=\"wpb_wrapper\">\n\t\t\t\n\t<div class=\"wpb_single_image wpb_content_element\">\n\t\t<div class=\"wpb_wrapper\">\n\t\t\t\n\t\t\t<a href=\"\/lv\/kolekcijas\/compositio\/\"><img src=\"https:\/\/www.verba.lv\/wp-content\/uploads\/rings-gredzeni-spes-fiducia-caritas-faith-hope-love-250x167.gif\" width=\"250\" height=\"167\" alt=\"rings-gredzeni-spes-fiducia-caritas-faith-hope-love\" \/><\/a>\n\t\t<\/div> \n\t<\/div> \n\t<div class=\"wpb_text_column wpb_content_element \">\n\t\t<div class=\"wpb_wrapper\">\n\t\t\t\n<p><strong>COMPOSITIO<\/strong><\/p>\n<p><span lang=\"EN-US\">&#8220;Tic\u012bba, cer\u012bba, m\u012blest\u012bba; bet liel\u0101k\u0101 no t\u0101m ir m\u012blest\u012bba&#8221; \u2013 ar \u0161o cit\u0101tu no P\u0101vila 1. v\u0113stules Korintie\u0161iem z\u012bmols VERBA uzs\u0101k jaunu rotu l\u012bniju ar nosaukumu COMPOSITIO (no lat\u012b\u0146u valodas &#8220;<strong>apvieno\u0161ana<\/strong>&#8220;). Katru \u0161\u012bs kolekcijas gredzenu var valk\u0101t ne tikai patst\u0101v\u012bgi, bet ar\u012b \u0113rti kombin\u0113t sav\u0101 starp\u0101, veidojot katra pa\u0161a person\u012bgo akordu no kr\u0101sainiem akme\u0146iem, idej\u0101m un j\u0113dzieniem.\u00a0<\/span><span lang=\"EN-US\">Tic\u012bbu simboliz\u0113 caursp\u012bd\u012bgs kalnu krist\u0101ls, cer\u012bbu \u2013 roz\u0101 kvarcs, bet m\u012blest\u012bbu \u2013 sarkans turmal\u012bns.<\/span><\/p>\n\n\t\t<\/div> \n\t<\/div> \n\t\t<\/div> \n\t<\/div> \n\n\t<div class=\"vc_span4 wpb_column column_container\">\n\t\t<div class=\"wpb_wrapper\">\n\t\t\t\n\t<div class=\"wpb_single_image wpb_content_element\">\n\t\t<div class=\"wpb_wrapper\">\n\t\t\t\n\t\t\t<a href=\"https:\/\/www.verba.lv\/lv\/kolekcijas\/teres-2test\/\"><img src=\"https:\/\/www.verba.lv\/wp-content\/uploads\/aurora-glass-verba-rosae-pink-250x167.gif\" width=\"250\" height=\"167\" alt=\"aurora-glass-verba-rosae-pink\" \/><\/a>\n\t\t<\/div> \n\t<\/div> \n\t<div class=\"wpb_text_column wpb_content_element \">\n\t\t<div class=\"wpb_wrapper\">\n\t\t\t\n<p><strong>RES<\/strong><\/p>\n<p><span lang=\"EN-US\">Katrs dizaina elements, kur\u0161 atrodams kolekcij\u0101\u00a0<\/span><span lang=\"EN-US\">RES (no lat\u012b\u0146u valodas \u201c<strong>priek\u0161meti<\/strong>\u201c)<\/span><span lang=\"EN-US\"> at\u0161\u0137iras ar ask\u0113tisku minim\u0101lismu. Dizaineres galvenais iedvesmas avots ir fr\u0101zes un v\u0113l\u0113jumi lat\u012b\u0146u valod\u0101, kas atdz\u012bvina ant\u012bko trad\u012bciju par ikdieni\u0161\u0137u priek\u0161metu dekor\u0113\u0161anu ar iedvesmojo\u0161iem tekstiem. Kolekcija apvieno vienk\u0101r\u0161u un ikdieni\u0161\u0137u interjera elementu kopumu ar gaum\u012bgu dizainu, kuru veidojusi z\u012bmola dizainere Anna Fanigina. Taj\u0101 ietilpst ar rok\u0101m darin\u0101tas \u016bdens gl\u0101zes, sudraba gr\u0101matz\u012bmes un karotes, kas atspogu\u013co z\u012bmola galveno ideju par dizainu ar t\u012br\u0101m l\u012bnij\u0101m, nenom\u0101cot katra priek\u0161meta praktisko pielietojumu.<\/span><\/p>\n\n\t\t<\/div> \n\t<\/div> \n\t\t<\/div> \n\t<\/div> \n<\/div><div class=\"wpb_row vc_row-fluid\">\n\t<div class=\"vc_span4 wpb_column column_container\">\n\t\t<div class=\"wpb_wrapper\">\n\t\t\t\n\t<div class=\"wpb_single_image wpb_content_element\">\n\t\t<div class=\"wpb_wrapper\">\n\t\t\t\n\t\t\t<a href=\"https:\/\/www.verba.lv\/lv\/kolekcijas\/sakura\/\"><img src=\"https:\/\/www.verba.lv\/wp-content\/uploads\/SAKURA-kartina-250x167.gif\" width=\"250\" height=\"167\" alt=\"sakura-collection-verba-rose-quartz\" \/><\/a>\n\t\t<\/div> \n\t<\/div> \n\t<div class=\"wpb_text_column wpb_content_element \">\n\t\t<div class=\"wpb_wrapper\">\n\t\t\t\n<p><strong>SAKURA<\/strong><\/p>\n<p>Kolekcija SAKURA velt\u012bta ik pavasari ziedo\u0161ajiem sakuras kokiem. Katrs \u0161\u012bs kolekcijas gredzens ir k\u0101 ziedlapa v\u0113j\u0101, kas nes v\u0113st\u012bjumu lat\u012b\u0146u, sengrie\u0137u vai jap\u0101\u0146u valod\u0101 un, glu\u017ei k\u0101 senaj\u0101 jap\u0101\u0146u miera un harmonijas metafor\u0101 \u4e07\u91cc\u540c\u98a8 (\u201c<strong>t\u016bksto\u0161 j\u016bd\u017eu viens v\u0113j\u0161<\/strong>\u201d jap\u0101\u0146u valod\u0101), apvieno da\u017e\u0101das kult\u016bras un laikmetus!<\/p>\n\n\t\t<\/div> \n\t<\/div> \n\t\t<\/div> \n\t<\/div> \n\n\t<div class=\"vc_span4 wpb_column column_container\">\n\t\t<div class=\"wpb_wrapper\">\n\t\t\t\n\t<div class=\"wpb_single_image wpb_content_element TERES\">\n\t\t<div class=\"wpb_wrapper\">\n\t\t\t\n\t\t\t<a href=\"https:\/\/www.verba.lv\/lv\/kolekcijas\/analemma\/\"><img src=\"https:\/\/www.verba.lv\/wp-content\/uploads\/analemma-red-plexiglass-digna-rosa-silver-ring-250x167.gif\" width=\"250\" height=\"167\" alt=\"analemma-red-plexiglass-digna-rosa-silver-ring\" \/><\/a>\n\t\t<\/div> \n\t<\/div> \n\t<div class=\"wpb_text_column wpb_content_element \">\n\t\t<div class=\"wpb_wrapper\">\n\t\t\t\n<p><strong>ANALEMMA<\/strong><\/p>\n<p><span class=\"il\">ANALEMMA<\/span>\u00a0(\u201c<strong>pamats<\/strong>\u201d, grie\u0137u valod\u0101) \u2014 t\u0101 ir apbr\u012bnojama fig\u016bra, l\u012bdz\u012bga bezgal\u012bbas z\u012bmei, ko debes\u012bs rada saules disks viena gada garum\u0101, ja to v\u0113ro no viena un t\u0101 pa\u0161a punkta un vien\u0101 un taj\u0101 pa\u0161\u0101 laik\u0101. Analemmas saules diski, kas tiek \u201cprojec\u0113ti\u201d uz gredzeniem, k\u013c\u016bst par maz\u0101m personisk\u0101m saul\u0113m, kas izgaismo to valk\u0101t\u0101ju ikdienu.<\/p>\n\n\t\t<\/div> \n\t<\/div> \n\t\t<\/div> \n\t<\/div> \n\n\t<div class=\"vc_span4 wpb_column column_container\">\n\t\t<div class=\"wpb_wrapper\">\n\t\t\t\n\t<div class=\"wpb_single_image wpb_content_element\">\n\t\t<div class=\"wpb_wrapper\">\n\t\t\t\n\t\t\t<a href=\"https:\/\/www.verba.lv\/lv\/kolekcijas\/greek\/\"><img src=\"https:\/\/www.verba.lv\/wp-content\/uploads\/verba-silver-ring-greek-aquamarine-250x167.gif\" width=\"250\" height=\"167\" alt=\"verba-silver-ring-greek-aquamarine\" \/><\/a>\n\t\t<\/div> \n\t<\/div> \n\t<div class=\"wpb_text_column wpb_content_element \">\n\t\t<div class=\"wpb_wrapper\">\n\t\t\t\n<p><strong>\u03bd\u03b5\u1ff6\u03bd \u03ba\u03b1\u03c4\u03ac\u03bb\u03bf\u03b3\u03bf\u03c2<\/strong><\/p>\n<p>Gredzenu kolekcija \u03bd\u03b5\u1ff6\u03bd \u03ba\u03b1\u03c4\u03ac\u03bb\u03bf\u03b3\u03bf\u03c2 (\u201c<strong>ku\u0123u saraksts<\/strong>\u201d sengrie\u0137u valod\u0101) ir velt\u012bjums Sen\u0101s Grie\u0137ijas kult\u016brai, ar v\u0113lmi sajust t\u0101s atsauces m\u016bsdien\u0101s gan tie\u0161\u0101, gan p\u0101rnest\u0101 noz\u012bm\u0113. Kolekcij\u0101, k\u0101 simboli nelieliem ku\u0123iem, ir sudraba un elektra (zelta un sudraba sakaus\u0113juma) gredzeni, kas var aizce\u013cot ar jums un palikt uz rokas k\u0101 ce\u013cabiedrs ikdienas prieku un r\u016bpju vi\u013c\u0146os.<\/p>\n\n\t\t<\/div> \n\t<\/div> \n\t\t<\/div> \n\t<\/div> \n<\/div><div class=\"wpb_row vc_row-fluid\">\n\t<div class=\"vc_span4 wpb_column column_container\">\n\t\t<div class=\"wpb_wrapper\">\n\t\t\t\n\t<div class=\"wpb_single_image wpb_content_element\">\n\t\t<div class=\"wpb_wrapper\">\n\t\t\t\n\t\t\t<a href=\"https:\/\/www.verba.lv\/lv\/izstades\/regicide\/\"><img src=\"https:\/\/www.verba.lv\/wp-content\/uploads\/verba-lenalumelsky-regicide-marie-antoinette-verba-anna-fanigina-250x167.jpg\" width=\"250\" height=\"167\" alt=\"verba-lenalumelsky-regicide-marie-antoinette-verba-anna-fanigina\" \/><\/a>\n\t\t<\/div> \n\t<\/div> \n\t<div class=\"wpb_text_column wpb_content_element \">\n\t\t<div class=\"wpb_wrapper\">\n\t\t\t\n<p><strong>REGICIDE<\/strong><\/p>\n<p>Special collection for fashion designer Lena Lumelsky. Collection <strong>REGICIDE<\/strong> is made in memory of six queens and princesses from different times in history, who were murdered: Anna Boleyn, Lady Jane Grey, Mary Stuart, Marie Antoinette, Sisi Elisabeth of Austria and Anastasia Romanova.\u00a0Jewelry collection is inspired by letters, written not long before their death. Almost accidental words, written by hand of each of them, engraved on glass or silver, give us the possibility to \u201chear\u201d this farewell whisper: love expression, parting words to dear ones, kisses, message about last presents, thoughts about eternal life.<\/p>\n\n\t\t<\/div> \n\t<\/div> \n\t\t<\/div> \n\t<\/div> \n\n\t<div class=\"vc_span4 wpb_column column_container\">\n\t\t<div class=\"wpb_wrapper\">\n\t\t\t\n\t<div class=\"wpb_single_image wpb_content_element TERES\">\n\t\t<div class=\"wpb_wrapper\">\n\t\t\t\n\t\t\t<a href=\"https:\/\/www.verba.lv\/lv\/kolekcijas\/venezia\/\"><img src=\"https:\/\/www.verba.lv\/wp-content\/uploads\/verba-silver-ring-venecia-biblioteca-veneziana-250x167.gif\" width=\"250\" height=\"167\" alt=\"\" \/><\/a>\n\t\t<\/div> \n\t<\/div> \n\t<div class=\"wpb_text_column wpb_content_element \">\n\t\t<div class=\"wpb_wrapper\">\n\t\t\t\n<p><strong>BIBLIOTECA VENEZIANA<\/strong><\/p>\n<p>BIBLIOTECA VENEZIANA (&#8220;<strong>ven\u0113cie\u0161u bibliot\u0113ka<\/strong>&#8221; it\u0101\u013cu valod\u0101) ir kolekcija, kur\u0101 uz klasiskajiem z\u012bmola VERBA rotu dizainiem par\u0101d\u0101s dzejas un prozas cit\u0101ti fran\u010du, ang\u013cu, krievu, it\u0101\u013cu un sp\u0101\u0146u valod\u0101s. V\u0101rdi, kas velt\u012bti \u0161ai pils\u0113tai. Paldies par pal\u012bdz\u012bbu kolekcijas rad\u012b\u0161an\u0101 dizainere saka: Marcel Proust, \u0418\u0432\u0430\u043d \u0411\u0443\u043d\u0438\u043d, Paul Morand, \u041d\u0438\u043a\u043e\u043b\u0430\u0439 \u0413\u0443\u043c\u0438\u043b\u0435\u0432, Thomas Mann, \u0418\u043e\u0441\u0438\u0444 \u0411\u0440\u043e\u0434\u0441\u043a\u0438\u0439, Henry Wadsworth, \u0410\u043d\u043d\u0430 \u0410\u0445\u043c\u0430\u0442\u043e\u0432\u0430, Lord Bayron, Jorge Luis Borges un daudziem citiem.<\/p>\n\n\t\t<\/div> \n\t<\/div> \n\t\t<\/div> \n\t<\/div> \n\n\t<div class=\"vc_span4 wpb_column column_container\">\n\t\t<div class=\"wpb_wrapper\">\n\t\t\t\n\t<div class=\"wpb_single_image wpb_content_element\">\n\t\t<div class=\"wpb_wrapper\">\n\t\t\t\n\t\t\t<a href=\"https:\/\/www.verba.lv\/lv\/kolekcijas\/tangere\/\"><img src=\"https:\/\/www.verba.lv\/wp-content\/uploads\/MOTUS-AMORE-2-verba-tangere-250x167.gif\" width=\"250\" height=\"167\" alt=\"verba-tangere-silver-ring-rock-crystal-garnet\" \/><\/a>\n\t\t<\/div> \n\t<\/div> \n\t<div class=\"wpb_text_column wpb_content_element \">\n\t\t<div class=\"wpb_wrapper\">\n\t\t\t\n<p><strong>TANGERE<\/strong><\/p>\n<p>Rotu kolekcijas TANGERE (&#8220;<strong>tango<\/strong>&#8221; lat\u012b\u0146u valod\u0101) ideja radusies pateicoties z\u012bmola dizaineres Annas Faniginas ilggad\u0113jai aizraut\u012bbai ar tango. Caursp\u012bd\u012bgie kalnu krist\u0101li ir k\u0101 dejas patiesuma atspulgs, tum\u0161ie rauhtop\u0101zi simboliz\u0113 koncentr\u0113\u0161anos, roz\u0101 kvarci ieskic\u0113 maigumu un visa pamats jeb m\u012blest\u012bba ir k\u0101 sarkanv\u012bns pies\u0101tin\u0101tie gran\u0101ti.<\/p>\n\n\t\t<\/div> \n\t<\/div> \n\t\t<\/div> \n\t<\/div> \n\n\t<div class=\"vc_span4 wpb_column column_container\">\n\t\t<div class=\"wpb_wrapper\">\n\t\t\t\n\t\t<\/div> \n\t<\/div> \n\n\t<div class=\"vc_span4 wpb_column column_container\">\n\t\t<div class=\"wpb_wrapper\">\n\t\t\t\n\t\t<\/div> \n\t<\/div> \n<\/div><div class=\"wpb_row vc_row-fluid\">\n\t<div class=\"vc_span12 wpb_column column_container\">\n\t\t<div class=\"wpb_wrapper\">\n\t\t\t\n\t\t<\/div> \n\t<\/div> \n<\/div>\n","protected":false},"excerpt":{"rendered":"VERBA VERBA \u2013 (no lat\u012b\u0146u \"v\u0101rdi\") ir galvenais iedvesmas avots, t\u0101d\u0113\u013c katra rota nes k\u0101du lat\u012b\u0146u v\u0101rdu vai fr\u0101zi. Lat\u012b\u0146u valoda ar saviem dzi\u013cajiem un lakoniskajiem izteiksmes l\u012bdzek\u013ciem veido savdab\u012bgu kodu bezgal\u012bgaj\u0101 zi\u0146ojumu pl\u016bsm\u0101, kas non\u0101k l\u012bdz mums iekalti gredzenos, auskaros, bro\u0161\u0101s... TERES TERES (no lat\u012b\u0146u \u201enoapa\u013cots\u201d) ir rotas ar akme\u0146iem, kas ir ar k\u0101 [...]","protected":false},"author":1,"featured_media":0,"parent":0,"menu_order":11,"comment_status":"closed","ping_status":"closed","template":"","meta":{"jetpack_post_was_ever_published":false},"aioseo_notices":[],"jetpack_shortlink":"https:\/\/wp.me\/P41l5H-1bn","jetpack_sharing_enabled":true,"jetpack_likes_enabled":true,"_links":{"self":[{"href":"https:\/\/www.verba.lv\/lv\/wp-json\/wp\/v2\/pages\/4549"}],"collection":[{"href":"https:\/\/www.verba.lv\/lv\/wp-json\/wp\/v2\/pages"}],"about":[{"href":"https:\/\/www.verba.lv\/lv\/wp-json\/wp\/v2\/types\/page"}],"author":[{"embeddable":true,"href":"https:\/\/www.verba.lv\/lv\/wp-json\/wp\/v2\/users\/1"}],"replies":[{"embeddable":true,"href":"https:\/\/www.verba.lv\/lv\/wp-json\/wp\/v2\/comments?post=4549"}],"version-history":[{"count":49,"href":"https:\/\/www.verba.lv\/lv\/wp-json\/wp\/v2\/pages\/4549\/revisions"}],"predecessor-version":[{"id":7883,"href":"https:\/\/www.verba.lv\/lv\/wp-json\/wp\/v2\/pages\/4549\/revisions\/7883"}],"wp:attachment":[{"href":"https:\/\/www.verba.lv\/lv\/wp-json\/wp\/v2\/media?parent=4549"}],"curies":[{"name":"wp","href":"https:\/\/api.w.org\/{rel}","templated":true}]}}