{"id":6683,"date":"2019-06-17T08:32:54","date_gmt":"2019-06-17T08:32:54","guid":{"rendered":"https:\/\/www.verba.lv\/a-priori\/"},"modified":"2022-03-24T11:31:40","modified_gmt":"2022-03-24T11:31:40","slug":"a-priori","status":"publish","type":"page","link":"https:\/\/www.verba.lv\/lv\/a-priori\/","title":{"rendered":"A PRIORI 2019"},"content":{"rendered":"<p style=\"text-align: center;\"><strong>A PRIORI, 2019<\/strong><\/p>\n<p style=\"text-align: justify;\">&#8220;A priori&#8221; ir Rotu m\u0101kslas biedr\u012bbas pirm\u0101 izst\u0101de, kas notika 2019. gada no 21. j\u016bnija l\u012bdz 28. j\u016blijam C\u0113su izst\u0101\u017eu nam\u0101. J\u0113dzieni a priori un a posteriori tiek lietoti filozofij\u0101, lai no\u0161\u0137irtu divus zin\u0101\u0161anu veidus, a priori zin\u0101\u0161anas ir neatkar\u012bgas no pieredzes. Tie\u0161i \u0161\u0101ds bija Rotu m\u0101kslas biedr\u012bbas pirm\u0101s izst\u0101des izejas punkts &#8211; izst\u0101des dal\u012bbnieki vienojas jaun\u0101 komp\u0101nij\u0101, neatkar\u012bgi no iepriek\u0161\u0113j\u0101s pieredzes. Kop\u012bgi apvienojas gan pieredz\u0113ju\u0161ie un sabiedr\u012bb\u0101 paz\u012bstamie, gan jaunie, tikko studijas beigu\u0161ie m\u0101kslinieki. Izst\u0101d\u0113 tiks demonstr\u0113ti jauni darbi, rad\u012bti tie\u0161i izst\u0101dei C\u0113s\u012bs.<br \/>\nRotu m\u0101kslas biedr\u012bba nodibin\u0101ta 2018.gada s\u0101kum\u0101, lai apvienotu rotu m\u0101ksl\u0101 darbojo\u0161\u0101s rado\u0161\u0101s personas un \u012bstenotu sev un sabiedr\u012bbai svar\u012bgas idejas. Biedr\u012bbas m\u0113r\u0137os ietilpst ar\u012b inform\u0101cijas un pieredzes apmai\u0146as veicin\u0101\u0161ana, kop\u012bgu ar rotu m\u0101kslas jomu saist\u012btu pas\u0101kumu organiz\u0113\u0161ana, rotu m\u0101kslas populariz\u0113\u0161ana viet\u0113j\u0101 un starptautisk\u0101 m\u0113rog\u0101. Inform\u0101cijas uzkr\u0101\u0161ana un glab\u0101\u0161ana ir v\u0113l viens no biedr\u012bbas izaicin\u0101jumiem. Biedr\u012bba pl\u0101no ar\u012b sadarboties ar izgl\u012bt\u012bbas iest\u0101d\u0113m, stud\u0113jo\u0161ajiem un m\u0101c\u012bbu sp\u0113kiem, piesaist\u012bt finans\u0113jumu ar nozari saist\u012btiem projektiem, un sadarboties ar radniec\u012bg\u0101m organiz\u0101cij\u0101m.<\/p>\n<p style=\"text-align: justify;\">Izst\u0101d\u0113 piedal\u0101s: M\u0101ris Auni\u0146\u0161, J\u0101nis Brants, Valdis Bro\u017ee, Vladislavs \u010cistjakovs, Anna Fanigina, Ginta Gr\u016bbe, Andris Lauders, Guntis Lauders, Una Mikuda, Rasma Pu\u0161pure, P\u0113teris Ripa, Anita Savicka, Laura Selecka, Darja Semjonova, Jelizaveta Suska, M\u0101ris \u0160usti\u0146\u0161, Paula Treimane, Zane Vilka, J\u0101nis Vilks, Maija V\u012btola-Zitmane.<br \/>\nTeksts: Ginta Gr\u016bbe<\/p>\n<p>Izst\u0101des:<br \/>\n2019.gada 20.j\u016bnijs l\u012bdz 28.j\u016blijs, C\u0113su izst\u0101\u017eu nams, C\u0113sis, Latvija<\/p>\n<p>&nbsp;<\/p>\n<div class=\"tiled-gallery type-rectangular tiled-gallery-unresized\" data-original-width=\"500\" data-carousel-extra='{&quot;blog_id&quot;:1,&quot;permalink&quot;:&quot;https:\\\/\\\/www.verba.lv\\\/lv\\\/a-priori\\\/&quot;,&quot;likes_blog_id&quot;:59424749}' itemscope itemtype=\"http:\/\/schema.org\/ImageGallery\" > <div class=\"gallery-row\" style=\"width: 500px; height: 316px;\" data-original-width=\"500\" data-original-height=\"316\" > <div class=\"gallery-group images-1\" style=\"width: 274px; height: 316px;\" data-original-width=\"274\" data-original-height=\"316\" > <div class=\"tiled-gallery-item tiled-gallery-item-large\" itemprop=\"associatedMedia\" itemscope itemtype=\"http:\/\/schema.org\/ImageObject\"> <meta itemprop=\"width\" content=\"270\"> <meta itemprop=\"height\" content=\"312\"> <img data-attachment-id=\"6197\" data-orig-file=\"https:\/\/www.verba.lv\/wp-content\/uploads\/analemma-verba-pendant-sun-rose.gif\" data-orig-size=\"1000,1155\" data-comments-opened=\"\" data-image-meta=\"{&quot;aperture&quot;:&quot;0&quot;,&quot;credit&quot;:&quot;&quot;,&quot;camera&quot;:&quot;&quot;,&quot;caption&quot;:&quot;&quot;,&quot;created_timestamp&quot;:&quot;0&quot;,&quot;copyright&quot;:&quot;&quot;,&quot;focal_length&quot;:&quot;0&quot;,&quot;iso&quot;:&quot;0&quot;,&quot;shutter_speed&quot;:&quot;0&quot;,&quot;title&quot;:&quot;&quot;,&quot;orientation&quot;:&quot;0&quot;}\" data-image-title=\"\" data-image-description=\"\" data-medium-file=\"https:\/\/www.verba.lv\/wp-content\/uploads\/analemma-verba-pendant-sun-rose-346x400.gif\" data-large-file=\"https:\/\/www.verba.lv\/wp-content\/uploads\/analemma-verba-pendant-sun-rose-887x1024.gif\" src=\"https:\/\/i0.wp.com\/www.verba.lv\/wp-content\/uploads\/analemma-verba-pendant-sun-rose.gif?w=270&#038;h=312&#038;ssl=1\" width=\"270\" height=\"312\" data-original-width=\"270\" data-original-height=\"312\" itemprop=\"http:\/\/schema.org\/image\" title=\"\" alt=\"analemma-verba-pendant-sun-rose\" style=\"width: 270px; height: 312px;\" \/> <div class=\"tiled-gallery-caption\" itemprop=\"caption description\"> ANALEMMA \u2014 a magnificent figure similar to the eternity sign that is made by the movement of the Sun for one year as you observe it from the same place at the same time. <\/div> <\/div> <\/div> <!-- close group --> <div class=\"gallery-group images-1\" style=\"width: 226px; height: 316px;\" data-original-width=\"226\" data-original-height=\"316\" > <div class=\"tiled-gallery-item tiled-gallery-item-small\" itemprop=\"associatedMedia\" itemscope itemtype=\"http:\/\/schema.org\/ImageObject\"> <meta itemprop=\"width\" content=\"222\"> <meta itemprop=\"height\" content=\"312\"> <img data-attachment-id=\"6203\" data-orig-file=\"https:\/\/www.verba.lv\/wp-content\/uploads\/verba-apriori-cesis-plakat.gif\" data-orig-size=\"711,1000\" data-comments-opened=\"\" data-image-meta=\"{&quot;aperture&quot;:&quot;0&quot;,&quot;credit&quot;:&quot;&quot;,&quot;camera&quot;:&quot;&quot;,&quot;caption&quot;:&quot;&quot;,&quot;created_timestamp&quot;:&quot;0&quot;,&quot;copyright&quot;:&quot;&quot;,&quot;focal_length&quot;:&quot;0&quot;,&quot;iso&quot;:&quot;0&quot;,&quot;shutter_speed&quot;:&quot;0&quot;,&quot;title&quot;:&quot;&quot;,&quot;orientation&quot;:&quot;0&quot;}\" data-image-title=\"\" data-image-description=\"\" data-medium-file=\"https:\/\/www.verba.lv\/wp-content\/uploads\/verba-apriori-cesis-plakat-284x400.gif\" data-large-file=\"https:\/\/www.verba.lv\/wp-content\/uploads\/verba-apriori-cesis-plakat.gif\" src=\"https:\/\/i0.wp.com\/www.verba.lv\/wp-content\/uploads\/verba-apriori-cesis-plakat.gif?w=222&#038;h=312&#038;ssl=1\" width=\"222\" height=\"312\" data-original-width=\"222\" data-original-height=\"312\" itemprop=\"http:\/\/schema.org\/image\" title=\"\" alt=\" verba-apriori-cesis-exhibition\" style=\"width: 222px; height: 312px;\" \/> <\/div> <\/div> <!-- close group --> <\/div> <!-- close row --> <div class=\"gallery-row\" style=\"width: 500px; height: 224px;\" data-original-width=\"500\" data-original-height=\"224\" > <div class=\"gallery-group images-1\" style=\"width: 334px; height: 224px;\" data-original-width=\"334\" data-original-height=\"224\" > <div class=\"tiled-gallery-item tiled-gallery-item-large\" itemprop=\"associatedMedia\" itemscope itemtype=\"http:\/\/schema.org\/ImageObject\"> <meta itemprop=\"width\" content=\"330\"> <meta itemprop=\"height\" content=\"220\"> <img data-attachment-id=\"6567\" data-orig-file=\"https:\/\/www.verba.lv\/wp-content\/uploads\/analemma-necklake-verba-collection-anna-fanigina-sun.gif\" data-orig-size=\"1001,667\" data-comments-opened=\"\" data-image-meta=\"{&quot;aperture&quot;:&quot;0&quot;,&quot;credit&quot;:&quot;&quot;,&quot;camera&quot;:&quot;&quot;,&quot;caption&quot;:&quot;&quot;,&quot;created_timestamp&quot;:&quot;0&quot;,&quot;copyright&quot;:&quot;&quot;,&quot;focal_length&quot;:&quot;0&quot;,&quot;iso&quot;:&quot;0&quot;,&quot;shutter_speed&quot;:&quot;0&quot;,&quot;title&quot;:&quot;&quot;,&quot;orientation&quot;:&quot;0&quot;}\" data-image-title=\"\" data-image-description=\"\" data-medium-file=\"https:\/\/www.verba.lv\/wp-content\/uploads\/analemma-necklake-verba-collection-anna-fanigina-sun-400x267.gif\" data-large-file=\"https:\/\/www.verba.lv\/wp-content\/uploads\/analemma-necklake-verba-collection-anna-fanigina-sun.gif\" src=\"https:\/\/i0.wp.com\/www.verba.lv\/wp-content\/uploads\/analemma-necklake-verba-collection-anna-fanigina-sun.gif?w=330&#038;h=220&#038;ssl=1\" width=\"330\" height=\"220\" data-original-width=\"330\" data-original-height=\"220\" itemprop=\"http:\/\/schema.org\/image\" title=\"\" alt=\"analemma-necklace-verba-collection-anna-fanigina-sun\" style=\"width: 330px; height: 220px;\" \/> <div class=\"tiled-gallery-caption\" itemprop=\"caption description\"> Sol qui purpureo diffundit lumine terras,Sol cui uernanti tellus respirat odorem,Sol cui picta uirent fecundo gramine prata,Sol speculum caeli, diuini numinis instar,Sol semper iuuenis, rapidum qui diudit axem,Sol facies mundi caelique uolubile centrum;Sol Liber, Sol alma Ceres, Sol Iuppiter ipse,Sol albor Triuiae, insunt cui numina mille,Sol qui quadriiugo diffundit lumina curru,Sol Hyperionio fulget matutinus in ortu,Sol reddit cum luce diem, cum pingit Olympum;Sol cui surgenti resonat lyra blanda canorem,Sol cui mergenti seruat maris unda teporem;Sol aestas autumnus hiems, Sol uer quoque gratum,Sol saeclum mensisque, dies Sol, annus et hora,Sol globus aethereus, haec est lux aurea mundi;Sol bonus agricolis, nautis quoque prosper in undis,Sol repetit, quaecumque potest transcendere, semper;Sol cui perpetuo pallescunt sidera motu,Sol cui tranquillo resplendet lumine pontus,Sol cui cuncta licet rapido lustrate calore:Sol mundi caelique decus, Sol omnibus idem,Sol noctis lucisque decus, Sol finis et ortus. \/ Sun, who diffuses with crimson light on the lands,Sun, who renewing himself, the earth breathes again a new breath,Sun, through whom the painted meadows grow (abundant) with fertile grass,Sun, the mirror of heaven, resemblance of the divine might,Sun, forever young, who adorns the swift pole (of heaven),Sun, the face of the world and the revolving circuit of heaven,Sun is Liber, Sun is mother Ceres, Sun is Jupiter himself, Sun is also the splendour of Trivia, within whom there are a thousand names,Sun, who sends out lights from his quadriga, Sun also shines in the morning in Hyperborean rising,Sun returns day with light, when he paints Olympus. Sun is summer, autumn, winter, Sun is also beloved spring, Sun is century and month, the day is Sun, (as are) year and hour,Sun is the ethereal sphere, the same is the golden light of the world,Sun is good to farmers, and beneficial to seamen on the waves,Sun tackles again what it can pass forever. Sun, (in comparison) to whom the stars in serene motion pale, Sun, to whom the sea reflects back tranquil light,Sun, to whom it is permitted to illuminate all things with fierce heat, \u00a0Sun, the one to whom, as he rises, the flattering lyre sends forth a melody, Sun, the one for whom, when he sets, the waves of the ocean preserve his heat, Sun is the glory of world and heaven, Sun is one for all, Sun is the glory of night and light, Sun is the end and the beginning. \/ \u0421\u043e\u043b\u043d\u0446\u0435, \u0447\u0435\u0439 \u043f\u0443\u0440\u043f\u0443\u0440\u043d\u044b\u0439 \u0441\u0432\u0435\u0442 \u0437\u0430\u043b\u0438\u0432\u0430\u0435\u0442 \u0437\u0435\u043c\u043d\u044b\u0435 \u043f\u0440\u0435\u0434\u0435\u043b\u044b,\u2028\u0421\u043e\u043b\u043d\u0446\u0435, \u043f\u0440\u0435\u0434 \u043a\u0435\u043c \u0437\u0435\u043c\u043b\u044f \u0430\u0440\u043e\u043c\u0430\u0442\u0430\u043c\u0438 \u0432\u0435\u0448\u043d\u0438\u043c\u0438 \u0434\u044b\u0448\u0438\u0442,\u2028\u0421\u043e\u043b\u043d\u0446\u0435, \u043f\u0440\u0435\u0434 \u043a\u0435\u043c \u043b\u0443\u0433\u0430 \u0437\u0435\u043b\u0435\u043d\u0435\u044e\u0442 \u0441\u043e\u0447\u043d\u043e\u0439 \u0442\u0440\u0430\u0432\u043e\u044e,\u2028\u0421\u043e\u043b\u043d\u0446\u0435, \u0437\u0435\u0440\u0446\u0430\u043b\u043e \u043d\u0435\u0431\u0435\u0441, \u043f\u043e\u0434\u043e\u0431\u0438\u0435 \u0431\u043e\u0436\u0435\u0441\u043a\u043e\u0439 \u043c\u043e\u0449\u0438,\u2028\u0421\u043e\u043b\u043d\u0446\u0435, \u043b\u0438\u043a \u043c\u0438\u0440\u043e\u0437\u0434\u0430\u043d\u044c\u044f, \u043e\u043a\u0440\u0443\u0433\u043b\u0430\u044f \u0445\u0440\u0430\u043c\u0438\u043d\u0430 \u043d\u0435\u0431\u0430,\u2028\u0421\u043e\u043b\u043d\u0446\u0435, \u044e\u043d\u044b\u0439 \u0431\u043e\u0433, \u043a\u043e\u043b\u0435\u0441\u043d\u0438\u0447\u043d\u044b\u043c \u043f\u0440\u0430\u0432\u044f\u0449\u0438\u0439 \u0431\u0435\u0433\u043e\u043c,\u2028\u0421\u043e\u043b\u043d\u0446\u0435 &#8211; \u041b\u0438\u0431\u0435\u0440, \u0421\u043e\u043b\u043d\u0446\u0435 &#8211; \u0426\u0435\u0440\u0435\u0440\u0430, \u0421\u043e\u043b\u043d\u0446\u0435 &#8211; \u042e\u043f\u0438\u0442\u0435\u0440,\u2028\u0421\u043e\u043b\u043d\u0446\u0435 &#8211; \u0422\u0440\u0438\u0432\u0438\u0438\u00a0\u0431\u0440\u0430\u0442, \u0443 \u043a\u043e\u0435\u0439 \u0442\u044b\u0441\u044f\u0447\u0430 \u043f\u0440\u043e\u0437\u0432\u0438\u0449,\u2028\u0421\u043e\u043b\u043d\u0446\u0435, \u0447\u044c\u044f \u0447\u0435\u0442\u0432\u0435\u0440\u043d\u044f \u0440\u0430\u0437\u043b\u0438\u0432\u0430\u0435\u0442 \u0441\u0438\u044f\u043d\u044c\u0435 \u0432 \u043f\u043e\u043b\u0435\u0442\u0435,\u2028\u0421\u043e\u043b\u043d\u0446\u0435 \u0438 \u0433\u0438\u043f\u0435\u0440\u0431\u043e\u0440\u0435\u0439\u0441\u043a\u0443\u044e \u043d\u043e\u0447\u044c \u0441\u043c\u0435\u043d\u044f\u0435\u0442 \u0440\u0430\u0441\u0441\u0432\u0435\u0442\u043e\u043c,\u2028\u0421\u043e\u043b\u043d\u0446\u0435, \u041e\u043b\u0438\u043c\u043f\u0430 \u043a\u0440\u0430\u0441\u0430, \u0432\u044b\u0432\u043e\u0434\u0438\u0442 \u043d\u0430\u043c \u0434\u043d\u0438 \u0437\u043e\u0440\u0435\u0432\u044b\u0435,\u2028\u0421\u043e\u043b\u043d\u0446\u0435 &#8211; \u043b\u0435\u0442\u043e, \u043e\u0441\u0435\u043d\u044c, \u0437\u0438\u043c\u0430 \u0438 \u0432\u0435\u0441\u0435\u043d\u043d\u044f\u044f \u0441\u043b\u0430\u0434\u043e\u0441\u0442\u044c,\u2028\u0421\u043e\u043b\u043d\u0446\u0435 &#8211; \u0447\u0430\u0441 \u0438 \u0434\u0435\u043d\u044c \u0438 \u043c\u0435\u0441\u044f\u0446 \u0438 \u0433\u043e\u0434 \u0438 \u0441\u0442\u043e\u043b\u0435\u0442\u044c\u0435,\u2028\u0421\u043e\u043b\u043d\u0446\u0435 &#8211; \u044d\u0444\u0438\u0440\u043d\u044b\u0439 \u0448\u0430\u0440, \u0437\u043e\u043b\u043e\u0442\u043e\u0435 \u0441\u0438\u044f\u043b\u0438\u0449\u0435 \u043c\u0438\u0440\u0430,\u2028\u0421\u043e\u043b\u043d\u0446\u0435 &#8211; \u0434\u0440\u0443\u0433 \u043f\u043e\u0441\u0435\u043b\u044f\u043d, \u043d\u0430\u0434\u0435\u0436\u0434\u0430 \u043f\u043b\u043e\u0432\u0446\u0430 \u0432 \u043e\u043a\u0435\u0430\u043d\u0435,\u2028\u0421\u043e\u043b\u043d\u0446\u0435, \u0432\u0441\u0435 \u043c\u0438\u043d\u043e\u0432\u0430\u0432, \u043a\u043e \u0432\u0441\u0435\u043c\u0443 \u0432\u043e\u0437\u0432\u0440\u0430\u0449\u0430\u0435\u0442\u0441\u044f \u0441\u043d\u043e\u0432\u0430,\u2028\u0421\u043e\u043b\u043d\u0446\u0435, \u043f\u0440\u0435\u0434 \u043a\u0435\u043c \u0431\u043b\u0435\u0434\u043d\u044b \u043d\u0430 \u043a\u0440\u0443\u0433\u0430\u0445 \u0441\u0432\u043e\u0438\u0445 \u044f\u0441\u043d\u044b\u0435 \u0437\u0432\u0435\u0437\u0434\u044b,\u2028\u0421\u043e\u043b\u043d\u0446\u0435, \u043a\u043e\u0442\u043e\u0440\u043e\u043c\u0443 \u043f\u043e\u043d\u0442 \u043e\u0442\u0432\u0435\u0442\u0441\u0442\u0432\u0443\u0435\u0442 \u0440\u043e\u0432\u043d\u044b\u043c \u0441\u0432\u0435\u0440\u043a\u0430\u043d\u044c\u0435\u043c,\u2028\u0421\u043e\u043b\u043d\u0446\u0435 \u0432\u0441\u0435\u043c\u0443 \u043e\u0447\u0438\u0449\u0435\u043d\u044c\u0435 \u043d\u0435\u0441\u0435\u0442 \u0441\u0442\u0440\u0435\u043c\u0438\u0442\u0435\u043b\u044c\u043d\u044b\u043c \u0436\u0430\u0440\u043e\u043c -\u2028\u0421\u043e\u043b\u043d\u0446\u0435, \u043d\u0430 \u0447\u044c\u0435\u043c \u0432\u043e\u0441\u0445\u043e\u0434\u0435 \u043f\u043e\u044e\u0442 \u043b\u0438\u0432\u0438\u0439\u0441\u043a\u0438\u0435 \u0432\u043e\u043b\u043d\u044b,\u2028\u0421\u043e\u043b\u043d\u0446\u0435, \u043d\u0430 \u0447\u044c\u0435\u043c \u0437\u0430\u043a\u0430\u0442\u0435 \u043c\u043e\u0440\u044f \u043d\u0430\u0441\u044b\u0449\u0430\u044e\u0442\u0441\u044f \u0436\u0430\u0440\u043e\u043c,\u2028\u0421\u043e\u043b\u043d\u0446\u0435, \u043c\u0438\u0440\u0430 \u0438 \u043d\u0435\u0431\u0430 \u043a\u0440\u0430\u0441\u0430, \u0434\u043b\u044f \u0432\u0441\u0435\u0445 \u0442\u044b \u0435\u0434\u0438\u043d\u043e,\u2028\u0421\u043e\u043b\u043d\u0446\u0435 &#8211; \u0431\u043e\u0433 \u043d\u043e\u0447\u0435\u0439 \u0438 \u0434\u043d\u0435\u0439, \u043a\u043e\u043d\u0435\u0446 \u0438 \u043d\u0430\u0447\u0430\u043b\u043e. <\/div> <\/div> <\/div> <!-- close group --> <div class=\"gallery-group images-2\" style=\"width: 166px; height: 224px;\" data-original-width=\"166\" data-original-height=\"224\" > <div class=\"tiled-gallery-item tiled-gallery-item-small\" itemprop=\"associatedMedia\" itemscope itemtype=\"http:\/\/schema.org\/ImageObject\"> <meta itemprop=\"width\" content=\"162\"> <meta itemprop=\"height\" content=\"108\"> <img data-attachment-id=\"8015\" data-orig-file=\"https:\/\/www.verba.lv\/wp-content\/uploads\/anna-fanigina-apriori-analemma-pendants.jpg\" data-orig-size=\"1000,667\" data-comments-opened=\"\" data-image-meta=\"{&quot;aperture&quot;:&quot;0&quot;,&quot;credit&quot;:&quot;&quot;,&quot;camera&quot;:&quot;&quot;,&quot;caption&quot;:&quot;&quot;,&quot;created_timestamp&quot;:&quot;0&quot;,&quot;copyright&quot;:&quot;&quot;,&quot;focal_length&quot;:&quot;0&quot;,&quot;iso&quot;:&quot;0&quot;,&quot;shutter_speed&quot;:&quot;0&quot;,&quot;title&quot;:&quot;&quot;,&quot;orientation&quot;:&quot;0&quot;}\" data-image-title=\"\" data-image-description=\"&lt;p&gt;C\u0113sis 21.06.2019&lt;\/p&gt; \" data-medium-file=\"https:\/\/www.verba.lv\/wp-content\/uploads\/anna-fanigina-apriori-analemma-pendants-400x267.jpg\" data-large-file=\"https:\/\/www.verba.lv\/wp-content\/uploads\/anna-fanigina-apriori-analemma-pendants.jpg\" src=\"https:\/\/i0.wp.com\/www.verba.lv\/wp-content\/uploads\/anna-fanigina-apriori-analemma-pendants.jpg?w=162&#038;h=108&#038;ssl=1\" width=\"162\" height=\"108\" data-original-width=\"162\" data-original-height=\"108\" itemprop=\"http:\/\/schema.org\/image\" title=\"\" alt=\"anna-fanigina-apriori-analemma-pendants\" style=\"width: 162px; height: 108px;\" \/> <div class=\"tiled-gallery-caption\" itemprop=\"caption description\"> C\u0113sis 21.06.2019 <\/div> <\/div> <div class=\"tiled-gallery-item tiled-gallery-item-small\" itemprop=\"associatedMedia\" itemscope itemtype=\"http:\/\/schema.org\/ImageObject\"> <meta itemprop=\"width\" content=\"162\"> <meta itemprop=\"height\" content=\"108\"> <img data-attachment-id=\"6959\" data-orig-file=\"https:\/\/www.verba.lv\/wp-content\/uploads\/anna-fanigina-apriori-cesis.gif\" data-orig-size=\"1000,668\" data-comments-opened=\"\" data-image-meta=\"{&quot;aperture&quot;:&quot;0&quot;,&quot;credit&quot;:&quot;&quot;,&quot;camera&quot;:&quot;&quot;,&quot;caption&quot;:&quot;&quot;,&quot;created_timestamp&quot;:&quot;0&quot;,&quot;copyright&quot;:&quot;&quot;,&quot;focal_length&quot;:&quot;0&quot;,&quot;iso&quot;:&quot;0&quot;,&quot;shutter_speed&quot;:&quot;0&quot;,&quot;title&quot;:&quot;&quot;,&quot;orientation&quot;:&quot;0&quot;}\" data-image-title=\"\" data-image-description=\"\" data-medium-file=\"https:\/\/www.verba.lv\/wp-content\/uploads\/anna-fanigina-apriori-cesis-400x267.gif\" data-large-file=\"https:\/\/www.verba.lv\/wp-content\/uploads\/anna-fanigina-apriori-cesis.gif\" src=\"https:\/\/i0.wp.com\/www.verba.lv\/wp-content\/uploads\/anna-fanigina-apriori-cesis.gif?w=162&#038;h=108&#038;ssl=1\" width=\"162\" height=\"108\" data-original-width=\"162\" data-original-height=\"108\" itemprop=\"http:\/\/schema.org\/image\" title=\"\" alt=\"anna-fanigina-apriori-cesis\" style=\"width: 162px; height: 108px;\" \/> <div class=\"tiled-gallery-caption\" itemprop=\"caption description\"> C\u0113sis 21.06.2019 <\/div> <\/div> <\/div> <!-- close group --> <\/div> <!-- close row --> <div class=\"gallery-row\" style=\"width: 500px; height: 335px;\" data-original-width=\"500\" data-original-height=\"335\" > <div class=\"gallery-group images-1\" style=\"width: 500px; height: 335px;\" data-original-width=\"500\" data-original-height=\"335\" > <div class=\"tiled-gallery-item tiled-gallery-item-large\" itemprop=\"associatedMedia\" itemscope itemtype=\"http:\/\/schema.org\/ImageObject\"> <meta itemprop=\"width\" content=\"496\"> <meta itemprop=\"height\" content=\"331\"> <img data-attachment-id=\"6962\" data-orig-file=\"https:\/\/www.verba.lv\/wp-content\/uploads\/anna-fanigina-apriori-cesis-exhibition-group.gif\" data-orig-size=\"1000,668\" data-comments-opened=\"\" data-image-meta=\"{&quot;aperture&quot;:&quot;0&quot;,&quot;credit&quot;:&quot;&quot;,&quot;camera&quot;:&quot;&quot;,&quot;caption&quot;:&quot;&quot;,&quot;created_timestamp&quot;:&quot;0&quot;,&quot;copyright&quot;:&quot;&quot;,&quot;focal_length&quot;:&quot;0&quot;,&quot;iso&quot;:&quot;0&quot;,&quot;shutter_speed&quot;:&quot;0&quot;,&quot;title&quot;:&quot;&quot;,&quot;orientation&quot;:&quot;0&quot;}\" data-image-title=\"\" data-image-description=\"\" data-medium-file=\"https:\/\/www.verba.lv\/wp-content\/uploads\/anna-fanigina-apriori-cesis-exhibition-group-400x267.gif\" data-large-file=\"https:\/\/www.verba.lv\/wp-content\/uploads\/anna-fanigina-apriori-cesis-exhibition-group.gif\" src=\"https:\/\/i0.wp.com\/www.verba.lv\/wp-content\/uploads\/anna-fanigina-apriori-cesis-exhibition-group.gif?w=496&#038;h=331&#038;ssl=1\" width=\"496\" height=\"331\" data-original-width=\"496\" data-original-height=\"331\" itemprop=\"http:\/\/schema.org\/image\" title=\"\" alt=\"anna-fanigina-apriori-cesis-exhibition-group\" style=\"width: 496px; height: 331px;\" \/> <div class=\"tiled-gallery-caption\" itemprop=\"caption description\"> C\u0113sis 21.06.2019 <\/div> <\/div> <\/div> <!-- close group --> <\/div> <!-- close row --> <\/div>\n<p>&nbsp;<\/p>\n<p>&nbsp;<\/p>\n<p>&nbsp;<\/p>\n","protected":false},"excerpt":{"rendered":"<p>A PRIORI, 2019 &#8220;A priori&#8221; ir Rotu m\u0101kslas biedr\u012bbas pirm\u0101 izst\u0101de, kas notika 2019. gada no 21. j\u016bnija l\u012bdz 28. j\u016blijam C\u0113su izst\u0101\u017eu nam\u0101. J\u0113dzieni a priori un a posteriori tiek lietoti filozofij\u0101, lai no\u0161\u0137irtu divus zin\u0101\u0161anu veidus, a priori zin\u0101\u0161anas ir neatkar\u012bgas no pieredzes. Tie\u0161i \u0161\u0101ds bija Rotu m\u0101kslas biedr\u012bbas pirm\u0101s izst\u0101des izejas punkts [&hellip;]<\/p>\n","protected":false},"author":4,"featured_media":0,"parent":0,"menu_order":0,"comment_status":"closed","ping_status":"closed","template":"","meta":{"jetpack_post_was_ever_published":false},"aioseo_notices":[],"jetpack_shortlink":"https:\/\/wp.me\/P41l5H-1JN","jetpack_sharing_enabled":true,"jetpack_likes_enabled":true,"_links":{"self":[{"href":"https:\/\/www.verba.lv\/lv\/wp-json\/wp\/v2\/pages\/6683"}],"collection":[{"href":"https:\/\/www.verba.lv\/lv\/wp-json\/wp\/v2\/pages"}],"about":[{"href":"https:\/\/www.verba.lv\/lv\/wp-json\/wp\/v2\/types\/page"}],"author":[{"embeddable":true,"href":"https:\/\/www.verba.lv\/lv\/wp-json\/wp\/v2\/users\/4"}],"replies":[{"embeddable":true,"href":"https:\/\/www.verba.lv\/lv\/wp-json\/wp\/v2\/comments?post=6683"}],"version-history":[{"count":10,"href":"https:\/\/www.verba.lv\/lv\/wp-json\/wp\/v2\/pages\/6683\/revisions"}],"predecessor-version":[{"id":9775,"href":"https:\/\/www.verba.lv\/lv\/wp-json\/wp\/v2\/pages\/6683\/revisions\/9775"}],"wp:attachment":[{"href":"https:\/\/www.verba.lv\/lv\/wp-json\/wp\/v2\/media?parent=6683"}],"curies":[{"name":"wp","href":"https:\/\/api.w.org\/{rel}","templated":true}]}}