{"id":6704,"date":"2016-01-25T16:58:45","date_gmt":"2016-01-25T16:58:45","guid":{"rendered":"https:\/\/www.verba.lv\/contacts-2\/"},"modified":"2023-03-17T11:06:05","modified_gmt":"2023-03-17T11:06:05","slug":"kontakti","status":"publish","type":"page","link":"https:\/\/www.verba.lv\/lv\/kontakti\/","title":{"rendered":"KONTAKTI"},"content":{"rendered":"<p style=\"text-align: center;\">mundus@verba.lv<\/p>\n<p style=\"text-align: center;\">+371\u00a029199083<\/p>\n<p style=\"text-align: center;\">+371 29763288<\/p>\n<p style=\"text-align: center;\"><span style=\"color: #3366ff;\"><span style=\"color: #000000;\">Instagram:<\/span> <a href=\"https:\/\/www.instagram.com\/verba_mundus\/\">@verba_mundus<\/a><\/span><\/p>\n<p style=\"text-align: center;\">Facebook: <a href=\"https:\/\/www.facebook.com\/verba.mundus\/?fref=ts\" target=\"_blank\" rel=\"noopener noreferrer\">Verba Mundus<\/a><\/p>\n<p style=\"text-align: center;\">VERBA studija \u2014 Artil\u0113rijas 40 (p\u0113c iepriek\u0161\u0113jas vieno\u0161an\u0101s)<\/p>\n","protected":false},"excerpt":{"rendered":"<p>mundus@verba.lv +371\u00a029199083 +371 29763288 Instagram: @verba_mundus Facebook: Verba Mundus VERBA studija \u2014 Artil\u0113rijas 40 (p\u0113c iepriek\u0161\u0113jas vieno\u0161an\u0101s)<\/p>\n","protected":false},"author":4,"featured_media":0,"parent":0,"menu_order":7,"comment_status":"closed","ping_status":"closed","template":"","meta":{"jetpack_post_was_ever_published":false},"aioseo_notices":[],"jetpack_shortlink":"https:\/\/wp.me\/P41l5H-1K8","jetpack_sharing_enabled":true,"jetpack_likes_enabled":true,"_links":{"self":[{"href":"https:\/\/www.verba.lv\/lv\/wp-json\/wp\/v2\/pages\/6704"}],"collection":[{"href":"https:\/\/www.verba.lv\/lv\/wp-json\/wp\/v2\/pages"}],"about":[{"href":"https:\/\/www.verba.lv\/lv\/wp-json\/wp\/v2\/types\/page"}],"author":[{"embeddable":true,"href":"https:\/\/www.verba.lv\/lv\/wp-json\/wp\/v2\/users\/4"}],"replies":[{"embeddable":true,"href":"https:\/\/www.verba.lv\/lv\/wp-json\/wp\/v2\/comments?post=6704"}],"version-history":[{"count":5,"href":"https:\/\/www.verba.lv\/lv\/wp-json\/wp\/v2\/pages\/6704\/revisions"}],"predecessor-version":[{"id":10749,"href":"https:\/\/www.verba.lv\/lv\/wp-json\/wp\/v2\/pages\/6704\/revisions\/10749"}],"wp:attachment":[{"href":"https:\/\/www.verba.lv\/lv\/wp-json\/wp\/v2\/media?parent=6704"}],"curies":[{"name":"wp","href":"https:\/\/api.w.org\/{rel}","templated":true}]}}