{"id":6714,"date":"2016-03-19T22:38:14","date_gmt":"2016-03-19T22:38:14","guid":{"rendered":"https:\/\/www.verba.lv\/publications\/video\/"},"modified":"2025-07-10T07:31:38","modified_gmt":"2025-07-10T07:31:38","slug":"video","status":"publish","type":"page","link":"https:\/\/www.verba.lv\/lv\/publications\/video\/","title":{"rendered":"VIDEO"},"content":{"rendered":"<p style=\"text-align: center;\">VERBA dizainere Anna Fanigina st\u0101sta par modern\u0101m tendenc\u0113m ant\u012bko rotu valk\u0101\u0161an\u0101 intervij\u0101 Latvijas televizijai<\/p>\n<p style=\"text-align: center;\"><iframe loading=\"lazy\" src=\"\/\/www.youtube.com\/embed\/grXE0NiXQ-0?si=a-zziPpb_vdcIUsi\" width=\"640\" height=\"314\" allowfullscreen=\"allowfullscreen\"><\/iframe><\/p>\n<p>&nbsp;<\/p>\n<p style=\"text-align: center;\">VERBA dizainere Anna Fanigina st\u0101sta par piekt\u043e Latvijas Rotu M\u0101kslas Biedr\u012bbas izst\u0101di \u201cIzt\u0113lojies. Miers\u201d.<\/p>\n<p style=\"text-align: center;\">https:\/\/replay.lsm.lv\/lv\/skaties\/ieraksts\/ltv\/276160\/iztelojies-miers-rotu-izstade-celo-uz-virtualo-galeriju?fbclid=IwQ0xDSwLcNVUBHYDiF7xMnc92hH3yxO2YjpP2yAyUFm-yjrp87H5RbOYpO_PbwGD88Hy-Cg<\/p>\n<p>&nbsp;<\/p>\n<p style=\"text-align: center;\">VERBA dizainere Anna Fanigina dal\u0101s ar gredzenu kolekcijas CARPE DIEM (&#8221;\u0136er dienu&#8221;) pamatideju. \u0160\u012b kolekcija tapusi \u012bpa\u0161i Rotu m\u0101kslas biedr\u012bbas kolekt\u012bvajai izst\u0101dei DIENASGR\u0100MATA.<\/p>\n<p><span class=\"embed-youtube\" style=\"text-align:center; display: block;\"><iframe loading=\"lazy\" class=\"youtube-player\" width=\"640\" height=\"360\" src=\"https:\/\/www.youtube.com\/embed\/hWyZ9L3hNCI?version=3&#038;rel=1&#038;showsearch=0&#038;showinfo=1&#038;iv_load_policy=1&#038;fs=1&#038;hl=lv-LV&#038;autohide=2&#038;wmode=transparent\" allowfullscreen=\"true\" style=\"border:0;\" sandbox=\"allow-scripts allow-same-origin allow-popups allow-presentation\"><\/iframe><\/span><\/p>\n<p style=\"text-align: center;\">\u201cOne quick wish by VERBA\u201d \u00a0video by Yulia Lanina @laninamood<\/p>\n<p><span class=\"embed-youtube\" style=\"text-align:center; display: block;\"><iframe loading=\"lazy\" class=\"youtube-player\" width=\"640\" height=\"360\" src=\"https:\/\/www.youtube.com\/embed\/9jtQbOSoNTk?version=3&#038;rel=1&#038;showsearch=0&#038;showinfo=1&#038;iv_load_policy=1&#038;fs=1&#038;hl=lv-LV&#038;autohide=2&#038;wmode=transparent\" allowfullscreen=\"true\" style=\"border:0;\" sandbox=\"allow-scripts allow-same-origin allow-popups allow-presentation\"><\/iframe><\/span><\/p>\n<p>&nbsp;<\/p>\n<p style=\"text-align: center;\">\u0413\u043e\u0441\u0442\u044c\u044f \u043f\u0440\u043e\u0433\u0440\u0430\u043c\u043c\u044b &#8220;\u0417\u0435\u043b\u0435\u043d\u0430\u044f \u043b\u0430\u043c\u043f\u0430&#8221; \u043d\u0430 \u0440\u0430\u0434\u0438\u043e Baltkom \u2014 \u0434\u0438\u0437\u0430\u0439\u043d\u0435\u0440 \u0443\u043a\u0440\u0430\u0448\u0435\u043d\u0438\u0439 \u0410\u043d\u043d\u0430 \u0424\u0430\u043d\u044b\u0433\u0438\u043d\u0430. 13.11.2020<\/p>\n<p><span class=\"embed-youtube\" style=\"text-align:center; display: block;\"><iframe loading=\"lazy\" class=\"youtube-player\" width=\"640\" height=\"360\" src=\"https:\/\/www.youtube.com\/embed\/4aewmowtTCc?version=3&#038;rel=1&#038;showsearch=0&#038;showinfo=1&#038;iv_load_policy=1&#038;fs=1&#038;hl=lv-LV&#038;autohide=2&#038;wmode=transparent\" allowfullscreen=\"true\" style=\"border:0;\" sandbox=\"allow-scripts allow-same-origin allow-popups allow-presentation\"><\/iframe><\/span><\/p>\n<p>&nbsp;<\/p>\n<p style=\"text-align: center;\">Project &#8220;Uno Come Nessuno&#8221; by Salvatore Macr\u00ec at the Associazione OROINCENTRI \/ Spazio MAGMALAB, Rome.\u00a0Meeting with designer Anna Fanigina. 13.05.2019<\/p>\n<p><span class=\"embed-youtube\" style=\"text-align:center; display: block;\"><iframe loading=\"lazy\" class=\"youtube-player\" width=\"640\" height=\"360\" src=\"https:\/\/www.youtube.com\/embed\/uj2prCilTS8?version=3&#038;rel=1&#038;showsearch=0&#038;showinfo=1&#038;iv_load_policy=1&#038;fs=1&#038;hl=lv-LV&#038;autohide=2&#038;wmode=transparent\" allowfullscreen=\"true\" style=\"border:0;\" sandbox=\"allow-scripts allow-same-origin allow-popups allow-presentation\"><\/iframe><\/span><\/p>\n<p>&nbsp;<\/p>\n<p style=\"text-align: center;\">Interview by Riccardo Soriano with VERBA designer Anna Fanigina\u00a0in Rome,\u00a0dedicated to the exhibition \u03bd\u03b5\u1ff6\u03bd \u03ba\u03b1\u03c4\u03ac\u03bb\u03bf\u03b3\u03bf\u03c2 (&#8220;Catalogue of Ships&#8221;). 08.09.2019<\/p>\n<p><span class=\"embed-youtube\" style=\"text-align:center; display: block;\"><iframe loading=\"lazy\" class=\"youtube-player\" width=\"640\" height=\"360\" src=\"https:\/\/www.youtube.com\/embed\/zuzv90y66cg?version=3&#038;rel=1&#038;showsearch=0&#038;showinfo=1&#038;iv_load_policy=1&#038;fs=1&#038;hl=lv-LV&#038;autohide=2&#038;wmode=transparent\" allowfullscreen=\"true\" style=\"border:0;\" sandbox=\"allow-scripts allow-same-origin allow-popups allow-presentation\"><\/iframe><\/span><\/p>\n<p>&nbsp;<\/p>\n<p style=\"text-align: center;\">Venice Design Week 2017, exhibition &#8221;Catalogue Of Ships&#8221; by VERBA designer Anna Fanigina<\/p>\n<p><span class=\"embed-youtube\" style=\"text-align:center; display: block;\"><iframe loading=\"lazy\" class=\"youtube-player\" width=\"640\" height=\"360\" src=\"https:\/\/www.youtube.com\/embed\/elGdExUi0EQ?version=3&#038;rel=1&#038;showsearch=0&#038;showinfo=1&#038;iv_load_policy=1&#038;fs=1&#038;hl=lv-LV&#038;autohide=2&#038;wmode=transparent\" allowfullscreen=\"true\" style=\"border:0;\" sandbox=\"allow-scripts allow-same-origin allow-popups allow-presentation\"><\/iframe><\/span><\/p>\n<p>&nbsp;<\/p>\n<p style=\"text-align: center;\">TV RIGA 24, &#8221;Tete-a-Tete ar R\u012bgu&#8221;, 27.05.2017<\/p>\n<p><span class=\"embed-youtube\" style=\"text-align:center; display: block;\"><iframe loading=\"lazy\" class=\"youtube-player\" width=\"640\" height=\"360\" src=\"https:\/\/www.youtube.com\/embed\/jBaNB35UxOo?version=3&#038;rel=1&#038;showsearch=0&#038;showinfo=1&#038;iv_load_policy=1&#038;fs=1&#038;hl=lv-LV&#038;autohide=2&#038;wmode=transparent\" allowfullscreen=\"true\" style=\"border:0;\" sandbox=\"allow-scripts allow-same-origin allow-popups allow-presentation\"><\/iframe><\/span><\/p>\n<p>&nbsp;<\/p>\n<p style=\"text-align: center;\">&#8220;V\u0101rds Dizainam IV&#8221;, 16.03.2016<\/p>\n<p><span class=\"embed-youtube\" style=\"text-align:center; display: block;\"><iframe loading=\"lazy\" class=\"youtube-player\" width=\"640\" height=\"360\" src=\"https:\/\/www.youtube.com\/embed\/jJvi6rpQOTU?version=3&#038;rel=1&#038;showsearch=0&#038;showinfo=1&#038;iv_load_policy=1&#038;fs=1&#038;hl=lv-LV&#038;autohide=2&#038;wmode=transparent\" allowfullscreen=\"true\" style=\"border:0;\" sandbox=\"allow-scripts allow-same-origin allow-popups allow-presentation\"><\/iframe><\/span><\/p>\n<p>&nbsp;<\/p>\n<p style=\"text-align: center;\">VERBA \u2013 10 gadi!<\/p>\n<p><span class=\"embed-youtube\" style=\"text-align:center; display: block;\"><iframe loading=\"lazy\" class=\"youtube-player\" width=\"640\" height=\"360\" src=\"https:\/\/www.youtube.com\/embed\/TGRi17B1Qvc?version=3&#038;rel=1&#038;showsearch=0&#038;showinfo=1&#038;iv_load_policy=1&#038;fs=1&#038;hl=lv-LV&#038;autohide=2&#038;wmode=transparent\" allowfullscreen=\"true\" style=\"border:0;\" sandbox=\"allow-scripts allow-same-origin allow-popups allow-presentation\"><\/iframe><\/span><\/p>\n<p>&nbsp;<\/p>\n<p style=\"text-align: center;\">LTV, &#8220;R\u012bta Panor\u0101ma&#8221;, 25.11.2015<\/p>\n<p><span class=\"embed-youtube\" style=\"text-align:center; display: block;\"><iframe loading=\"lazy\" class=\"youtube-player\" width=\"640\" height=\"360\" src=\"https:\/\/www.youtube.com\/embed\/_CnzG3D51I8?version=3&#038;rel=1&#038;showsearch=0&#038;showinfo=1&#038;iv_load_policy=1&#038;fs=1&#038;hl=lv-LV&#038;autohide=2&#038;wmode=transparent\" allowfullscreen=\"true\" style=\"border:0;\" sandbox=\"allow-scripts allow-same-origin allow-popups allow-presentation\"><\/iframe><\/span><\/p>\n<p>&nbsp;<\/p>\n<p style=\"text-align: center;\">LTV, &#8220;R\u012bta Panor\u0101ma&#8221;, 07.04.2014<\/p>\n<p><span class=\"embed-youtube\" style=\"text-align:center; display: block;\"><iframe loading=\"lazy\" class=\"youtube-player\" width=\"640\" height=\"360\" src=\"https:\/\/www.youtube.com\/embed\/wvVj8JVHQa4?version=3&#038;rel=1&#038;showsearch=0&#038;showinfo=1&#038;iv_load_policy=1&#038;fs=1&#038;hl=lv-LV&#038;autohide=2&#038;wmode=transparent\" allowfullscreen=\"true\" style=\"border:0;\" sandbox=\"allow-scripts allow-same-origin allow-popups allow-presentation\"><\/iframe><\/span><\/p>\n<p>&nbsp;<\/p>\n<p style=\"text-align: center;\">MIX TV &#8220;\u041b\u0438\u0447\u043d\u043e\u0435 \u0423\u0442\u0440\u043e&#8221;, 09.2013<\/p>\n<p><span class=\"embed-youtube\" style=\"text-align:center; display: block;\"><iframe loading=\"lazy\" class=\"youtube-player\" width=\"640\" height=\"360\" src=\"https:\/\/www.youtube.com\/embed\/G4KqPpYIhYI?version=3&#038;rel=1&#038;showsearch=0&#038;showinfo=1&#038;iv_load_policy=1&#038;fs=1&#038;hl=lv-LV&#038;autohide=2&#038;wmode=transparent\" allowfullscreen=\"true\" style=\"border:0;\" sandbox=\"allow-scripts allow-same-origin allow-popups allow-presentation\"><\/iframe><\/span><\/p>\n<p>&nbsp;<\/p>\n<p style=\"text-align: center;\">MIX TV, \u041d\u043e\u0432\u043e\u0441\u0442\u0438, 18.01.2013<\/p>\n<p><span class=\"embed-youtube\" style=\"text-align:center; display: block;\"><iframe loading=\"lazy\" class=\"youtube-player\" width=\"640\" height=\"360\" src=\"https:\/\/www.youtube.com\/embed\/U8jdYIMMXxw?version=3&#038;rel=1&#038;showsearch=0&#038;showinfo=1&#038;iv_load_policy=1&#038;fs=1&#038;hl=lv-LV&#038;autohide=2&#038;wmode=transparent\" allowfullscreen=\"true\" style=\"border:0;\" sandbox=\"allow-scripts allow-same-origin allow-popups allow-presentation\"><\/iframe><\/span><\/p>\n<p>&nbsp;<\/p>\n<p style=\"text-align: center;\">\u041f\u0411\u041a, \u041d\u043e\u0432\u043e\u0441\u0442\u0438, 09.2012<\/p>\n<p><span class=\"embed-youtube\" style=\"text-align:center; display: block;\"><iframe loading=\"lazy\" class=\"youtube-player\" width=\"640\" height=\"360\" src=\"https:\/\/www.youtube.com\/embed\/6K21XnP-s0w?version=3&#038;rel=1&#038;showsearch=0&#038;showinfo=1&#038;iv_load_policy=1&#038;fs=1&#038;hl=lv-LV&#038;autohide=2&#038;wmode=transparent\" allowfullscreen=\"true\" style=\"border:0;\" sandbox=\"allow-scripts allow-same-origin allow-popups allow-presentation\"><\/iframe><\/span><\/p>\n<p>&nbsp;<\/p>\n<p style=\"text-align: center;\">Lithuanian TV, News, 06.2010<\/p>\n<p><span class=\"embed-youtube\" style=\"text-align:center; display: block;\"><iframe loading=\"lazy\" class=\"youtube-player\" width=\"640\" height=\"360\" src=\"https:\/\/www.youtube.com\/embed\/6tbhVJocoHI?version=3&#038;rel=1&#038;showsearch=0&#038;showinfo=1&#038;iv_load_policy=1&#038;fs=1&#038;hl=lv-LV&#038;autohide=2&#038;wmode=transparent\" allowfullscreen=\"true\" style=\"border:0;\" sandbox=\"allow-scripts allow-same-origin allow-popups allow-presentation\"><\/iframe><\/span><\/p>\n","protected":false},"excerpt":{"rendered":"<p>VERBA dizainere Anna Fanigina st\u0101sta par modern\u0101m tendenc\u0113m ant\u012bko rotu valk\u0101\u0161an\u0101 intervij\u0101 Latvijas televizijai &nbsp; VERBA dizainere Anna Fanigina st\u0101sta par piekt\u043e Latvijas Rotu M\u0101kslas Biedr\u012bbas izst\u0101di \u201cIzt\u0113lojies. Miers\u201d. https:\/\/replay.lsm.lv\/lv\/skaties\/ieraksts\/ltv\/276160\/iztelojies-miers-rotu-izstade-celo-uz-virtualo-galeriju?fbclid=IwQ0xDSwLcNVUBHYDiF7xMnc92hH3yxO2YjpP2yAyUFm-yjrp87H5RbOYpO_PbwGD88Hy-Cg &nbsp; VERBA dizainere Anna Fanigina dal\u0101s ar gredzenu kolekcijas CARPE DIEM (&#8221;\u0136er dienu&#8221;) pamatideju. \u0160\u012b kolekcija tapusi \u012bpa\u0161i Rotu m\u0101kslas biedr\u012bbas kolekt\u012bvajai izst\u0101dei DIENASGR\u0100MATA. \u201cOne [&hellip;]<\/p>\n","protected":false},"author":4,"featured_media":0,"parent":6708,"menu_order":5,"comment_status":"closed","ping_status":"closed","template":"","meta":{"jetpack_post_was_ever_published":false},"aioseo_notices":[],"jetpack_shortlink":"https:\/\/wp.me\/P41l5H-1Ki","jetpack_sharing_enabled":true,"jetpack_likes_enabled":true,"_links":{"self":[{"href":"https:\/\/www.verba.lv\/lv\/wp-json\/wp\/v2\/pages\/6714"}],"collection":[{"href":"https:\/\/www.verba.lv\/lv\/wp-json\/wp\/v2\/pages"}],"about":[{"href":"https:\/\/www.verba.lv\/lv\/wp-json\/wp\/v2\/types\/page"}],"author":[{"embeddable":true,"href":"https:\/\/www.verba.lv\/lv\/wp-json\/wp\/v2\/users\/4"}],"replies":[{"embeddable":true,"href":"https:\/\/www.verba.lv\/lv\/wp-json\/wp\/v2\/comments?post=6714"}],"version-history":[{"count":11,"href":"https:\/\/www.verba.lv\/lv\/wp-json\/wp\/v2\/pages\/6714\/revisions"}],"predecessor-version":[{"id":12755,"href":"https:\/\/www.verba.lv\/lv\/wp-json\/wp\/v2\/pages\/6714\/revisions\/12755"}],"up":[{"embeddable":true,"href":"https:\/\/www.verba.lv\/lv\/wp-json\/wp\/v2\/pages\/6708"}],"wp:attachment":[{"href":"https:\/\/www.verba.lv\/lv\/wp-json\/wp\/v2\/media?parent=6714"}],"curies":[{"name":"wp","href":"https:\/\/api.w.org\/{rel}","templated":true}]}}