{"id":6736,"date":"2016-01-27T17:21:25","date_gmt":"2016-01-27T17:21:25","guid":{"rendered":"https:\/\/www.verba.lv\/kolekcijas\/gredzeni\/teres-cufflinks\/"},"modified":"2021-06-01T10:39:35","modified_gmt":"2021-06-01T10:39:35","slug":"teres-cufflinks","status":"publish","type":"page","link":"https:\/\/www.verba.lv\/lv\/kolekcijas\/gredzeni\/teres-cufflinks\/","title":{"rendered":"TERES cufflinks"},"content":{"rendered":"<p style=\"text-align: center;\"><a href=\"https:\/\/shop.verba.lv\/category\/teres-collection\"><strong>TERES<\/strong><\/a><\/p>\n<p style=\"text-align: justify;\">TERES (no lat\u012b\u0146u \u201e<strong>noapa\u013cots<\/strong>\u201d) ir rotas ar akme\u0146iem, kas ir ar k\u0101 pa\u0161a oke\u0101na pul\u0113tiem seniem v\u0113st\u012bjumiem, r\u016bp\u012bgi izskalotiem krast\u0101 un gataviem padar\u012bt laim\u012bgu katru vi\u0146u atrad\u0113ju. Lat\u012b\u0146u fr\u0101zes atkl\u0101j katras rotas \u012bpa\u0161o noz\u012bmi \u00a0&#8211; mazus nosl\u0113pumus, uzrakst\u012btus zem natur\u0101lo ametistu, akvamar\u012bnu, top\u0101zu un kalnu krist\u0101lu virsm\u0101m.<\/p>\n<p>J<span lang=\"lv-LV\">\u016bs varat ieg\u0101d\u0101ties rotas no TERES kolekcijas m\u016bsu e-veikal\u0101 <a href=\"https:\/\/shop.verba.lv\/category\/teres-collection\"><span style=\"text-decoration: underline;\">\u0160<\/span><\/a><\/span><span style=\"text-decoration: underline;\">EIT<\/span>.<\/p>\n<div class=\"tiled-gallery type-rectangular tiled-gallery-unresized\" data-original-width=\"500\" data-carousel-extra='{&quot;blog_id&quot;:1,&quot;permalink&quot;:&quot;https:\\\/\\\/www.verba.lv\\\/lv\\\/kolekcijas\\\/gredzeni\\\/teres-cufflinks\\\/&quot;,&quot;likes_blog_id&quot;:59424749}' itemscope itemtype=\"http:\/\/schema.org\/ImageGallery\" > <div class=\"gallery-row\" style=\"width: 500px; height: 224px;\" data-original-width=\"500\" data-original-height=\"224\" > <div class=\"gallery-group images-1\" style=\"width: 334px; height: 224px;\" data-original-width=\"334\" data-original-height=\"224\" > <div class=\"tiled-gallery-item tiled-gallery-item-large\" itemprop=\"associatedMedia\" itemscope itemtype=\"http:\/\/schema.org\/ImageObject\"> <meta itemprop=\"width\" content=\"330\"> <meta itemprop=\"height\" content=\"220\"> <img data-attachment-id=\"5293\" data-orig-file=\"https:\/\/www.verba.lv\/wp-content\/uploads\/cufflinks-dignus-adorari-verba.jpg\" data-orig-size=\"1000,667\" data-comments-opened=\"\" data-image-meta=\"{&quot;aperture&quot;:&quot;0&quot;,&quot;credit&quot;:&quot;&quot;,&quot;camera&quot;:&quot;&quot;,&quot;caption&quot;:&quot;&quot;,&quot;created_timestamp&quot;:&quot;0&quot;,&quot;copyright&quot;:&quot;&quot;,&quot;focal_length&quot;:&quot;0&quot;,&quot;iso&quot;:&quot;0&quot;,&quot;shutter_speed&quot;:&quot;0&quot;,&quot;title&quot;:&quot;&quot;,&quot;orientation&quot;:&quot;0&quot;}\" data-image-title=\"\" data-image-description=\"&lt;p&gt;Silver cufflinks with gilding and Latin inscription under rock crystals&lt;\/p&gt; \" data-medium-file=\"https:\/\/www.verba.lv\/wp-content\/uploads\/cufflinks-dignus-adorari-verba-400x267.jpg\" data-large-file=\"https:\/\/www.verba.lv\/wp-content\/uploads\/cufflinks-dignus-adorari-verba.jpg\" src=\"https:\/\/i0.wp.com\/www.verba.lv\/wp-content\/uploads\/cufflinks-dignus-adorari-verba.jpg?w=330&#038;h=220&#038;ssl=1\" width=\"330\" height=\"220\" data-original-width=\"330\" data-original-height=\"220\" itemprop=\"http:\/\/schema.org\/image\" title=\"\" alt=\"cufflinks-dignus-adorari-verba\" style=\"width: 330px; height: 220px;\" \/> <\/div> <\/div> <!-- close group --> <div class=\"gallery-group images-2\" style=\"width: 166px; height: 224px;\" data-original-width=\"166\" data-original-height=\"224\" > <div class=\"tiled-gallery-item tiled-gallery-item-small\" itemprop=\"associatedMedia\" itemscope itemtype=\"http:\/\/schema.org\/ImageObject\"> <meta itemprop=\"width\" content=\"162\"> <meta itemprop=\"height\" content=\"108\"> <img data-attachment-id=\"5289\" data-orig-file=\"https:\/\/www.verba.lv\/wp-content\/uploads\/cufflinks-securum-ac-liberum-rock-crystal-verba.jpg\" data-orig-size=\"1000,667\" data-comments-opened=\"\" data-image-meta=\"{&quot;aperture&quot;:&quot;0&quot;,&quot;credit&quot;:&quot;&quot;,&quot;camera&quot;:&quot;&quot;,&quot;caption&quot;:&quot;&quot;,&quot;created_timestamp&quot;:&quot;0&quot;,&quot;copyright&quot;:&quot;&quot;,&quot;focal_length&quot;:&quot;0&quot;,&quot;iso&quot;:&quot;0&quot;,&quot;shutter_speed&quot;:&quot;0&quot;,&quot;title&quot;:&quot;&quot;,&quot;orientation&quot;:&quot;0&quot;}\" data-image-title=\"\" data-image-description=\"&lt;p&gt;Silver cufflinks with rock crystals and Latin inscription&lt;\/p&gt; \" data-medium-file=\"https:\/\/www.verba.lv\/wp-content\/uploads\/cufflinks-securum-ac-liberum-rock-crystal-verba-400x267.jpg\" data-large-file=\"https:\/\/www.verba.lv\/wp-content\/uploads\/cufflinks-securum-ac-liberum-rock-crystal-verba.jpg\" src=\"https:\/\/i0.wp.com\/www.verba.lv\/wp-content\/uploads\/cufflinks-securum-ac-liberum-rock-crystal-verba.jpg?w=162&#038;h=108&#038;ssl=1\" width=\"162\" height=\"108\" data-original-width=\"162\" data-original-height=\"108\" itemprop=\"http:\/\/schema.org\/image\" title=\"\" alt=\"cufflinks-securum-ac-liberum-rock-crystal-verba\" style=\"width: 162px; height: 108px;\" \/> <\/div> <div class=\"tiled-gallery-item tiled-gallery-item-small\" itemprop=\"associatedMedia\" itemscope itemtype=\"http:\/\/schema.org\/ImageObject\"> <meta itemprop=\"width\" content=\"162\"> <meta itemprop=\"height\" content=\"108\"> <img data-attachment-id=\"5291\" data-orig-file=\"https:\/\/www.verba.lv\/wp-content\/uploads\/cufflinks-fabricando-fabricamur-verba-smoky-quartz.jpg\" data-orig-size=\"1000,667\" data-comments-opened=\"\" data-image-meta=\"{&quot;aperture&quot;:&quot;0&quot;,&quot;credit&quot;:&quot;&quot;,&quot;camera&quot;:&quot;&quot;,&quot;caption&quot;:&quot;&quot;,&quot;created_timestamp&quot;:&quot;0&quot;,&quot;copyright&quot;:&quot;&quot;,&quot;focal_length&quot;:&quot;0&quot;,&quot;iso&quot;:&quot;0&quot;,&quot;shutter_speed&quot;:&quot;0&quot;,&quot;title&quot;:&quot;&quot;,&quot;orientation&quot;:&quot;0&quot;}\" data-image-title=\"\" data-image-description=\"&lt;p&gt;Silver cufflinks with smoky quartzes and Latin inscription&lt;\/p&gt; \" data-medium-file=\"https:\/\/www.verba.lv\/wp-content\/uploads\/cufflinks-fabricando-fabricamur-verba-smoky-quartz-400x267.jpg\" data-large-file=\"https:\/\/www.verba.lv\/wp-content\/uploads\/cufflinks-fabricando-fabricamur-verba-smoky-quartz.jpg\" src=\"https:\/\/i0.wp.com\/www.verba.lv\/wp-content\/uploads\/cufflinks-fabricando-fabricamur-verba-smoky-quartz.jpg?w=162&#038;h=108&#038;ssl=1\" width=\"162\" height=\"108\" data-original-width=\"162\" data-original-height=\"108\" itemprop=\"http:\/\/schema.org\/image\" title=\"\" alt=\"cufflinks-fabricando-fabricamur-verba-smoky-quartz\" style=\"width: 162px; height: 108px;\" \/> <\/div> <\/div> <!-- close group --> <\/div> <!-- close row --> <div class=\"gallery-row\" style=\"width: 500px; height: 335px;\" data-original-width=\"500\" data-original-height=\"335\" > <div class=\"gallery-group images-1\" style=\"width: 500px; height: 335px;\" data-original-width=\"500\" data-original-height=\"335\" > <div class=\"tiled-gallery-item tiled-gallery-item-large\" itemprop=\"associatedMedia\" itemscope itemtype=\"http:\/\/schema.org\/ImageObject\"> <meta itemprop=\"width\" content=\"496\"> <meta itemprop=\"height\" content=\"331\"> <img data-attachment-id=\"5287\" data-orig-file=\"https:\/\/www.verba.lv\/wp-content\/uploads\/cufflinks-punctum-puncti-smoky-quartz-verba.jpg\" data-orig-size=\"1000,667\" data-comments-opened=\"\" data-image-meta=\"{&quot;aperture&quot;:&quot;0&quot;,&quot;credit&quot;:&quot;&quot;,&quot;camera&quot;:&quot;&quot;,&quot;caption&quot;:&quot;&quot;,&quot;created_timestamp&quot;:&quot;0&quot;,&quot;copyright&quot;:&quot;&quot;,&quot;focal_length&quot;:&quot;0&quot;,&quot;iso&quot;:&quot;0&quot;,&quot;shutter_speed&quot;:&quot;0&quot;,&quot;title&quot;:&quot;&quot;,&quot;orientation&quot;:&quot;0&quot;}\" data-image-title=\"\" data-image-description=\"&lt;p&gt;Silver cufflinks with smoky quartzes and Latin inscription&lt;\/p&gt; \" data-medium-file=\"https:\/\/www.verba.lv\/wp-content\/uploads\/cufflinks-punctum-puncti-smoky-quartz-verba-400x267.jpg\" data-large-file=\"https:\/\/www.verba.lv\/wp-content\/uploads\/cufflinks-punctum-puncti-smoky-quartz-verba.jpg\" src=\"https:\/\/i0.wp.com\/www.verba.lv\/wp-content\/uploads\/cufflinks-punctum-puncti-smoky-quartz-verba.jpg?w=496&#038;h=331&#038;ssl=1\" width=\"496\" height=\"331\" data-original-width=\"496\" data-original-height=\"331\" itemprop=\"http:\/\/schema.org\/image\" title=\"\" alt=\"cufflinks-punctum-puncti-smoky-quartz-verba\" style=\"width: 496px; height: 331px;\" \/> <\/div> <\/div> <!-- close group --> <\/div> <!-- close row --> <\/div>\n","protected":false},"excerpt":{"rendered":"<p>TERES TERES (no lat\u012b\u0146u \u201enoapa\u013cots\u201d) ir rotas ar akme\u0146iem, kas ir ar k\u0101 pa\u0161a oke\u0101na pul\u0113tiem seniem v\u0113st\u012bjumiem, r\u016bp\u012bgi izskalotiem krast\u0101 un gataviem padar\u012bt laim\u012bgu katru vi\u0146u atrad\u0113ju. Lat\u012b\u0146u fr\u0101zes atkl\u0101j katras rotas \u012bpa\u0161o noz\u012bmi \u00a0&#8211; mazus nosl\u0113pumus, uzrakst\u012btus zem natur\u0101lo ametistu, akvamar\u012bnu, top\u0101zu un kalnu krist\u0101lu virsm\u0101m. J\u016bs varat ieg\u0101d\u0101ties rotas no TERES kolekcijas [&hellip;]<\/p>\n","protected":false},"author":4,"featured_media":0,"parent":6083,"menu_order":7,"comment_status":"closed","ping_status":"closed","template":"","meta":{"jetpack_post_was_ever_published":false},"aioseo_notices":[],"jetpack_shortlink":"https:\/\/wp.me\/P41l5H-1KE","jetpack_sharing_enabled":true,"jetpack_likes_enabled":true,"_links":{"self":[{"href":"https:\/\/www.verba.lv\/lv\/wp-json\/wp\/v2\/pages\/6736"}],"collection":[{"href":"https:\/\/www.verba.lv\/lv\/wp-json\/wp\/v2\/pages"}],"about":[{"href":"https:\/\/www.verba.lv\/lv\/wp-json\/wp\/v2\/types\/page"}],"author":[{"embeddable":true,"href":"https:\/\/www.verba.lv\/lv\/wp-json\/wp\/v2\/users\/4"}],"replies":[{"embeddable":true,"href":"https:\/\/www.verba.lv\/lv\/wp-json\/wp\/v2\/comments?post=6736"}],"version-history":[{"count":6,"href":"https:\/\/www.verba.lv\/lv\/wp-json\/wp\/v2\/pages\/6736\/revisions"}],"predecessor-version":[{"id":8427,"href":"https:\/\/www.verba.lv\/lv\/wp-json\/wp\/v2\/pages\/6736\/revisions\/8427"}],"up":[{"embeddable":true,"href":"https:\/\/www.verba.lv\/lv\/wp-json\/wp\/v2\/pages\/6083"}],"wp:attachment":[{"href":"https:\/\/www.verba.lv\/lv\/wp-json\/wp\/v2\/media?parent=6736"}],"curies":[{"name":"wp","href":"https:\/\/api.w.org\/{rel}","templated":true}]}}