{"id":6740,"date":"2013-10-21T22:51:38","date_gmt":"2013-10-21T22:51:38","guid":{"rendered":"https:\/\/www.verba.lv\/contacts\/"},"modified":"2026-03-31T12:06:49","modified_gmt":"2026-03-31T12:06:49","slug":"contacts","status":"publish","type":"page","link":"https:\/\/www.verba.lv\/lv\/contacts\/","title":{"rendered":"KUR NOPIRKT"},"content":{"rendered":"<p><span style=\"color: #333333; background-color: #c0c0c0;\"><strong>ON-LINE:<\/strong><\/span><\/p>\n<p><strong>E-mail: mundus@verba.lv<\/strong><\/p>\n<p><strong>Instagram: <a href=\"https:\/\/www.instagram.com\/verba_mundus\/\" target=\"_blank\" rel=\"noopener noreferrer\">@verba_mundus<\/a><\/strong><\/p>\n<p><strong>Facebook: <a href=\"https:\/\/www.facebook.com\/verba.mundus\/?fref=ts\" target=\"_blank\" rel=\"noopener noreferrer\">Verba Mundus<\/a><\/strong><\/p>\n<p><strong>E-veikals: \u00a0<a href=\"https:\/\/shop.verba.lv\" target=\"_blank\" rel=\"noopener noreferrer\">Verba Mundus<\/a><\/strong><\/p>\n<p><strong>Etsy: <a href=\"https:\/\/www.etsy.com\/shop\/VERBAmundus\">VERBAmundus<\/a><\/strong><\/p>\n<p>&nbsp;<\/p>\n<p style=\"text-align: left;\"><span style=\"color: #333333; background-color: #c0c0c0;\"><strong>VERBA R\u012bg\u0101 (Latvija):<\/strong><\/span><\/p>\n<p><strong>&#8211; VERBA studija, <\/strong>Artil\u0113rijas 40, (p\u0113c iepriek\u0161\u0113jas vieno\u0161an\u0101s), +371 29763288<\/p>\n<p style=\"text-align: left;\">&#8211; <strong><a href=\"http:\/\/www.riija.lv\" target=\"_blank\" rel=\"noopener noreferrer\">RIIJA<\/a><\/strong>, T\u0113rbatas 6\/8, +371 67284828,<\/p>\n<p style=\"text-align: left;\">&#8211; <strong><a href=\"http:\/\/lechevalier.lv\/lv\/dizaina-bode\" target=\"_blank\" rel=\"noopener noreferrer\">LE CHEVALIER BOUTIQUE<\/a>,\u00a0<\/strong>Ka\u013c\u0137u iela 20, +371\u00a067 199 800<\/p>\n<p style=\"text-align: left;\">&#8211;<a href=\"http:\/\/www.lnmm.lv\/lv\/LNMM\" target=\"_blank\" rel=\"noopener noreferrer\"><strong><span style=\"color: #000000;\"> LATVIJAS NACION\u0100LAIS M\u0100KSLAS MUZEJS<\/span><\/strong><\/a>, J\u0101\u0146a Rozent\u0101la laukums 1,\u00a0<span style=\"color: #000000;\">+371\u00a029492019<\/span><\/p>\n<p>&#8211; <a href=\"https:\/\/studijapienene.lv\/veikals\/\"><strong>PIENENE<\/strong><\/a>, Kungu iela 7\/9, +371 29298748,\u00a0+371 67210400<\/p>\n<p>&#8211; <a href=\"https:\/\/www.facebook.com\/profile.php?id=61560767115080\"><strong>D-IQ BALTIC DESIGN SHOP<\/strong><\/a>, 13. janv\u0101ra iela 8,\u00a02. st\u0101vs U\/V STOCKMANN, +371 28669513<\/p>\n<p style=\"text-align: left;\"><span style=\"color: #333333; background-color: #c0c0c0;\"><strong>VERBA Ven\u0113cij\u0101, Rom\u0101 un Neapol\u0113 (It\u0101lija):<\/strong><\/span><\/p>\n<p style=\"text-align: left;\">&#8211; <strong><a href=\"https:\/\/palazzoducale.visitmuve.it\/?fbclid=IwAR09rD-GXyK1WgqyiqmIxqf7SYUKAkuZPfOPRHU70Z0BMm4TS40HpxmwBmE\" target=\"_blank\" rel=\"noopener\">PALAZZO DUCALE muzeja veikals<\/a><\/strong>, <span class=\"d2edcug0 hpfvmrgz qv66sw1b c1et5uql oi732d6d ik7dh3pa ht8s03o8 jq4qci2q a3bd9o3v b1v8xokw py34i1dx\"><span class=\"a8c37x1j ni8dbmo4 stjgntxs l9j0dhe7\">San Marco 1, 30124 Venezia, Veneto, +39 041 271 5911<\/span><\/span><\/p>\n<p><strong>&#8211; <a href=\"https:\/\/www.materialmentevenezia.com\">MATERIALMENTE VENEZIA<\/a><\/strong>, Mercer\u00eda San Salvador, San Marco 4850, 30125, Venezia, +39 0415286881<\/p>\n<p>&#8211; <strong><a href=\"https:\/\/www.hotelaquariusvenice.com\/?_gl=1%2A1ybdoll%2A_up%2AMQ..%2A_gs%2AMQ..&amp;gclid=CjwKCAiAqKbMBhBmEiwAZ3UboDLGVOblEGLE29BE_c_5OVsx_pXmlET3FxALPhNulmkeswiRid2giBoCPywQAvD_BwE&amp;gbraid=0AAAAACiANNvsx3cyQIj40PSDYQ6SBRJJP\">HOTEL AQUARIUS<\/a><\/strong>, Campo S. Giacomo dell&#8217;Orio, 1624, 30135 Venezia, +39 041 8660112;\u00a0+39 3456837368<\/p>\n<p><strong><a href=\"https:\/\/www.instagram.com\/paper_project_venice\/\">&#8211; ANITA CERPELLONI atelier<\/a>, <\/strong>Salizada Malipiero &#8211; 30124, San Marco 3209-a, Venezia, +39 373 8806555<\/p>\n<p><strong><a href=\"https:\/\/www.instagram.com\/mydaybydaygallery\/\">&#8211; MYDAYBYDAY Gallery<\/a>, <\/strong>Via Luca della Robbia 76, 00153, Rome, +39 333 5375922<\/p>\n<p style=\"text-align: left;\">&#8211; <a href=\"https:\/\/www.facebook.com\/profile.php?id=100009191716596\" target=\"_blank\" rel=\"noopener noreferrer\"><strong>NILO DI NAPOLI\u00a0MUSEUM SHOP<\/strong><\/a>, Departure lounge, Airport of Naples, next to gate C16, Viale F. Ruffo di Calabria, 80144 Napoli NA, Naples, +39 081 78961221<\/p>\n<p><span style=\"color: #333333; background-color: #c0c0c0;\"><strong>VERBA Berl\u012bn\u0113 (V\u0101cija):<\/strong><\/span><\/p>\n<p>&#8211; <a href=\"https:\/\/elenagoldgallery.de\/?fbclid=IwY2xjawGh8UBleHRuA2FlbQIxMAABHRR8XdLMTdBQg7NOWP9wBcZOzTyIumUxK1uhEg6r0InCXwVMcf2Ttj1WCw_aem_mPPbC262LSb2GM9bYy4u6g\"><strong>ELENA GHASEMI GOLD GALLERY<\/strong><\/a>, Berlin,\u00a0Wielandstr. 13, Charlottenburg, +49 159 06242844<\/p>\n<p style=\"text-align: left;\"><span style=\"color: #333333; background-color: #c0c0c0;\"><strong>VERBA Vi\u013c\u0146\u0101 un Palang\u0101 (Lietuva):<\/strong><\/span><\/p>\n<p style=\"text-align: left;\">&#8211; <strong><a href=\"http:\/\/www.menonisa.lt\/en\/\" target=\"_blank\" rel=\"noopener noreferrer\">MENO NI\u0160A<\/a><\/strong>, Vilnius, Basanavi\u010diaus g. 1\/13,\u00a0 + 370 64038221<\/p>\n<p>&#8211; <a href=\"https:\/\/miutto.com\/pages\/about\"><strong>MIUTTO<\/strong><\/a>, Vilnius, Gaono st. 1, +370 619 35020<\/p>\n<p style=\"text-align: left;\"><span style=\"color: #333333; background-color: #c0c0c0;\"><strong>VERBA S\u0101rem\u0101 sal\u0101 (Igaunija):<\/strong><\/span><\/p>\n<p style=\"text-align: left;\">&#8211;\u00a0<strong><a href=\"https:\/\/www.facebook.com\/pallopsoni\/\" target=\"_blank\" rel=\"noopener noreferrer\">PALLOPSONI DISAINIPOOD<\/a><\/strong>, Saaremaa,\u00a0Kauba 1 Kuressaare,\u00a0+372 523 6658<\/p>\n<p style=\"text-align: left;\"><span style=\"color: #333333; background-color: #c0c0c0;\"><strong>VERBA At\u0113n\u0101s (Grie\u0137ija):<\/strong><\/span><\/p>\n<p>&#8211; <a href=\"https:\/\/www.elenimarneri.com\/product-category\/jewelry\/rings-all\/\"><strong>ELENI MARNERI GALERIE<\/strong><\/a>, Pittakou 8, Plaka, Athens 105 58,\u00a0\u00a0+30 2108619488<\/p>\n<p>&#8211; <strong><a href=\"https:\/\/www.instagram.com\/kinkokifissia\/\">KINKO<\/a><\/strong> by Evgenia Gavalaki, Athens, Kifisia, Drosini\u00a07,\u00a014562, +30 2108004964, +30 6936587343<\/p>\n<p><span style=\"color: #333333; background-color: #c0c0c0;\"><strong>VERBA Tokij\u0101 (Jap\u0101n\u0101):<\/strong><\/span><\/p>\n<p>&#8211;<strong><a href=\"https:\/\/www.instagram.com\/rigacollection\/\"> RIGA COLLECTION<\/a><\/strong> Jiyugaoka store 1F Nakai Building, 2-13-7 Jiyugaoka, Meguro-ku, Tokyo 152-0035, p\u0113c pieraksta: +81 0364213618<\/p>\n<p><span style=\"color: #333333; background-color: #c0c0c0;\"><strong>VERBA Sidnej\u0101 (Austr\u0101lija):<\/strong><\/span><\/p>\n<p>&#8211; Nathasha Chabelnique p\u0113c piepras\u012bjuma, +61 410184819<\/p>\n","protected":false},"excerpt":{"rendered":"<p>ON-LINE: E-mail: mundus@verba.lv Instagram: @verba_mundus Facebook: Verba Mundus E-veikals: \u00a0Verba Mundus Etsy: VERBAmundus &nbsp; VERBA R\u012bg\u0101 (Latvija): &#8211; VERBA studija, Artil\u0113rijas 40, (p\u0113c iepriek\u0161\u0113jas vieno\u0161an\u0101s), +371 29763288 &#8211; RIIJA, T\u0113rbatas 6\/8, +371 67284828, &#8211; LE CHEVALIER BOUTIQUE,\u00a0Ka\u013c\u0137u iela 20, +371\u00a067 199 800 &#8211; LATVIJAS NACION\u0100LAIS M\u0100KSLAS MUZEJS, J\u0101\u0146a Rozent\u0101la laukums 1,\u00a0+371\u00a029492019 &#8211; PIENENE, Kungu iela [&hellip;]<\/p>\n","protected":false},"author":1,"featured_media":0,"parent":0,"menu_order":16,"comment_status":"closed","ping_status":"closed","template":"","meta":{"jetpack_post_was_ever_published":false},"aioseo_notices":[],"jetpack_shortlink":"https:\/\/wp.me\/P41l5H-1KI","jetpack_sharing_enabled":true,"jetpack_likes_enabled":true,"_links":{"self":[{"href":"https:\/\/www.verba.lv\/lv\/wp-json\/wp\/v2\/pages\/6740"}],"collection":[{"href":"https:\/\/www.verba.lv\/lv\/wp-json\/wp\/v2\/pages"}],"about":[{"href":"https:\/\/www.verba.lv\/lv\/wp-json\/wp\/v2\/types\/page"}],"author":[{"embeddable":true,"href":"https:\/\/www.verba.lv\/lv\/wp-json\/wp\/v2\/users\/1"}],"replies":[{"embeddable":true,"href":"https:\/\/www.verba.lv\/lv\/wp-json\/wp\/v2\/comments?post=6740"}],"version-history":[{"count":77,"href":"https:\/\/www.verba.lv\/lv\/wp-json\/wp\/v2\/pages\/6740\/revisions"}],"predecessor-version":[{"id":13579,"href":"https:\/\/www.verba.lv\/lv\/wp-json\/wp\/v2\/pages\/6740\/revisions\/13579"}],"wp:attachment":[{"href":"https:\/\/www.verba.lv\/lv\/wp-json\/wp\/v2\/media?parent=6740"}],"curies":[{"name":"wp","href":"https:\/\/api.w.org\/{rel}","templated":true}]}}