{"id":6742,"date":"2013-10-28T17:01:02","date_gmt":"2013-10-28T17:01:02","guid":{"rendered":"https:\/\/www.verba.lv\/cv\/"},"modified":"2025-04-22T09:19:00","modified_gmt":"2025-04-22T09:19:00","slug":"cv","status":"publish","type":"page","link":"https:\/\/www.verba.lv\/lv\/cv\/","title":{"rendered":"CV"},"content":{"rendered":"<div class=\"wpb_row vc_row-fluid\">\n\t<div class=\"vc_span12 wpb_column column_container\">\n\t\t<div class=\"wpb_wrapper\">\n\t\t\t\n\t<div class=\"wpb_single_image wpb_content_element\">\n\t\t<div class=\"wpb_wrapper\">\n\t\t\t\n\t\t\t<a href=\"https:\/\/www.verba.lv\/wp-content\/uploads\/anna-fanigina-cv.jpg\"><img src=\"https:\/\/www.verba.lv\/wp-content\/uploads\/anna-fanigina-cv-360x240.jpg\" width=\"360\" height=\"240\" alt=\"anna-fanigina-jewellery-designer\" \/><\/a>\n\t\t<\/div> \n\t<\/div> \n\t<div class=\"wpb_text_column wpb_content_element \">\n\t\t<div class=\"wpb_wrapper\">\n\t\t\t\n<p><strong>Anna Fanigina (R\u012bga, Latvija)<\/strong><br \/>\nRotu dizainere, Latvijas rotu m\u0101kslas biedr\u012bbas biedre<\/p>\n<p><strong>Dzimusi:<\/strong><br \/>\n1973 &#8211; Sofija, Bulg\u0101rija<\/p>\n<p><strong>Izgl\u012bt\u012bba:<\/strong><br \/>\n2011 \u00a0 \u00a0 \u00a0 \u00a0 \u00a0 \u00a0 \u00a0&#8211; \u00a0stikla p\u016b\u0161anas meistarklases, Abate Zanetti skola, Murano, Ven\u0113cija<br \/>\n1995 &#8211; 2000 &#8211; R\u012bgas Lieti\u0161\u0137\u0101s m\u0101kslas Koled\u017ea, met\u0101lm\u0101kslas dizaina noda\u013ca<br \/>\n1990 &#8211; 1994 &#8211; Latvijas Universit\u0101te, fizikas un matem\u0101tikas fakult\u0101te, bakalaurs<\/p>\n<p><strong>Profession\u0101la pieredze:<\/strong><br \/>\n2000\u00a0 \u00a0 \u00a0 \u00a0 \u00a0 \u00a0 \u00a0 &#8211; neatkar\u012bga rotu dizainere, VERBA z\u012bmola dibin\u0101t\u0101ja<br \/>\n1999 &#8211; 2005 &#8211; matem\u0101tikas pasniedz\u0113ja R\u012bgas Dizaina un m\u0101kslas vidusskol\u0101<br \/>\n1994 &#8211; 1996 &#8211; konsultante m\u0101kslas galerij\u0101 &#8220;Sussi&#8221;<\/p>\n<p><strong>Person\u0101lizst\u0101des:<\/strong><br \/>\n2025 \u2013 SAKURA vai \u4e07\u91cc\u540c\u98a8 &#8220;t\u016bksto\u0161 j\u016bd\u017eu viens v\u0113j\u0161&#8221;, galerija Eleni Marneri Galerie, At\u0113nas, Grie\u0137ija<br \/>\n2024 \u2013 Pop-up izst\u0101de Colloquium Balticum ietvaros, House of Sciences, Latvijas Universit\u0101te, R\u012bga, Latvija<br \/>\n2024 \u2013 BIBLIOTECA VENETA, galerija Eleni Marneri Galerie, At\u0113nas, Grie\u0137ija<br \/>\n2023 \u2013 \u0395\u03bb\u03b5\u03c5\u03b8\u03b5\u03c1\u03af\u03b1 (&#8220;Br\u012bv\u012bba&#8221;), galerija Eleni Marneri Galerie, At\u0113nas, Grie\u0137ija<br \/>\n2020 \u2013 BIBLIOTECA VENEZIANA, &#8220;Studio d&#8217;Arte Claudia Cor\u00f2&#8221;, Ven\u0113cija, It\u0101lija<br \/>\n2019 \u2013\u00a0\u03bd\u03b5\u1ff6\u03bd \u03ba\u03b1\u03c4\u03ac\u03bb\u03bf\u03b3\u03bf\u03c2 (&#8220;Ku\u0123u saraksts&#8221;), &#8220;Non Stop Art&#8221;, Latina, It\u0101lija<br \/>\n2019\u00a0\u2013 \u03bd\u03b5\u1ff6\u03bd \u03ba\u03b1\u03c4\u03ac\u03bb\u03bf\u03b3\u03bf\u03c2 (&#8220;Ku\u0123u saraksts&#8221;), &#8220;Oroincentri&#8221;, Roma, It\u0101lija<br \/>\n2019\u00a0\u2013 SAKURA vai \u4e07\u91cc\u540c\u98a8 &#8220;t\u016bksto\u0161 j\u016bd\u017eu viens v\u0113j\u0161&#8221;, dizaina konceptveikals &#8220;Riija&#8221;, R\u012bga, Latvija<br \/>\n2017 \u2013 \u03bd\u03b5\u1ff6\u03bd \u03ba\u03b1\u03c4\u03ac\u03bb\u03bf\u03b3\u03bf\u03c2 (&#8220;Ku\u0123u saraksts&#8221;), Eiropas Savien\u012bbas m\u0101ja, R\u012bga, Latvija<br \/>\n2017 \u2013\u00a0\u03bd\u03b5\u1ff6\u03bd \u03ba\u03b1\u03c4\u03ac\u03bb\u03bf\u03b3\u03bf\u03c2 (&#8220;Ku\u0123u saraksts&#8221;), galerija &#8221;Ramybes&#8221;, Palanga, Lietuva<br \/>\n2017 \u2013\u00a0\u03bd\u03b5\u1ff6\u03bd \u03ba\u03b1\u03c4\u03ac\u03bb\u03bf\u03b3\u03bf\u03c2 (&#8220;Ku\u0123u saraksts&#8221;), galerija &#8220;Meno Ni\u0161a&#8221;, Vi\u013c\u0146a, Lietuva<br \/>\n2016 \u2013 \u03bd\u03b5\u1ff6\u03bd \u03ba\u03b1\u03c4\u03ac\u03bb\u03bf\u03b3\u03bf\u03c2 (&#8220;Ku\u0123u saraksts&#8221;), Ma\u0161as Gon\u010darovas studija, Sankt-P\u0113terburga, Krievija<br \/>\n2015 \u2013 AMNIS NULLI EXPUGNABILIS ASTRO (&#8220;Upe, kuru neviena saule nesp\u0113j izkalt\u0113t&#8221;), dizaina konceptveikals &#8220;Riija&#8221;,R\u012bga, Latvija<br \/>\n2014 \u2013 L\u2019AMOUR DE L\u2019IMPOSSIBLE, m\u0101kslas telpa \u201cAspazijas 20\u201d, R\u012bga, Latvija<br \/>\n2012 &#8211; L\u2019AMOUR DE L\u2019IMPOSSIBLE, Mihailova te\u0101tris, Sankt-P\u0113terburga<br \/>\n2010 &#8211; OMNIA MUTANTUR, NIHIL INTERIT, galerija \u201cMeno Ni\u0161a\u201d, Vi\u013c\u0146a, Lietuva<br \/>\n2010 &#8211; VERBA \u0412\u0415\u0420\u0411\u041d\u0410\u042f, galerijas \u201cBulthaup\u201d studija \u201cGrange\u201d, Sankt-P\u0113terburga,\u00a0Krievija<br \/>\n2009 &#8211; OMNIA MUTANTUR, NIHIL INTERIT (\u201cViss main\u0101s, nekas nepaz\u016bd\u201d), galerija\u201cPutti\u201d, R\u012bga, Latvija<br \/>\n2007 &#8211; SAEVIS INTER SE CONVENIT URSIS (\u201cBargie l\u0101\u010di sav\u0101 starp\u0101 dz\u012bvo mier\u0101\u201d), \u00a0galerija \u201cIstaba\u201d, R\u012bga, Latvija<br \/>\n2003 &#8211; NATI IN VENEZIA (\u201cDzimu\u0161i Ven\u0113cij\u0101\u201d), galerija &#8220;\u010ciris&#8221;, R\u012bga, Latvija<br \/>\n2001 &#8211; \u00a0PEKTORALES, salons &#8220;M\u0101ksla&#8221;, R\u012bga, Latvija<\/p>\n<p><strong>Kolekt\u012bv\u0101s izst\u0101des:<\/strong><br \/>\n2025 \u2013\u00a0BIBLIOTHECA ARTIS BALTICUM: LATVIA, galerija TROFEJAS, Berl\u012bne, V\u0101cija<br \/>\n2025 \u2013\u00a0&#8220;Sk\u0101rien\u2013j\u016bt\u012bgs&#8221;, Vi\u013c\u0146as lieti\u0161\u0137\u0101s m\u0101kslas un dizaina muzejs, Vi\u013c\u0146a, Lietuva<br \/>\n2025 \u2013 Galerijas &#8220;Istaba&#8221; 20 gadu jubilejas izst\u0101de, Sabiles m\u0101kslas, kult\u016bras un t\u016brisma centrs, Sabile, Latvija<br \/>\n2024 \u2013 Galerijas &#8220;Istaba&#8221; 20 gadu jubilejas izst\u0101de, galerija \u201cIstaba\u201d, R\u012bga, Latvija<br \/>\n2024\u00a0\u2013 \u4e07\u91cc\u540c\u98a8 \u201cT\u016bksto\u0161 j\u016bd\u017eu viens v\u0113j\u0161\u201d \/ SAKURA, galerija \u201cPaper Project Venice\u201dVen\u0113cija, It\u0101lija<br \/>\n2024 \u2013 &#8220;Sk\u0101rien\u2013j\u016bt\u012bgs&#8221;, Dekorat\u012bv\u0101s m\u0101kslas un dizaina muzejs, R\u012bga, Latvija<br \/>\n2023 \u2013 &#8220;Second life&#8221;, konkursa Premio Incinque Jewels 2023 izst\u0101de, Roma Jewelry Week 2023, muzejs &#8220;Mercati di Traiano&#8221;, Roma, It\u0101lija<br \/>\n2023 \u2013 AQUA, AMBRA, AQUILA, Somijas horolo\u0123ijas un juvelierizstr\u0101d\u0101jumu muzejs &#8220;Kruunu&#8221;, Espo, Somija<br \/>\n2023 \u2013 TREES GIVE US LIFE, fonds &#8220;Fondazione Marchesani&#8221;, Ven\u0113cija, It\u0101lija<br \/>\n2023 \u2013 &#8220;Choice&#8221;, izst\u0101\u017eu centrs &#8220;Litexpo&#8221;, Vi\u013c\u0146a, Lietuva<br \/>\n2022 \u2013 &#8220;Grand Tour &#8211; the colors of the journey&#8221;, konkursa Premio Incinque Jewels 2022 izst\u0101de, Rome Jewelry Week 2022, arheolo\u0123isko izrakumu muzejs &#8220;Auditorium di Mecenate&#8221;, Roma, It\u0101lija<br \/>\n2022 \u2013 Romanian Jewelry Week 2022, Rum\u0101nijas Nacion\u0101l\u0101 Bibliot\u0113ka un Rum\u0101nijas Nacion\u0101lais V\u0113stures Muzejs, Bukareste, Rum\u0101nija<br \/>\n2022 \u2013 &#8220;IZT\u0112LOJIES.Miers&#8221;, \u0100genskalna tirgus paviljons, R\u012bga, Latvija<br \/>\n2022 \u2013 AQUA, AMBRA, AQUILA, J\u016brniec\u012bbas centrs Vellamo, Kotka, Somija<br \/>\n2022 \u2013 &#8220;About Opportunities&#8221;, izst\u0101\u017eu centrs &#8220;Litexpo&#8221;, Vi\u013c\u0146a, Lietuva<br \/>\n2021 \u2013 2022 \u2013 GOODWOOD, muzejs &#8221;Tsaritsyno&#8221;, Maskava, Krievija<br \/>\n2021 \u2013\u00a0&#8220;Double Yellow Line&#8221;, laikmet\u012bg\u0101s m\u0101kslas centrs &#8221;Winzavod&#8221;, Maskava, Krievija<br \/>\n2021 \u2013 &#8220;Double Yellow Line&#8221;, izst\u0101\u017eu centrs &#8221;\u0421\u0438\u0431\u0438\u0440\u044c&#8221;, Krasnojarska, Krievija<br \/>\n2021 \u2013 &#8220;Painful Hope&#8221;, galerija &#8221;Lalabeyou&#8221;, Madride, Sp\u0101nija<br \/>\n2021 \u2013 VENEZIA e AMORE, galerija &#8221;Imagoars&#8221;, Ven\u0113cija, It\u0101lija<br \/>\n2021 \u2013 DIENASGR\u0100MATA, Kuld\u012bgas M\u0101kslinieku rezidences galerija, Kuld\u012bga, Latvija<br \/>\n2021 \u2013 DIENASGR\u0100MATA, Valmieras muzeja izst\u0101\u017eu nams, Valmiera, Latvija<br \/>\n2020\u00a0\u2013 2021 &#8220;Painful Hope&#8221;, galerija &#8220;Alliages&#8221;, Lille, Francija<br \/>\n2020 \u2013 &#8221;Jewelery Selection 2020&#8221;, Hotel Saturnia &amp; International, Ven\u0113cija, It\u0101lija<br \/>\n2020 \u2013 &#8220;Aizsargmaskas&#8221;, galerija &#8220;Istaba&#8221;, R\u012bga, Latvija<br \/>\n2020 \u2013 GOODWOOD, galerija &#8220;Ambar Burzhua&#8221;, Sankt-P\u0113terburga, Krievija<br \/>\n2020\u00a0\u2013 Z\u012aME\/MARK, Daugavpils,\u00a0Marka Rotko m\u0101kslas centrs, Daugavpils, Latvija<br \/>\n2019 \u2013 ARBOR VERTITUR\u00a0(&#8220;koks p\u0101rv\u0113r\u0161\u0101s&#8221;), projekta \u201cKoki dod mums dz\u012bvi\u201d da\u013ca,\u00a0galerija &#8220;ARTI3160&#8221;, Ven\u0113cija, It\u0101lija<br \/>\n2019 \u2013 I MONDI DELL\u2019ARTE (Art Night Venezia),galerija &#8220;ARTI3160&#8221;, Ven\u0113cija, It\u0101lija<br \/>\n2019 \u2013 A PRIORI, &#8220;C\u0113su izst\u0101\u017eu nams&#8221;, C\u0113sis, Latvija<br \/>\n2019\u00a0\u2013 GOODWOOD, Nu\u017eina izst\u0101\u017eu z\u0101le, Jaroslav\u013ca,\u00a0Krievija<br \/>\n2019 \u2013 GOODWOOD, izst\u0101\u017eu z\u0101le &#8220;Ermit\u0101\u017ea Viborga&#8221;, Viborga, Krievija<br \/>\n2019 \u2013 \u201c\u012apa\u0161a gr\u0101mata \u012bpa\u0161\u0101 plaukt\u0101\u201d, Latvijas Nacion\u0101l\u0101 Bibliot\u0113ka, R\u012bga, Latvia<br \/>\n2018 \u2013 \u03bd\u03b5\u1ff6\u03bd \u03ba\u03b1\u03c4\u03ac\u03bb\u03bf\u03b3\u03bf\u03c2 (&#8220;Ku\u0123u saraksts&#8221;), &#8220;Kika Ioannidou studio&#8221;, Nikosija, Kipra<br \/>\n2018 \u2013 GOODWOOD, Arts Square Gallery, Sankt-P\u0113terburga, Krievija<br \/>\n2018 \u2013\u00a0\u03bd\u03b5\u1ff6\u03bd \u03ba\u03b1\u03c4\u03ac\u03bb\u03bf\u03b3\u03bf\u03c2 (&#8220;Ku\u0123u saraksts&#8221;), Palazzo Ajutamicristo, i-design Palermo, Sic\u012blija, It\u0101lija<br \/>\n2018 \u2013 ARCUS (&#8220;Rainbow&#8221;), studija Loreta Larkina, Ven\u0113cija, It\u0101lija<br \/>\n2018 \u2013 \u03bd\u03b5\u1ff6\u03bd \u03ba\u03b1\u03c4\u03ac\u03bb\u03bf\u03b3\u03bf\u03c2 (&#8220;Ku\u0123u saraksts&#8221;), galerija Eleni Marneri Galerie, At\u0113nas, Grie\u0137ija<br \/>\n2018 \u2013 \u201cSiner\u0123ija.Laikmet\u012bg\u0101s tendences met\u0101lm\u0101ksl\u0101 un dizain\u0101\u201d, \u00a0Dekorat\u012bv\u0101s m\u0101kslas un dizaina muzejs, R\u012bga, Latvia<br \/>\n2017 \u2013 &#8220;10 no 100&#8221;, R\u012bgas Lieti\u0161\u0137\u0101s m\u0101kslas Koled\u017ea, R\u012bga, Latvija<br \/>\n2017 \u2013 \u03bd\u03b5\u1ff6\u03bd \u03ba\u03b1\u03c4\u03ac\u03bb\u03bf\u03b3\u03bf\u03c2 (&#8220;Ku\u0123u saraksts&#8221;&#8221;), galerija Galleria ADmore, Ven\u0113cija, It\u0101lija<br \/>\n2017 \u2013 &#8220;Jewelry Selection 2017&#8221;, Design Hotel Ca&#8217;Pisani, Ven\u0113cija, It\u0101lija<br \/>\n2017 \u2013 &#8220;Ornamenta. Gioielli tra storia e design&#8221;, Nacion\u0101lais arheolo\u0123ijas muzejs Adrij\u0101, It\u0101lija<br \/>\n2017 \u2013 &#8220;Initiation&#8221;,galerija &#8220;Florian Trampler&#8221;, Minhenes dizaina ned\u0113\u013ca 2017, Minhene, V\u0101cija<br \/>\n2015 \u2013 &#8220;Imago Mundi&#8221;, Fondazione Giorgio Cini, Ven\u0113cija, It\u0101lija<br \/>\n2014 \u2013 \u201c10 gadi\u201d, galerija \u201cIstaba\u201d, R\u012bga, Latvija<br \/>\n2014 \u2013 L\u2019AMOUR DE L\u2019IMPOSSIBLE, galerija \u201cRamybe\u201d, Palanga, Lietuva<br \/>\n2011 &#8211; \u201cUnisex\u201d, galerija \u201cMeno Ni\u0161a\u201d, Vi\u013c\u0146a, Lietuva<br \/>\n2011 &#8211; \u201cBr\u012bvdiena. V\u0113j\u0161. Takas\u201d, C\u0113su izst\u0101\u017eu nams, C\u0113sis, Latvija<br \/>\n2010 &#8211; \u201c1g Au\u201d, galerija \u201cMeno Ni\u0161a\u201d, Vi\u013c\u0146a, Lietuva<br \/>\n2009 &#8211; Starptautisk\u0101 juvelierm\u0101kslas trienn\u0101le KORU3, M\u016bsdienu M\u0101kslas Muzejs, Imatra, Somija<br \/>\n2009 &#8211; \u201cLatvijas rotu m\u0101kslinieku grupas izst\u0101de\u201d, Tatjanas Parfjonovas modes nams, Sankt-P\u0113terburga, Krievija<br \/>\n2009 &#8211; \u201cRozes\u201d, galerija \u201cSky\u201d, Riga, Latvija<br \/>\n2009 &#8211; \u00a0\u201cPastkastes\u201d, galerija \u201cIstaba\u201d, R\u012bga, Latvija<br \/>\n2008 &#8211; \u201cNew Jewellery\u201d, galerija \u201cO!\u201d, Sankt-P\u0113terburga, Krievija<br \/>\n2008 &#8211; \u201c\u010c\u012bbas\u201d, galerija \u201cIstaba\u201d, R\u012bga, Latvija<br \/>\n2007 &#8211; \u201cSlotas un \u0161aufeles\u201d, galerija \u201cIstaba\u201d, R\u012bga, Latvija<br \/>\n2006 &#8211; \u201cM\u016bsdienu juvelieru m\u0101ksla\u201d, galerija \u201cArtefakt\u201d, Maskava, Krievija<br \/>\n2005 &#8211; \u201cComplicated World\u201d, galerija \u201cJohan S.\u201d, Helsinki, Somija<br \/>\n2005 &#8211; SIRDSLIETAS, salons \u201cM\u0101ksla\u201d, R\u012bga, Latvija<br \/>\n2005 &#8211; \u201cJewel Case\u201d, Lahti V\u0113stures muzejs, Lahti, Somija<br \/>\n2004 &#8211; &#8220;Juvelirnij Mix&#8221;, galerija &#8220;RosVuzDizain&#8221;, Sankt-P\u0113terburga, Krievija<br \/>\n2004 &#8211; &#8220;My Territory&#8221;, \u00a0galerija &#8220;Rantapaja&#8221;, Lappeenranta, Somija<br \/>\n2004 &#8211; \u201cNati in Venezia\u201d, galerija \u201cCa\u2019d\u2019Oro\u201d, Ven\u0113cija, It\u0101lija<br \/>\n2001 &#8211; \u00a0R\u012bgas Lieti\u0161\u0137\u0101s m\u0101kslas koled\u017eas met\u0101lm\u0101kslas noda\u013cas izst\u0101de, RLMK, R\u012bga, Latvija<\/p>\n<p><strong>Apbalvojumi:<\/strong><br \/>\n2022 \u2013 &#8220;The Ilias Lalaounis Jewelry Museum&#8221; apbalvojums Rum\u0101nijas rotu ned\u0113\u013cas ietvaros<br \/>\n2022 \u2013 konkursa \u201cAbout Opportunities\u201d Grand Prix un publikas simp\u0101tiju balva XVIII ikgad\u0113j\u0101 starptautiskaj\u0101 Baltijas rotu izst\u0101d\u0113 &#8220;Amber trip&#8221;<br \/>\n2020 \u2013 konkursa INSTRUMENTA DESIGN uzvar\u0113t\u0101ja, Ven\u0113cija, It\u0101lija<br \/>\n2020 \u2013 konkursa \u201cJewelry Selection 2020\u201d fin\u0101liste, Venice Design Week, Ven\u0113cija, It\u0101lija<br \/>\n2017 \u2013 balva &#8220;Gada z\u012bmols 2017&#8221; rotu nomin\u0101cij\u0101, TV raid\u012bjums &#8220;Tete-a-Tete ar R\u012bgu&#8221;,\u00a0kan\u0101ls &#8220;TV RIGA24&#8221;<br \/>\n2017\u00a0\u2013 speci\u0101la Adrijas Nacion\u0101l\u0101 Arheolo\u0123ijas Muzeja un \u201cPolo Museale del Veneto\u201d balva par ant\u012bko trad\u012bciju turpin\u0101jumu, konkurss &#8220;Jewelry Selection 2017&#8221;, Venice Design Week, Ven\u0113cija, It\u0101lija<br \/>\n2017 \u2013 konkursa \u201cJewelry Selection 2020\u201d fin\u0101liste, Venice Design Week, Ven\u0113cija, It\u0101lija<br \/>\n2009 &#8211; II vieta nomin\u0101cij\u0101 \u201cJuvelieru Inov\u0101cijas\u201d,\u00a0\u017eurn\u0101la \u201cKrievu Juvelieris\u201d balva,\u00a0konkurss \u201cJuvelieru Olimps\u201d, Sankt-P\u0113terburga, Krievija<br \/>\n2009 &#8211; II vieta nomin\u0101cij\u0101 \u201cUnik\u0101lais dizains\u201d,\u00a0\u201cDeko\u201d \u017eurn\u0101la konkurss \u201cDizains\u00a0 2008\u201d, R\u012bga, Latvija<br \/>\n2007 &#8211; I vieta nomin\u0101cij\u0101 \u201cM\u016bsdien\u012bgums\u201d,\u00a0\u017eurn\u0101la \u201cRusskij Juvelir\u201d balva,\u00a0konkurss \u201cJuvelieru Olimps\u201d, Sankt-P\u0113terburga, Krievija<br \/>\n2006 &#8211; III vieta nomin\u0101cij\u0101 \u201cM\u016bsdien\u012bgums\u201d, konkurss \u201cJuvelieru Olimps\u201d,\u00a0Sankt-P\u0113terburga, Krievija<br \/>\n2005 &#8211; speci\u0101la \u017e\u016brijas balva, konkurss &#8220;Juvelieru Olimps&#8221;, Sankt-P\u0113terburga, Krievija<br \/>\n2005 &#8211; III vieta nomin\u0101cij\u0101 \u201cJewellery Design\u201d, Faber\u017e\u0113 Fonda Starptautiskais,\u00a0juvelierm\u0101kslas konkurss, Lahti, Somija<br \/>\n2003 &#8211; balva nomin\u0101cij\u0101 &#8220;Filosofiska koncepcija&#8221;, konkurss&#8221;Juvelieru Olimps&#8221;,\u00a0Sankt-P\u0113terburga, Krievija<br \/>\n2002 &#8211; balva nomin\u0101cij\u0101 &#8220;Mode&#8221;, konkurss &#8220;Juvelieru Olimps&#8221;,\u00a0Sankt-P\u0113terburga, Krievija<\/p>\n<p><strong>Starptautisk\u0101s messes:<\/strong><br \/>\n2023 \u2013 Romanian Jewelry Week 2023, Rum\u0101nijas Nacion\u0101l\u0101 Bibliot\u0113ka, Bukareste, Rum\u0101nija<br \/>\n2022 \u2013 SIERAAD, Amsterdama, Holande<br \/>\n2021 \u2013 2022 \u2013 DUBAI EXPO 2020, Latvijas Paviljons, Dubaija, Apvienotie Ar\u0101bu Emir\u0101ti<br \/>\n2021 \u2013 ROPPONGI HILLS, Latvijas dienas Tokij\u0101, Tokija, Jap\u0101na<br \/>\n2019 \u2013 AMBIENCE, SHIBUYA Bunka Fashion, Tokija, Jap\u0101na<br \/>\n2016 \u2013 SIERAAD, Amsterdama, Holande<br \/>\n2016 \u2013 BLICKFANG, Minhene, V\u0101cija<br \/>\n2015 \u2013 BIJORHCA, Par\u012bze, Francija<br \/>\n2015 \u2013 WFEST, Maskava, Krievija<br \/>\n2014 \u2013 CRAFTVILNIUS, Vi\u013c\u0146a, Lietuva<br \/>\n2014 \u2013 KIEV FASHION WEEK, Kijeva, Ukraina<br \/>\n2014 &#8211; BIJORHCA, Par\u012bze, Francija<br \/>\n2013 &#8211; SIERAAD, Amsterdama, Holande<\/p>\n<p><strong>Muzeji un kolekcijas:<\/strong><br \/>\n&#8211; Latvijas Dizaina un Dekorat\u012bv\u0101s M\u0101kslas Muzej\u0101, R\u012bga, Latvija (past\u0101v\u012bg\u0101 ekspoz\u012bcija)<br \/>\n&#8211; Ilias Lalaounis Jewelry Museum, At\u0113nas, Grie\u0137ija (past\u0101v\u012bg\u0101 ekspoz\u012bcija)<br \/>\n&#8211; Lu\u010dano Benetona kolekcija \u201cImago Mundi\u201d, Treviso, It\u0101lija<br \/>\n&#8211; Latvijas Simtgades ofici\u0101lo d\u0101vanu autore. T\u0101s tika pasniegtas Latvijas viesiem un diplom\u0101tiem, starp kuriem D\u0101nijas kro\u0146princis Frederiks un D\u0101nijas\u00a0kro\u0146princese M\u0113rija, Veseksas gr\u0101fs, Lielbrit\u0101nijas princis Edvards un gr\u0101fiene Sofija, Vi\u0146a Sv\u0113t\u012bba p\u0101vests Francisks, ka ar\u012b It\u0101lijas, Austrijas, Islandes, Grie\u0137ijas, V\u0101cijas, Horv\u0101tijas un Polijas prezidenti.<\/p>\n<p>&nbsp;<\/p>\n\n\t\t<\/div> \n\t<\/div> \n\t\t<\/div> \n\t<\/div> \n<\/div><div class=\"wpb_row vc_row-fluid\">\n\t<div class=\"vc_span12 wpb_column column_container\">\n\t\t<div class=\"wpb_wrapper\">\n\t\t\t\n\t\t<\/div> \n\t<\/div> \n<\/div>\n","protected":false},"excerpt":{"rendered":"Anna Fanigina (R\u012bga, Latvija) Rotu dizainere, Latvijas rotu m\u0101kslas biedr\u012bbas biedre Dzimusi: 1973 - Sofija, Bulg\u0101rija Izgl\u012bt\u012bba: 2011 \u00a0 \u00a0 \u00a0 \u00a0 \u00a0 \u00a0 \u00a0- \u00a0stikla p\u016b\u0161anas meistarklases, Abate Zanetti skola, Murano, Ven\u0113cija 1995 - 2000 - R\u012bgas Lieti\u0161\u0137\u0101s m\u0101kslas Koled\u017ea, met\u0101lm\u0101kslas dizaina noda\u013ca 1990 - 1994 - Latvijas Universit\u0101te, fizikas un matem\u0101tikas fakult\u0101te, bakalaurs [...]","protected":false},"author":1,"featured_media":0,"parent":0,"menu_order":25,"comment_status":"closed","ping_status":"closed","template":"","meta":{"jetpack_post_was_ever_published":false},"aioseo_notices":[],"jetpack_shortlink":"https:\/\/wp.me\/P41l5H-1KK","jetpack_sharing_enabled":true,"jetpack_likes_enabled":true,"_links":{"self":[{"href":"https:\/\/www.verba.lv\/lv\/wp-json\/wp\/v2\/pages\/6742"}],"collection":[{"href":"https:\/\/www.verba.lv\/lv\/wp-json\/wp\/v2\/pages"}],"about":[{"href":"https:\/\/www.verba.lv\/lv\/wp-json\/wp\/v2\/types\/page"}],"author":[{"embeddable":true,"href":"https:\/\/www.verba.lv\/lv\/wp-json\/wp\/v2\/users\/1"}],"replies":[{"embeddable":true,"href":"https:\/\/www.verba.lv\/lv\/wp-json\/wp\/v2\/comments?post=6742"}],"version-history":[{"count":50,"href":"https:\/\/www.verba.lv\/lv\/wp-json\/wp\/v2\/pages\/6742\/revisions"}],"predecessor-version":[{"id":12516,"href":"https:\/\/www.verba.lv\/lv\/wp-json\/wp\/v2\/pages\/6742\/revisions\/12516"}],"wp:attachment":[{"href":"https:\/\/www.verba.lv\/lv\/wp-json\/wp\/v2\/media?parent=6742"}],"curies":[{"name":"wp","href":"https:\/\/api.w.org\/{rel}","templated":true}]}}