{"id":6750,"date":"2019-09-11T22:30:33","date_gmt":"2019-09-11T22:30:33","guid":{"rendered":"https:\/\/www.verba.lv\/exhibitions\/arbor-vertitur\/"},"modified":"2023-08-02T14:37:44","modified_gmt":"2023-08-02T14:37:44","slug":"arbor-vertitur","status":"publish","type":"page","link":"https:\/\/www.verba.lv\/lv\/izstades\/arbor-vertitur\/","title":{"rendered":"ARBOR VERTITUR 2019"},"content":{"rendered":"<p class=\"Default\" style=\"text-align: center;\"><strong>ARBOR VERTITUR, 2019<\/strong><\/p>\n<p>Anna Faniginas bro\u0161u kolekcija ARBOR VERTITUR (no lat\u012b\u0146u valodas &#8220;<strong>koks p\u0101rv\u0113r\u0161as<\/strong>&#8220;) ir rad\u012bta no sudraba, vintage stikla un koka. Koka elementiem tika izmantota Ziemassv\u0113tku egl\u012bte, kas p\u0113rn rot\u0101ja dizaineres studiju. Kolekcijas galven\u0101 ideja ir p\u0101veido\u0161ana, dz\u012bves cikla izp\u0113te. Egl\u012bte tam ir spilgts piem\u0113rs \u2013 aizvakar t\u0101 auga me\u017e\u0101, vakar t\u0101 bija galvenais Ziemassv\u0113tku rot\u0101jums un \u0161odien t\u0101 uzzied ar spilgt\u0101m kr\u0101s\u0101m k\u0101 m\u0101kslas objekts un rotaslieta, un t\u0101d\u0101 veid\u0101 turpina dz\u012bvot savu dz\u012bvi t\u0101l\u0101k.<\/p>\n<p>Izst\u0101des:<br \/>\n2019.gada 2.decembris l\u012bdz 18.decembris, m\u0101kslas galerija &#8220;ARTI3160&#8221;, Ven\u0113cija, It\u0101lija<br \/>\n2019.gada 25.janv\u0101ris l\u012bdz 25.febru\u0101ris, Izst\u0101\u017eu centrs &#8220;Ermit\u0101\u017ea-Viborga&#8221;, Viborga, Krievija<\/p>\n<div class=\"tiled-gallery type-rectangular tiled-gallery-unresized\" data-original-width=\"500\" data-carousel-extra='{&quot;blog_id&quot;:1,&quot;permalink&quot;:&quot;https:\\\/\\\/www.verba.lv\\\/lv\\\/izstades\\\/arbor-vertitur\\\/&quot;,&quot;likes_blog_id&quot;:59424749}' itemscope itemtype=\"http:\/\/schema.org\/ImageGallery\" > <div class=\"gallery-row\" style=\"width: 500px; height: 224px;\" data-original-width=\"500\" data-original-height=\"224\" > <div class=\"gallery-group images-1\" style=\"width: 334px; height: 224px;\" data-original-width=\"334\" data-original-height=\"224\" > <div class=\"tiled-gallery-item tiled-gallery-item-large\" itemprop=\"associatedMedia\" itemscope itemtype=\"http:\/\/schema.org\/ImageObject\"> <meta itemprop=\"width\" content=\"330\"> <meta itemprop=\"height\" content=\"220\"> <img data-attachment-id=\"6261\" data-orig-file=\"https:\/\/www.verba.lv\/wp-content\/uploads\/fanigina-7.jpg\" data-orig-size=\"800,533\" data-comments-opened=\"\" data-image-meta=\"{&quot;aperture&quot;:&quot;14&quot;,&quot;credit&quot;:&quot;Vladimir Svetlov&quot;,&quot;camera&quot;:&quot;Canon EOS 5D Mark III&quot;,&quot;caption&quot;:&quot;&quot;,&quot;created_timestamp&quot;:&quot;1538996148&quot;,&quot;copyright&quot;:&quot;&quot;,&quot;focal_length&quot;:&quot;100&quot;,&quot;iso&quot;:&quot;250&quot;,&quot;shutter_speed&quot;:&quot;0.00625&quot;,&quot;title&quot;:&quot;&quot;,&quot;orientation&quot;:&quot;1&quot;}\" data-image-title=\"\" data-image-description=\"\" data-medium-file=\"https:\/\/www.verba.lv\/wp-content\/uploads\/fanigina-7-400x267.jpg\" data-large-file=\"https:\/\/www.verba.lv\/wp-content\/uploads\/fanigina-7.jpg\" src=\"https:\/\/i0.wp.com\/www.verba.lv\/wp-content\/uploads\/fanigina-7.jpg?w=330&#038;h=220&#038;ssl=1\" width=\"330\" height=\"220\" data-original-width=\"330\" data-original-height=\"220\" itemprop=\"http:\/\/schema.org\/image\" title=\"\" alt=\"arbor-vertitur-exhibition\" style=\"width: 330px; height: 220px;\" \/> <\/div> <\/div> <!-- close group --> <div class=\"gallery-group images-2\" style=\"width: 166px; height: 224px;\" data-original-width=\"166\" data-original-height=\"224\" > <div class=\"tiled-gallery-item tiled-gallery-item-small\" itemprop=\"associatedMedia\" itemscope itemtype=\"http:\/\/schema.org\/ImageObject\"> <meta itemprop=\"width\" content=\"162\"> <meta itemprop=\"height\" content=\"108\"> <img data-attachment-id=\"6271\" data-orig-file=\"https:\/\/www.verba.lv\/wp-content\/uploads\/fanigina-12.jpg\" data-orig-size=\"800,533\" data-comments-opened=\"\" data-image-meta=\"{&quot;aperture&quot;:&quot;18&quot;,&quot;credit&quot;:&quot;Vladimir Svetlov&quot;,&quot;camera&quot;:&quot;Canon EOS 5D Mark III&quot;,&quot;caption&quot;:&quot;&quot;,&quot;created_timestamp&quot;:&quot;1538996506&quot;,&quot;copyright&quot;:&quot;&quot;,&quot;focal_length&quot;:&quot;100&quot;,&quot;iso&quot;:&quot;250&quot;,&quot;shutter_speed&quot;:&quot;0.00625&quot;,&quot;title&quot;:&quot;&quot;,&quot;orientation&quot;:&quot;1&quot;}\" data-image-title=\"\" data-image-description=\"\" data-medium-file=\"https:\/\/www.verba.lv\/wp-content\/uploads\/fanigina-12-400x267.jpg\" data-large-file=\"https:\/\/www.verba.lv\/wp-content\/uploads\/fanigina-12.jpg\" src=\"https:\/\/i0.wp.com\/www.verba.lv\/wp-content\/uploads\/fanigina-12.jpg?w=162&#038;h=108&#038;ssl=1\" width=\"162\" height=\"108\" data-original-width=\"162\" data-original-height=\"108\" itemprop=\"http:\/\/schema.org\/image\" title=\"\" alt=\"arbor-vertitur-exhibition-verba-brooch-glass-wood\" style=\"width: 162px; height: 108px;\" \/> <\/div> <div class=\"tiled-gallery-item tiled-gallery-item-small\" itemprop=\"associatedMedia\" itemscope itemtype=\"http:\/\/schema.org\/ImageObject\"> <meta itemprop=\"width\" content=\"162\"> <meta itemprop=\"height\" content=\"108\"> <img data-attachment-id=\"6269\" data-orig-file=\"https:\/\/www.verba.lv\/wp-content\/uploads\/fanigina-11.jpg\" data-orig-size=\"800,533\" data-comments-opened=\"\" data-image-meta=\"{&quot;aperture&quot;:&quot;18&quot;,&quot;credit&quot;:&quot;Vladimir Svetlov&quot;,&quot;camera&quot;:&quot;Canon EOS 5D Mark III&quot;,&quot;caption&quot;:&quot;&quot;,&quot;created_timestamp&quot;:&quot;1538996382&quot;,&quot;copyright&quot;:&quot;&quot;,&quot;focal_length&quot;:&quot;100&quot;,&quot;iso&quot;:&quot;250&quot;,&quot;shutter_speed&quot;:&quot;0.00625&quot;,&quot;title&quot;:&quot;&quot;,&quot;orientation&quot;:&quot;1&quot;}\" data-image-title=\"\" data-image-description=\"\" data-medium-file=\"https:\/\/www.verba.lv\/wp-content\/uploads\/fanigina-11-400x267.jpg\" data-large-file=\"https:\/\/www.verba.lv\/wp-content\/uploads\/fanigina-11.jpg\" src=\"https:\/\/i0.wp.com\/www.verba.lv\/wp-content\/uploads\/fanigina-11.jpg?w=162&#038;h=108&#038;ssl=1\" width=\"162\" height=\"108\" data-original-width=\"162\" data-original-height=\"108\" itemprop=\"http:\/\/schema.org\/image\" title=\"\" alt=\"arbor-vertitur-exhibition-verba-brooch-glass-wood\" style=\"width: 162px; height: 108px;\" \/> <\/div> <\/div> <!-- close group --> <\/div> <!-- close row --> <div class=\"gallery-row\" style=\"width: 500px; height: 112px;\" data-original-width=\"500\" data-original-height=\"112\" > <div class=\"gallery-group images-1\" style=\"width: 167px; height: 112px;\" data-original-width=\"167\" data-original-height=\"112\" > <div class=\"tiled-gallery-item tiled-gallery-item-small\" itemprop=\"associatedMedia\" itemscope itemtype=\"http:\/\/schema.org\/ImageObject\"> <meta itemprop=\"width\" content=\"163\"> <meta itemprop=\"height\" content=\"108\"> <img data-attachment-id=\"6267\" data-orig-file=\"https:\/\/www.verba.lv\/wp-content\/uploads\/fanigina-10.jpg\" data-orig-size=\"800,533\" data-comments-opened=\"\" data-image-meta=\"{&quot;aperture&quot;:&quot;16&quot;,&quot;credit&quot;:&quot;Vladimir Svetlov&quot;,&quot;camera&quot;:&quot;Canon EOS 5D Mark III&quot;,&quot;caption&quot;:&quot;&quot;,&quot;created_timestamp&quot;:&quot;1538995875&quot;,&quot;copyright&quot;:&quot;&quot;,&quot;focal_length&quot;:&quot;100&quot;,&quot;iso&quot;:&quot;250&quot;,&quot;shutter_speed&quot;:&quot;0.00625&quot;,&quot;title&quot;:&quot;&quot;,&quot;orientation&quot;:&quot;1&quot;}\" data-image-title=\"\" data-image-description=\"\" data-medium-file=\"https:\/\/www.verba.lv\/wp-content\/uploads\/fanigina-10-400x267.jpg\" data-large-file=\"https:\/\/www.verba.lv\/wp-content\/uploads\/fanigina-10.jpg\" src=\"https:\/\/i0.wp.com\/www.verba.lv\/wp-content\/uploads\/fanigina-10.jpg?w=163&#038;h=108&#038;ssl=1\" width=\"163\" height=\"108\" data-original-width=\"163\" data-original-height=\"108\" itemprop=\"http:\/\/schema.org\/image\" title=\"\" alt=\"arbor-vertitur-exhibition-verba-brooch-glass-wood\" style=\"width: 163px; height: 108px;\" \/> <\/div> <\/div> <!-- close group --> <div class=\"gallery-group images-1\" style=\"width: 167px; height: 112px;\" data-original-width=\"167\" data-original-height=\"112\" > <div class=\"tiled-gallery-item tiled-gallery-item-small\" itemprop=\"associatedMedia\" itemscope itemtype=\"http:\/\/schema.org\/ImageObject\"> <meta itemprop=\"width\" content=\"163\"> <meta itemprop=\"height\" content=\"108\"> <img data-attachment-id=\"6265\" data-orig-file=\"https:\/\/www.verba.lv\/wp-content\/uploads\/fanigina-9.jpg\" data-orig-size=\"800,533\" data-comments-opened=\"\" data-image-meta=\"{&quot;aperture&quot;:&quot;16&quot;,&quot;credit&quot;:&quot;Vladimir Svetlov&quot;,&quot;camera&quot;:&quot;Canon EOS 5D Mark III&quot;,&quot;caption&quot;:&quot;&quot;,&quot;created_timestamp&quot;:&quot;1538997051&quot;,&quot;copyright&quot;:&quot;&quot;,&quot;focal_length&quot;:&quot;100&quot;,&quot;iso&quot;:&quot;250&quot;,&quot;shutter_speed&quot;:&quot;0.00625&quot;,&quot;title&quot;:&quot;&quot;,&quot;orientation&quot;:&quot;1&quot;}\" data-image-title=\"\" data-image-description=\"\" data-medium-file=\"https:\/\/www.verba.lv\/wp-content\/uploads\/fanigina-9-400x267.jpg\" data-large-file=\"https:\/\/www.verba.lv\/wp-content\/uploads\/fanigina-9.jpg\" src=\"https:\/\/i0.wp.com\/www.verba.lv\/wp-content\/uploads\/fanigina-9.jpg?w=163&#038;h=108&#038;ssl=1\" width=\"163\" height=\"108\" data-original-width=\"163\" data-original-height=\"108\" itemprop=\"http:\/\/schema.org\/image\" title=\"\" alt=\"arbor-vertitur-exhibition-verba-brooch-glass-wood\" style=\"width: 163px; height: 108px;\" \/> <\/div> <\/div> <!-- close group --> <div class=\"gallery-group images-1\" style=\"width: 166px; height: 112px;\" data-original-width=\"166\" data-original-height=\"112\" > <div class=\"tiled-gallery-item tiled-gallery-item-small\" itemprop=\"associatedMedia\" itemscope itemtype=\"http:\/\/schema.org\/ImageObject\"> <meta itemprop=\"width\" content=\"162\"> <meta itemprop=\"height\" content=\"108\"> <img data-attachment-id=\"6263\" data-orig-file=\"https:\/\/www.verba.lv\/wp-content\/uploads\/fanigina-8.jpg\" data-orig-size=\"800,533\" data-comments-opened=\"\" data-image-meta=\"{&quot;aperture&quot;:&quot;16&quot;,&quot;credit&quot;:&quot;Vladimir Svetlov&quot;,&quot;camera&quot;:&quot;Canon EOS 5D Mark III&quot;,&quot;caption&quot;:&quot;&quot;,&quot;created_timestamp&quot;:&quot;1538997257&quot;,&quot;copyright&quot;:&quot;&quot;,&quot;focal_length&quot;:&quot;100&quot;,&quot;iso&quot;:&quot;250&quot;,&quot;shutter_speed&quot;:&quot;0.00625&quot;,&quot;title&quot;:&quot;&quot;,&quot;orientation&quot;:&quot;1&quot;}\" data-image-title=\"\" data-image-description=\"\" data-medium-file=\"https:\/\/www.verba.lv\/wp-content\/uploads\/fanigina-8-400x267.jpg\" data-large-file=\"https:\/\/www.verba.lv\/wp-content\/uploads\/fanigina-8.jpg\" src=\"https:\/\/i0.wp.com\/www.verba.lv\/wp-content\/uploads\/fanigina-8.jpg?w=162&#038;h=108&#038;ssl=1\" width=\"162\" height=\"108\" data-original-width=\"162\" data-original-height=\"108\" itemprop=\"http:\/\/schema.org\/image\" title=\"\" alt=\"arbor-vertitur-exhibition-verba-brooch-glass-wood\" style=\"width: 162px; height: 108px;\" \/> <\/div> <\/div> <!-- close group --> <\/div> <!-- close row --> <div class=\"gallery-row\" style=\"width: 500px; height: 224px;\" data-original-width=\"500\" data-original-height=\"224\" > <div class=\"gallery-group images-2\" style=\"width: 166px; height: 224px;\" data-original-width=\"166\" data-original-height=\"224\" > <div class=\"tiled-gallery-item tiled-gallery-item-small\" itemprop=\"associatedMedia\" itemscope itemtype=\"http:\/\/schema.org\/ImageObject\"> <meta itemprop=\"width\" content=\"162\"> <meta itemprop=\"height\" content=\"108\"> <img data-attachment-id=\"6259\" data-orig-file=\"https:\/\/www.verba.lv\/wp-content\/uploads\/fanigina-6.jpg\" data-orig-size=\"800,534\" data-comments-opened=\"\" data-image-meta=\"{&quot;aperture&quot;:&quot;16&quot;,&quot;credit&quot;:&quot;Vladimir Svetlov&quot;,&quot;camera&quot;:&quot;Canon EOS 5D Mark III&quot;,&quot;caption&quot;:&quot;&quot;,&quot;created_timestamp&quot;:&quot;1538996692&quot;,&quot;copyright&quot;:&quot;&quot;,&quot;focal_length&quot;:&quot;100&quot;,&quot;iso&quot;:&quot;250&quot;,&quot;shutter_speed&quot;:&quot;0.00625&quot;,&quot;title&quot;:&quot;&quot;,&quot;orientation&quot;:&quot;1&quot;}\" data-image-title=\"\" data-image-description=\"\" data-medium-file=\"https:\/\/www.verba.lv\/wp-content\/uploads\/fanigina-6-400x267.jpg\" data-large-file=\"https:\/\/www.verba.lv\/wp-content\/uploads\/fanigina-6.jpg\" src=\"https:\/\/i0.wp.com\/www.verba.lv\/wp-content\/uploads\/fanigina-6.jpg?w=162&#038;h=108&#038;ssl=1\" width=\"162\" height=\"108\" data-original-width=\"162\" data-original-height=\"108\" itemprop=\"http:\/\/schema.org\/image\" title=\"\" alt=\"arbor-vertitur-exhibition-verba-brooch-glass-wood\" style=\"width: 162px; height: 108px;\" \/> <\/div> <div class=\"tiled-gallery-item tiled-gallery-item-small\" itemprop=\"associatedMedia\" itemscope itemtype=\"http:\/\/schema.org\/ImageObject\"> <meta itemprop=\"width\" content=\"162\"> <meta itemprop=\"height\" content=\"108\"> <img data-attachment-id=\"6257\" data-orig-file=\"https:\/\/www.verba.lv\/wp-content\/uploads\/fanigina-5.jpg\" data-orig-size=\"800,533\" data-comments-opened=\"\" data-image-meta=\"{&quot;aperture&quot;:&quot;16&quot;,&quot;credit&quot;:&quot;Vladimir Svetlov&quot;,&quot;camera&quot;:&quot;Canon EOS 5D Mark III&quot;,&quot;caption&quot;:&quot;&quot;,&quot;created_timestamp&quot;:&quot;1538997164&quot;,&quot;copyright&quot;:&quot;&quot;,&quot;focal_length&quot;:&quot;100&quot;,&quot;iso&quot;:&quot;250&quot;,&quot;shutter_speed&quot;:&quot;0.00625&quot;,&quot;title&quot;:&quot;&quot;,&quot;orientation&quot;:&quot;1&quot;}\" data-image-title=\"\" data-image-description=\"\" data-medium-file=\"https:\/\/www.verba.lv\/wp-content\/uploads\/fanigina-5-400x267.jpg\" data-large-file=\"https:\/\/www.verba.lv\/wp-content\/uploads\/fanigina-5.jpg\" src=\"https:\/\/i0.wp.com\/www.verba.lv\/wp-content\/uploads\/fanigina-5.jpg?w=162&#038;h=108&#038;ssl=1\" width=\"162\" height=\"108\" data-original-width=\"162\" data-original-height=\"108\" itemprop=\"http:\/\/schema.org\/image\" title=\"\" alt=\"arbor-vertitur-exhibition-verba-brooch-glass-wood\" style=\"width: 162px; height: 108px;\" \/> <\/div> <\/div> <!-- close group --> <div class=\"gallery-group images-1\" style=\"width: 334px; height: 224px;\" data-original-width=\"334\" data-original-height=\"224\" > <div class=\"tiled-gallery-item tiled-gallery-item-large\" itemprop=\"associatedMedia\" itemscope itemtype=\"http:\/\/schema.org\/ImageObject\"> <meta itemprop=\"width\" content=\"330\"> <meta itemprop=\"height\" content=\"220\"> <img data-attachment-id=\"6255\" data-orig-file=\"https:\/\/www.verba.lv\/wp-content\/uploads\/fanigina-4.jpg\" data-orig-size=\"800,533\" data-comments-opened=\"\" data-image-meta=\"{&quot;aperture&quot;:&quot;13&quot;,&quot;credit&quot;:&quot;Vladimir Svetlov&quot;,&quot;camera&quot;:&quot;Canon EOS 5D Mark III&quot;,&quot;caption&quot;:&quot;&quot;,&quot;created_timestamp&quot;:&quot;1538995692&quot;,&quot;copyright&quot;:&quot;&quot;,&quot;focal_length&quot;:&quot;100&quot;,&quot;iso&quot;:&quot;250&quot;,&quot;shutter_speed&quot;:&quot;0.00625&quot;,&quot;title&quot;:&quot;&quot;,&quot;orientation&quot;:&quot;1&quot;}\" data-image-title=\"\" data-image-description=\"\" data-medium-file=\"https:\/\/www.verba.lv\/wp-content\/uploads\/fanigina-4-400x267.jpg\" data-large-file=\"https:\/\/www.verba.lv\/wp-content\/uploads\/fanigina-4.jpg\" src=\"https:\/\/i0.wp.com\/www.verba.lv\/wp-content\/uploads\/fanigina-4.jpg?w=330&#038;h=220&#038;ssl=1\" width=\"330\" height=\"220\" data-original-width=\"330\" data-original-height=\"220\" itemprop=\"http:\/\/schema.org\/image\" title=\"\" alt=\"arbor-vertitur-exhibition-verba-brooch-glass-wood\" style=\"width: 330px; height: 220px;\" \/> <\/div> <\/div> <!-- close group --> <\/div> <!-- close row --> <div class=\"gallery-row\" style=\"width: 500px; height: 85px;\" data-original-width=\"500\" data-original-height=\"85\" > <div class=\"gallery-group images-1\" style=\"width: 125px; height: 85px;\" data-original-width=\"125\" data-original-height=\"85\" > <div class=\"tiled-gallery-item tiled-gallery-item-small\" itemprop=\"associatedMedia\" itemscope itemtype=\"http:\/\/schema.org\/ImageObject\"> <meta itemprop=\"width\" content=\"121\"> <meta itemprop=\"height\" content=\"81\"> <img data-attachment-id=\"6253\" data-orig-file=\"https:\/\/www.verba.lv\/wp-content\/uploads\/fanigina-3.jpg\" data-orig-size=\"800,533\" data-comments-opened=\"\" data-image-meta=\"{&quot;aperture&quot;:&quot;16&quot;,&quot;credit&quot;:&quot;Vladimir Svetlov&quot;,&quot;camera&quot;:&quot;Canon EOS 5D Mark III&quot;,&quot;caption&quot;:&quot;&quot;,&quot;created_timestamp&quot;:&quot;1538997297&quot;,&quot;copyright&quot;:&quot;&quot;,&quot;focal_length&quot;:&quot;100&quot;,&quot;iso&quot;:&quot;250&quot;,&quot;shutter_speed&quot;:&quot;0.00625&quot;,&quot;title&quot;:&quot;&quot;,&quot;orientation&quot;:&quot;1&quot;}\" data-image-title=\"\" data-image-description=\"\" data-medium-file=\"https:\/\/www.verba.lv\/wp-content\/uploads\/fanigina-3-400x267.jpg\" data-large-file=\"https:\/\/www.verba.lv\/wp-content\/uploads\/fanigina-3.jpg\" src=\"https:\/\/i0.wp.com\/www.verba.lv\/wp-content\/uploads\/fanigina-3.jpg?w=121&#038;h=81&#038;ssl=1\" width=\"121\" height=\"81\" data-original-width=\"121\" data-original-height=\"81\" itemprop=\"http:\/\/schema.org\/image\" title=\"\" alt=\"arbor-vertitur-exhibition-verba-brooch-glass-wood\" style=\"width: 121px; height: 81px;\" \/> <\/div> <\/div> <!-- close group --> <div class=\"gallery-group images-1\" style=\"width: 125px; height: 85px;\" data-original-width=\"125\" data-original-height=\"85\" > <div class=\"tiled-gallery-item tiled-gallery-item-small\" itemprop=\"associatedMedia\" itemscope itemtype=\"http:\/\/schema.org\/ImageObject\"> <meta itemprop=\"width\" content=\"121\"> <meta itemprop=\"height\" content=\"81\"> <img data-attachment-id=\"6251\" data-orig-file=\"https:\/\/www.verba.lv\/wp-content\/uploads\/fanigina-2.jpg\" data-orig-size=\"800,533\" data-comments-opened=\"\" data-image-meta=\"{&quot;aperture&quot;:&quot;16&quot;,&quot;credit&quot;:&quot;Vladimir Svetlov&quot;,&quot;camera&quot;:&quot;Canon EOS 5D Mark III&quot;,&quot;caption&quot;:&quot;&quot;,&quot;created_timestamp&quot;:&quot;1538997856&quot;,&quot;copyright&quot;:&quot;&quot;,&quot;focal_length&quot;:&quot;100&quot;,&quot;iso&quot;:&quot;250&quot;,&quot;shutter_speed&quot;:&quot;0.00625&quot;,&quot;title&quot;:&quot;&quot;,&quot;orientation&quot;:&quot;1&quot;}\" data-image-title=\"\" data-image-description=\"\" data-medium-file=\"https:\/\/www.verba.lv\/wp-content\/uploads\/fanigina-2-400x267.jpg\" data-large-file=\"https:\/\/www.verba.lv\/wp-content\/uploads\/fanigina-2.jpg\" src=\"https:\/\/i0.wp.com\/www.verba.lv\/wp-content\/uploads\/fanigina-2.jpg?w=121&#038;h=81&#038;ssl=1\" width=\"121\" height=\"81\" data-original-width=\"121\" data-original-height=\"81\" itemprop=\"http:\/\/schema.org\/image\" title=\"\" alt=\"arbor-vertitur-exhibition-verba-brooch-glass-wood\" style=\"width: 121px; height: 81px;\" \/> <\/div> <\/div> <!-- close group --> <div class=\"gallery-group images-1\" style=\"width: 125px; height: 85px;\" data-original-width=\"125\" data-original-height=\"85\" > <div class=\"tiled-gallery-item tiled-gallery-item-small\" itemprop=\"associatedMedia\" itemscope itemtype=\"http:\/\/schema.org\/ImageObject\"> <meta itemprop=\"width\" content=\"121\"> <meta itemprop=\"height\" content=\"81\"> <img data-attachment-id=\"6249\" data-orig-file=\"https:\/\/www.verba.lv\/wp-content\/uploads\/fanigina-1.jpg\" data-orig-size=\"800,533\" data-comments-opened=\"\" data-image-meta=\"{&quot;aperture&quot;:&quot;16&quot;,&quot;credit&quot;:&quot;Vladimir Svetlov&quot;,&quot;camera&quot;:&quot;Canon EOS 5D Mark III&quot;,&quot;caption&quot;:&quot;&quot;,&quot;created_timestamp&quot;:&quot;1538998058&quot;,&quot;copyright&quot;:&quot;&quot;,&quot;focal_length&quot;:&quot;100&quot;,&quot;iso&quot;:&quot;250&quot;,&quot;shutter_speed&quot;:&quot;0.00625&quot;,&quot;title&quot;:&quot;&quot;,&quot;orientation&quot;:&quot;1&quot;}\" data-image-title=\"\" data-image-description=\"\" data-medium-file=\"https:\/\/www.verba.lv\/wp-content\/uploads\/fanigina-1-400x267.jpg\" data-large-file=\"https:\/\/www.verba.lv\/wp-content\/uploads\/fanigina-1.jpg\" src=\"https:\/\/i0.wp.com\/www.verba.lv\/wp-content\/uploads\/fanigina-1.jpg?w=121&#038;h=81&#038;ssl=1\" width=\"121\" height=\"81\" data-original-width=\"121\" data-original-height=\"81\" itemprop=\"http:\/\/schema.org\/image\" title=\"\" alt=\"arbor-vertitur-exhibition-verba-brooch-glass-wood\" style=\"width: 121px; height: 81px;\" \/> <\/div> <\/div> <!-- close group --> <div class=\"gallery-group images-1\" style=\"width: 125px; height: 85px;\" data-original-width=\"125\" data-original-height=\"85\" > <div class=\"tiled-gallery-item tiled-gallery-item-small\" itemprop=\"associatedMedia\" itemscope itemtype=\"http:\/\/schema.org\/ImageObject\"> <meta itemprop=\"width\" content=\"121\"> <meta itemprop=\"height\" content=\"81\"> <img data-attachment-id=\"6273\" data-orig-file=\"https:\/\/www.verba.lv\/wp-content\/uploads\/45175796_2021771507903152_7521977504832159744_n.jpg\" data-orig-size=\"960,640\" data-comments-opened=\"\" data-image-meta=\"{&quot;aperture&quot;:&quot;0&quot;,&quot;credit&quot;:&quot;TRAUBE&quot;,&quot;camera&quot;:&quot;&quot;,&quot;caption&quot;:&quot;&quot;,&quot;created_timestamp&quot;:&quot;0&quot;,&quot;copyright&quot;:&quot;ALEXANDRA TRAUBE&quot;,&quot;focal_length&quot;:&quot;0&quot;,&quot;iso&quot;:&quot;0&quot;,&quot;shutter_speed&quot;:&quot;0&quot;,&quot;title&quot;:&quot;&quot;,&quot;orientation&quot;:&quot;0&quot;}\" data-image-title=\"\" data-image-description=\"\" data-medium-file=\"https:\/\/www.verba.lv\/wp-content\/uploads\/45175796_2021771507903152_7521977504832159744_n-400x267.jpg\" data-large-file=\"https:\/\/www.verba.lv\/wp-content\/uploads\/45175796_2021771507903152_7521977504832159744_n.jpg\" src=\"https:\/\/i0.wp.com\/www.verba.lv\/wp-content\/uploads\/45175796_2021771507903152_7521977504832159744_n.jpg?w=121&#038;h=81&#038;ssl=1\" width=\"121\" height=\"81\" data-original-width=\"121\" data-original-height=\"81\" itemprop=\"http:\/\/schema.org\/image\" title=\"\" alt=\"arbor-vertitur-exhibition-verba-brooch-glass-wood\" style=\"width: 121px; height: 81px;\" \/> <\/div> <\/div> <!-- close group --> <\/div> <!-- close row --> <\/div>\n<p style=\"text-align: center;\">\n","protected":false},"excerpt":{"rendered":"<p>ARBOR VERTITUR, 2019 Anna Faniginas bro\u0161u kolekcija ARBOR VERTITUR (no lat\u012b\u0146u valodas &#8220;koks p\u0101rv\u0113r\u0161as&#8220;) ir rad\u012bta no sudraba, vintage stikla un koka. Koka elementiem tika izmantota Ziemassv\u0113tku egl\u012bte, kas p\u0113rn rot\u0101ja dizaineres studiju. Kolekcijas galven\u0101 ideja ir p\u0101veido\u0161ana, dz\u012bves cikla izp\u0113te. Egl\u012bte tam ir spilgts piem\u0113rs \u2013 aizvakar t\u0101 auga me\u017e\u0101, vakar t\u0101 bija galvenais [&hellip;]<\/p>\n","protected":false},"author":4,"featured_media":0,"parent":6744,"menu_order":2,"comment_status":"closed","ping_status":"closed","template":"","meta":{"jetpack_post_was_ever_published":false},"aioseo_notices":[],"jetpack_shortlink":"https:\/\/wp.me\/P41l5H-1KS","jetpack_sharing_enabled":true,"jetpack_likes_enabled":true,"_links":{"self":[{"href":"https:\/\/www.verba.lv\/lv\/wp-json\/wp\/v2\/pages\/6750"}],"collection":[{"href":"https:\/\/www.verba.lv\/lv\/wp-json\/wp\/v2\/pages"}],"about":[{"href":"https:\/\/www.verba.lv\/lv\/wp-json\/wp\/v2\/types\/page"}],"author":[{"embeddable":true,"href":"https:\/\/www.verba.lv\/lv\/wp-json\/wp\/v2\/users\/4"}],"replies":[{"embeddable":true,"href":"https:\/\/www.verba.lv\/lv\/wp-json\/wp\/v2\/comments?post=6750"}],"version-history":[{"count":10,"href":"https:\/\/www.verba.lv\/lv\/wp-json\/wp\/v2\/pages\/6750\/revisions"}],"predecessor-version":[{"id":11034,"href":"https:\/\/www.verba.lv\/lv\/wp-json\/wp\/v2\/pages\/6750\/revisions\/11034"}],"up":[{"embeddable":true,"href":"https:\/\/www.verba.lv\/lv\/wp-json\/wp\/v2\/pages\/6744"}],"wp:attachment":[{"href":"https:\/\/www.verba.lv\/lv\/wp-json\/wp\/v2\/media?parent=6750"}],"curies":[{"name":"wp","href":"https:\/\/api.w.org\/{rel}","templated":true}]}}