{"id":6754,"date":"2018-10-10T12:08:03","date_gmt":"2018-10-10T12:08:03","guid":{"rendered":"https:\/\/www.verba.lv\/exhibitions\/arcus\/"},"modified":"2023-11-14T22:03:45","modified_gmt":"2023-11-14T22:03:45","slug":"arcus","status":"publish","type":"page","link":"https:\/\/www.verba.lv\/lv\/izstades\/arcus\/","title":{"rendered":"ARCUS VEN\u0112CIJAS DIZAINA NED\u0112\u013b\u0100 2018"},"content":{"rendered":"<p style=\"text-align: center;\"><strong>ARCUS, 2018<\/strong><\/p>\n<p style=\"text-align: justify;\">Kolekcij\u0101 ARCUS (&#8220;<strong>varav\u012bksne<\/strong>&#8221; lat\u012b\u0146u valod\u0101) prezent\u0113ti gredzeni no organisk\u0101 stikla, ar akme\u0146iem vismaig\u0101kajos kr\u0101su to\u0146os. Pirms instal\u0101cijas rad\u012b\u0161anas, dizainere r\u016bp\u012bgi izp\u0113t\u012bjusi galerij\u0101 kr\u012bto\u0161o saules staru kust\u012bbas trajektoriju, lai veidotu kompoz\u012bciju, balstoties uz \u0161iem nov\u0113rojumiem.\u00a0Mijiedarb\u012bb\u0101 ar gredzeniem, kas stiprin\u0101ti starp galerijas griestiem un gr\u012bdu, gaisma, kas katru dienu uz div\u0101m stund\u0101m iepl\u016bst izst\u0101des telp\u0101s, rada \u012bstas varav\u012bksnes efektu.<\/p>\n<p style=\"text-align: justify;\">\u201c\u0160\u012b kolekcija ir ne tikai m\u0113\u0123in\u0101jums piepild\u012bt sapni par tuvo\u0161anos varav\u012bksnei un it k\u0101 pieskar\u0161anos tai, bet ar\u012b iesp\u0113ja ar gredzeniem nest \u0161os kr\u0101sainos gaismas starus uz savas rokas katru dienu! Instal\u0101cijas galven\u0101 arka apvieno 21 gredzenu no organisk\u0101 stikla, ar v\u0113st\u012bjumiem lat\u012b\u0146u un sengrie\u0137u valod\u0101s,\u201d ar saj\u016bt\u0101m dal\u0101s dizainere Anna Fanigina, \u2014 \u201c kolekcijas viegluma un caursp\u012bd\u012bguma pras\u012bbas noteica ar\u012b materi\u0101lu izv\u0113li, kas \u0161aj\u0101 gad\u012bjum\u0101 ir silto to\u0146u organiskais stikls un caursp\u012bd\u012bgi dab\u012bgie akme\u0146i v\u0113sos to\u0146os.\u201d<\/p>\n<p style=\"text-align: justify;\">Dizainere pirmo reizi rad\u012bjusi rotu kolekciju, kur\u0101 k\u0101 izejmateri\u0101ls netika izmantots met\u0101ls, t\u0101p\u0113c t\u0101 ir gan k\u0101 eksperiments, gan iesp\u0113ja realiz\u0113t savas idejas jaun\u0101 tehnik\u0101. Kolekcija tika izst\u0101d\u012bta 2018. gada oktobr\u012b Ven\u0113cijas dizaina ned\u0113\u013cas laik\u0101 galerij\u0101 Art Studio Larkina.<\/p>\n<p>Izst\u0101des:<br \/>\n2018.gada 6.oktobris l\u012bdz 2018.gada 14.oktobris, Art Studio Larkina, Ven\u0113cija, It\u0101lija<\/p>\n<div class=\"tiled-gallery type-rectangular tiled-gallery-unresized\" data-original-width=\"500\" data-carousel-extra='{&quot;blog_id&quot;:1,&quot;permalink&quot;:&quot;https:\\\/\\\/www.verba.lv\\\/lv\\\/izstades\\\/arcus\\\/&quot;,&quot;likes_blog_id&quot;:59424749}' itemscope itemtype=\"http:\/\/schema.org\/ImageGallery\" > <div class=\"gallery-row\" style=\"width: 500px; height: 228px;\" data-original-width=\"500\" data-original-height=\"228\" > <div class=\"gallery-group images-1\" style=\"width: 340px; height: 228px;\" data-original-width=\"340\" data-original-height=\"228\" > <div class=\"tiled-gallery-item tiled-gallery-item-large\" itemprop=\"associatedMedia\" itemscope itemtype=\"http:\/\/schema.org\/ImageObject\"> <meta itemprop=\"width\" content=\"336\"> <meta itemprop=\"height\" content=\"224\"> <img data-attachment-id=\"11217\" data-orig-file=\"https:\/\/www.verba.lv\/wp-content\/uploads\/arcus-collection-anna-fanigina-verba-jewelry-acrilyc.jpg\" data-orig-size=\"1000,667\" data-comments-opened=\"\" data-image-meta=\"{&quot;aperture&quot;:&quot;0&quot;,&quot;credit&quot;:&quot;&quot;,&quot;camera&quot;:&quot;&quot;,&quot;caption&quot;:&quot;&quot;,&quot;created_timestamp&quot;:&quot;0&quot;,&quot;copyright&quot;:&quot;&quot;,&quot;focal_length&quot;:&quot;0&quot;,&quot;iso&quot;:&quot;0&quot;,&quot;shutter_speed&quot;:&quot;0&quot;,&quot;title&quot;:&quot;&quot;,&quot;orientation&quot;:&quot;0&quot;}\" data-image-title=\"\" data-image-description=\"\" data-medium-file=\"https:\/\/www.verba.lv\/wp-content\/uploads\/arcus-collection-anna-fanigina-verba-jewelry-acrilyc-400x267.jpg\" data-large-file=\"https:\/\/www.verba.lv\/wp-content\/uploads\/arcus-collection-anna-fanigina-verba-jewelry-acrilyc.jpg\" src=\"https:\/\/i0.wp.com\/www.verba.lv\/wp-content\/uploads\/arcus-collection-anna-fanigina-verba-jewelry-acrilyc.jpg?w=336&#038;h=224&#038;ssl=1\" width=\"336\" height=\"224\" data-original-width=\"336\" data-original-height=\"224\" itemprop=\"http:\/\/schema.org\/image\" title=\"\" alt=\"arcus-collection-anna-fanigina-verba-jewelry-acrilyc\" style=\"width: 336px; height: 224px;\" \/> <\/div> <\/div> <!-- close group --> <div class=\"gallery-group images-2\" style=\"width: 160px; height: 228px;\" data-original-width=\"160\" data-original-height=\"228\" > <div class=\"tiled-gallery-item tiled-gallery-item-small\" itemprop=\"associatedMedia\" itemscope itemtype=\"http:\/\/schema.org\/ImageObject\"> <meta itemprop=\"width\" content=\"156\"> <meta itemprop=\"height\" content=\"104\"> <img data-attachment-id=\"5919\" data-orig-file=\"https:\/\/www.verba.lv\/wp-content\/uploads\/ARCUS-8.gif\" data-orig-size=\"1000,667\" data-comments-opened=\"\" data-image-meta=\"{&quot;aperture&quot;:&quot;0&quot;,&quot;credit&quot;:&quot;&quot;,&quot;camera&quot;:&quot;&quot;,&quot;caption&quot;:&quot;&quot;,&quot;created_timestamp&quot;:&quot;0&quot;,&quot;copyright&quot;:&quot;&quot;,&quot;focal_length&quot;:&quot;0&quot;,&quot;iso&quot;:&quot;0&quot;,&quot;shutter_speed&quot;:&quot;0&quot;,&quot;title&quot;:&quot;&quot;,&quot;orientation&quot;:&quot;0&quot;}\" data-image-title=\"\" data-image-description=\"&lt;p&gt;Ring from plexiglass with rose quartz and inscription in Latin&lt;\/p&gt; \" data-medium-file=\"https:\/\/www.verba.lv\/wp-content\/uploads\/ARCUS-8-400x267.gif\" data-large-file=\"https:\/\/www.verba.lv\/wp-content\/uploads\/ARCUS-8.gif\" src=\"https:\/\/i0.wp.com\/www.verba.lv\/wp-content\/uploads\/ARCUS-8.gif?w=156&#038;h=104&#038;ssl=1\" width=\"156\" height=\"104\" data-original-width=\"156\" data-original-height=\"104\" itemprop=\"http:\/\/schema.org\/image\" title=\"\" alt=\"arcus-collection-exhibiton-anna-fanigina\" style=\"width: 156px; height: 104px;\" \/> <div class=\"tiled-gallery-caption\" itemprop=\"caption description\"> DECUS CAELI \/ debesu skaistums \/ \u043a\u0440\u0430\u0441\u0430 \u043d\u0435\u0431\u0430 \/ beauty of the sky \/ la bellezza del cielo (Virgil \u201cThe Aeneid\u201d) <\/div> <\/div> <div class=\"tiled-gallery-item tiled-gallery-item-small\" itemprop=\"associatedMedia\" itemscope itemtype=\"http:\/\/schema.org\/ImageObject\"> <meta itemprop=\"width\" content=\"156\"> <meta itemprop=\"height\" content=\"116\"> <img data-attachment-id=\"5929\" data-orig-file=\"https:\/\/www.verba.lv\/wp-content\/uploads\/ARCUS-5.gif\" data-orig-size=\"1000,750\" data-comments-opened=\"\" data-image-meta=\"{&quot;aperture&quot;:&quot;0&quot;,&quot;credit&quot;:&quot;&quot;,&quot;camera&quot;:&quot;&quot;,&quot;caption&quot;:&quot;&quot;,&quot;created_timestamp&quot;:&quot;0&quot;,&quot;copyright&quot;:&quot;&quot;,&quot;focal_length&quot;:&quot;0&quot;,&quot;iso&quot;:&quot;0&quot;,&quot;shutter_speed&quot;:&quot;0&quot;,&quot;title&quot;:&quot;&quot;,&quot;orientation&quot;:&quot;0&quot;}\" data-image-title=\"\" data-image-description=\"&lt;p&gt;Collection ARCUS (rainbow) at the ART Studio Loreta Larkina, where it was exhibited during VENICE DESIGN WEEK 2018&lt;\/p&gt; \" data-medium-file=\"https:\/\/www.verba.lv\/wp-content\/uploads\/ARCUS-5-400x300.gif\" data-large-file=\"https:\/\/www.verba.lv\/wp-content\/uploads\/ARCUS-5.gif\" src=\"https:\/\/i0.wp.com\/www.verba.lv\/wp-content\/uploads\/ARCUS-5.gif?w=156&#038;h=116&#038;ssl=1\" width=\"156\" height=\"116\" data-original-width=\"156\" data-original-height=\"116\" itemprop=\"http:\/\/schema.org\/image\" title=\"\" alt=\"arcus-collection-exhibition\" style=\"width: 156px; height: 116px;\" \/> <\/div> <\/div> <!-- close group --> <\/div> <!-- close row --> <div class=\"gallery-row\" style=\"width: 500px; height: 436px;\" data-original-width=\"500\" data-original-height=\"436\" > <div class=\"gallery-group images-3\" style=\"width: 208px; height: 436px;\" data-original-width=\"208\" data-original-height=\"436\" > <div class=\"tiled-gallery-item tiled-gallery-item-small\" itemprop=\"associatedMedia\" itemscope itemtype=\"http:\/\/schema.org\/ImageObject\"> <meta itemprop=\"width\" content=\"204\"> <meta itemprop=\"height\" content=\"136\"> <img data-attachment-id=\"5921\" data-orig-file=\"https:\/\/www.verba.lv\/wp-content\/uploads\/ARCUS-15.gif\" data-orig-size=\"1000,667\" data-comments-opened=\"\" data-image-meta=\"{&quot;aperture&quot;:&quot;0&quot;,&quot;credit&quot;:&quot;&quot;,&quot;camera&quot;:&quot;&quot;,&quot;caption&quot;:&quot;&quot;,&quot;created_timestamp&quot;:&quot;0&quot;,&quot;copyright&quot;:&quot;&quot;,&quot;focal_length&quot;:&quot;0&quot;,&quot;iso&quot;:&quot;0&quot;,&quot;shutter_speed&quot;:&quot;0&quot;,&quot;title&quot;:&quot;&quot;,&quot;orientation&quot;:&quot;0&quot;}\" data-image-title=\"\" data-image-description=\"&lt;p&gt;Ring from plexiglass with amethyst and inscription in Latin&lt;\/p&gt; \" data-medium-file=\"https:\/\/www.verba.lv\/wp-content\/uploads\/ARCUS-15-400x267.gif\" data-large-file=\"https:\/\/www.verba.lv\/wp-content\/uploads\/ARCUS-15.gif\" src=\"https:\/\/i0.wp.com\/www.verba.lv\/wp-content\/uploads\/ARCUS-15.gif?w=204&#038;h=136&#038;ssl=1\" width=\"204\" height=\"136\" data-original-width=\"204\" data-original-height=\"136\" itemprop=\"http:\/\/schema.org\/image\" title=\"\" alt=\"arcus-collection-exhibiton-anna-fanigina\" style=\"width: 204px; height: 136px;\" \/> <div class=\"tiled-gallery-caption\" itemprop=\"caption description\"> VIRES ABDITAE \/ nosl\u0113pumainie sp\u0113ki \/ \u0442\u0430\u0438\u043d\u0441\u0442\u0432\u0435\u043d\u043d\u044b\u0435 \u0441\u0438\u043b\u044b \/ mystical powers \/ forze misteriose <\/div> <\/div> <div class=\"tiled-gallery-item tiled-gallery-item-small\" itemprop=\"associatedMedia\" itemscope itemtype=\"http:\/\/schema.org\/ImageObject\"> <meta itemprop=\"width\" content=\"204\"> <meta itemprop=\"height\" content=\"152\"> <img data-attachment-id=\"5925\" data-orig-file=\"https:\/\/www.verba.lv\/wp-content\/uploads\/ARCUS-3-2.gif\" data-orig-size=\"960,720\" data-comments-opened=\"\" data-image-meta=\"{&quot;aperture&quot;:&quot;0&quot;,&quot;credit&quot;:&quot;&quot;,&quot;camera&quot;:&quot;&quot;,&quot;caption&quot;:&quot;&quot;,&quot;created_timestamp&quot;:&quot;0&quot;,&quot;copyright&quot;:&quot;&quot;,&quot;focal_length&quot;:&quot;0&quot;,&quot;iso&quot;:&quot;0&quot;,&quot;shutter_speed&quot;:&quot;0&quot;,&quot;title&quot;:&quot;&quot;,&quot;orientation&quot;:&quot;0&quot;}\" data-image-title=\"\" data-image-description=\"&lt;p&gt;Collection ARCUS (rainbow) at the ART Studio Loreta Larkina, where it was exhibited during VENICE DESIGN WEEK 2018&lt;\/p&gt; \" data-medium-file=\"https:\/\/www.verba.lv\/wp-content\/uploads\/ARCUS-3-2-400x300.gif\" data-large-file=\"https:\/\/www.verba.lv\/wp-content\/uploads\/ARCUS-3-2.gif\" src=\"https:\/\/i0.wp.com\/www.verba.lv\/wp-content\/uploads\/ARCUS-3-2.gif?w=204&#038;h=152&#038;ssl=1\" width=\"204\" height=\"152\" data-original-width=\"204\" data-original-height=\"152\" itemprop=\"http:\/\/schema.org\/image\" title=\"\" alt=\"arcus-collection-exhibition-anna-fanigina\" style=\"width: 204px; height: 152px;\" \/> <\/div> <div class=\"tiled-gallery-item tiled-gallery-item-small\" itemprop=\"associatedMedia\" itemscope itemtype=\"http:\/\/schema.org\/ImageObject\"> <meta itemprop=\"width\" content=\"204\"> <meta itemprop=\"height\" content=\"136\"> <img data-attachment-id=\"5917\" data-orig-file=\"https:\/\/www.verba.lv\/wp-content\/uploads\/ARCUS-3-1.gif\" data-orig-size=\"1000,667\" data-comments-opened=\"\" data-image-meta=\"{&quot;aperture&quot;:&quot;0&quot;,&quot;credit&quot;:&quot;&quot;,&quot;camera&quot;:&quot;&quot;,&quot;caption&quot;:&quot;&quot;,&quot;created_timestamp&quot;:&quot;0&quot;,&quot;copyright&quot;:&quot;&quot;,&quot;focal_length&quot;:&quot;0&quot;,&quot;iso&quot;:&quot;0&quot;,&quot;shutter_speed&quot;:&quot;0&quot;,&quot;title&quot;:&quot;&quot;,&quot;orientation&quot;:&quot;0&quot;}\" data-image-title=\"\" data-image-description=\"&lt;p&gt;Ring from plexiglass with topaz and inscription in Latin&lt;\/p&gt; \" data-medium-file=\"https:\/\/www.verba.lv\/wp-content\/uploads\/ARCUS-3-1-400x267.gif\" data-large-file=\"https:\/\/www.verba.lv\/wp-content\/uploads\/ARCUS-3-1.gif\" src=\"https:\/\/i0.wp.com\/www.verba.lv\/wp-content\/uploads\/ARCUS-3-1.gif?w=204&#038;h=136&#038;ssl=1\" width=\"204\" height=\"136\" data-original-width=\"204\" data-original-height=\"136\" itemprop=\"http:\/\/schema.org\/image\" title=\"\" alt=\"arcus-collection-exhibiton-anna-fanigina\" style=\"width: 204px; height: 136px;\" \/> <div class=\"tiled-gallery-caption\" itemprop=\"caption description\"> ARX CAELI \/ debesjums \/ \u043d\u0435\u0431\u043e\u0441\u0432\u043e\u0434 \/ the roof of heaven \/ volta celeste <\/div> <\/div> <\/div> <!-- close group --> <div class=\"gallery-group images-1\" style=\"width: 292px; height: 436px;\" data-original-width=\"292\" data-original-height=\"436\" > <div class=\"tiled-gallery-item tiled-gallery-item-large\" itemprop=\"associatedMedia\" itemscope itemtype=\"http:\/\/schema.org\/ImageObject\"> <meta itemprop=\"width\" content=\"288\"> <meta itemprop=\"height\" content=\"432\"> <img data-attachment-id=\"6607\" data-orig-file=\"https:\/\/www.verba.lv\/wp-content\/uploads\/anna-fanigina-portret-venezia-exhibition-arcus.jpg\" data-orig-size=\"667,1000\" data-comments-opened=\"\" data-image-meta=\"{&quot;aperture&quot;:&quot;0&quot;,&quot;credit&quot;:&quot;&quot;,&quot;camera&quot;:&quot;&quot;,&quot;caption&quot;:&quot;&quot;,&quot;created_timestamp&quot;:&quot;0&quot;,&quot;copyright&quot;:&quot;&quot;,&quot;focal_length&quot;:&quot;0&quot;,&quot;iso&quot;:&quot;0&quot;,&quot;shutter_speed&quot;:&quot;0&quot;,&quot;title&quot;:&quot;&quot;,&quot;orientation&quot;:&quot;0&quot;}\" data-image-title=\"anna-fanigina-portrait-venezia-exhibition-arcus\" data-image-description=\"&lt;p&gt;photo: Anna Terzi&lt;\/p&gt; \" data-medium-file=\"https:\/\/www.verba.lv\/wp-content\/uploads\/anna-fanigina-portret-venezia-exhibition-arcus-267x400.jpg\" data-large-file=\"https:\/\/www.verba.lv\/wp-content\/uploads\/anna-fanigina-portret-venezia-exhibition-arcus.jpg\" src=\"https:\/\/i0.wp.com\/www.verba.lv\/wp-content\/uploads\/anna-fanigina-portret-venezia-exhibition-arcus.jpg?w=288&#038;h=432&#038;ssl=1\" width=\"288\" height=\"432\" data-original-width=\"288\" data-original-height=\"432\" itemprop=\"http:\/\/schema.org\/image\" title=\"anna-fanigina-portrait-venezia-exhibition-arcus\" alt=\"arcus-collection-exhibiton-anna-fanigina-venezia\" style=\"width: 288px; height: 432px;\" \/> <div class=\"tiled-gallery-caption\" itemprop=\"caption description\"> Anna Fanigina <\/div> <\/div> <\/div> <!-- close group --> <\/div> <!-- close row --> <div class=\"gallery-row\" style=\"width: 500px; height: 87px;\" data-original-width=\"500\" data-original-height=\"87\" > <div class=\"gallery-group images-1\" style=\"width: 129px; height: 87px;\" data-original-width=\"129\" data-original-height=\"87\" > <div class=\"tiled-gallery-item tiled-gallery-item-small\" itemprop=\"associatedMedia\" itemscope itemtype=\"http:\/\/schema.org\/ImageObject\"> <meta itemprop=\"width\" content=\"125\"> <meta itemprop=\"height\" content=\"83\"> <img data-attachment-id=\"5923\" data-orig-file=\"https:\/\/www.verba.lv\/wp-content\/uploads\/ARCUS-collection-exhibition-anna-fanigina-venice-design-week.gif\" data-orig-size=\"1000,667\" data-comments-opened=\"\" data-image-meta=\"{&quot;aperture&quot;:&quot;0&quot;,&quot;credit&quot;:&quot;&quot;,&quot;camera&quot;:&quot;&quot;,&quot;caption&quot;:&quot;&quot;,&quot;created_timestamp&quot;:&quot;0&quot;,&quot;copyright&quot;:&quot;&quot;,&quot;focal_length&quot;:&quot;0&quot;,&quot;iso&quot;:&quot;0&quot;,&quot;shutter_speed&quot;:&quot;0&quot;,&quot;title&quot;:&quot;&quot;,&quot;orientation&quot;:&quot;0&quot;}\" data-image-title=\"\" data-image-description=\"&lt;p&gt;Plexiglass ring with aquamarine and inscription in Latin&lt;\/p&gt; \" data-medium-file=\"https:\/\/www.verba.lv\/wp-content\/uploads\/ARCUS-collection-exhibition-anna-fanigina-venice-design-week-400x267.gif\" data-large-file=\"https:\/\/www.verba.lv\/wp-content\/uploads\/ARCUS-collection-exhibition-anna-fanigina-venice-design-week.gif\" src=\"https:\/\/i0.wp.com\/www.verba.lv\/wp-content\/uploads\/ARCUS-collection-exhibition-anna-fanigina-venice-design-week.gif?w=125&#038;h=83&#038;ssl=1\" width=\"125\" height=\"83\" data-original-width=\"125\" data-original-height=\"83\" itemprop=\"http:\/\/schema.org\/image\" title=\"\" alt=\"arcus-collection-exhibiton-anna-fanigina\" style=\"width: 125px; height: 83px;\" \/> <div class=\"tiled-gallery-caption\" itemprop=\"caption description\"> ZEPHYROS AUDIS SPIRARE SECUNDOS \/ p\u016b\u0161 viegls un silts Zef\u012bra v\u0113j\u0161 \/ \u0434\u0443\u0435\u0442 \u043f\u043e\u043f\u0443\u0442\u043d\u044b\u0439 \u0417\u0435\u0444\u0438\u0440 \/ Zephyr blows with gentle happy wind \/ che soave Zeffiretto <\/div> <\/div> <\/div> <!-- close group --> <div class=\"gallery-group images-1\" style=\"width: 115px; height: 87px;\" data-original-width=\"115\" data-original-height=\"87\" > <div class=\"tiled-gallery-item tiled-gallery-item-small\" itemprop=\"associatedMedia\" itemscope itemtype=\"http:\/\/schema.org\/ImageObject\"> <meta itemprop=\"width\" content=\"111\"> <meta itemprop=\"height\" content=\"83\"> <img data-attachment-id=\"5927\" data-orig-file=\"https:\/\/www.verba.lv\/wp-content\/uploads\/ARCUS-4.gif\" data-orig-size=\"1000,750\" data-comments-opened=\"\" data-image-meta=\"{&quot;aperture&quot;:&quot;0&quot;,&quot;credit&quot;:&quot;&quot;,&quot;camera&quot;:&quot;&quot;,&quot;caption&quot;:&quot;&quot;,&quot;created_timestamp&quot;:&quot;0&quot;,&quot;copyright&quot;:&quot;&quot;,&quot;focal_length&quot;:&quot;0&quot;,&quot;iso&quot;:&quot;0&quot;,&quot;shutter_speed&quot;:&quot;0&quot;,&quot;title&quot;:&quot;&quot;,&quot;orientation&quot;:&quot;0&quot;}\" data-image-title=\"\" data-image-description=\"&lt;p&gt;Collection ARCUS (rainbow) at the ART Studio Loreta Larkina, where it was exhibited during VENICE DESIGN WEEK 2018&lt;\/p&gt; \" data-medium-file=\"https:\/\/www.verba.lv\/wp-content\/uploads\/ARCUS-4-400x300.gif\" data-large-file=\"https:\/\/www.verba.lv\/wp-content\/uploads\/ARCUS-4.gif\" src=\"https:\/\/i0.wp.com\/www.verba.lv\/wp-content\/uploads\/ARCUS-4.gif?w=111&#038;h=83&#038;ssl=1\" width=\"111\" height=\"83\" data-original-width=\"111\" data-original-height=\"83\" itemprop=\"http:\/\/schema.org\/image\" title=\"\" alt=\"arcus-collection-exhibition-anna-fanigina\" style=\"width: 111px; height: 83px;\" \/> <\/div> <\/div> <!-- close group --> <div class=\"gallery-group images-1\" style=\"width: 128px; height: 87px;\" data-original-width=\"128\" data-original-height=\"87\" > <div class=\"tiled-gallery-item tiled-gallery-item-small\" itemprop=\"associatedMedia\" itemscope itemtype=\"http:\/\/schema.org\/ImageObject\"> <meta itemprop=\"width\" content=\"124\"> <meta itemprop=\"height\" content=\"83\"> <img data-attachment-id=\"5979\" data-orig-file=\"https:\/\/www.verba.lv\/wp-content\/uploads\/arcus-rainbow-2018-venice-design-week-anna-fanigina-exhibition.gif\" data-orig-size=\"1000,667\" data-comments-opened=\"\" data-image-meta=\"{&quot;aperture&quot;:&quot;0&quot;,&quot;credit&quot;:&quot;&quot;,&quot;camera&quot;:&quot;&quot;,&quot;caption&quot;:&quot;&quot;,&quot;created_timestamp&quot;:&quot;0&quot;,&quot;copyright&quot;:&quot;&quot;,&quot;focal_length&quot;:&quot;0&quot;,&quot;iso&quot;:&quot;0&quot;,&quot;shutter_speed&quot;:&quot;0&quot;,&quot;title&quot;:&quot;&quot;,&quot;orientation&quot;:&quot;0&quot;}\" data-image-title=\"\" data-image-description=\"&lt;p&gt;Collection ARCUS (rainbow) at the ART Studio Loreta Larkina, where it was exhibited during VENICE DESIGN WEEK 2018&lt;\/p&gt; \" data-medium-file=\"https:\/\/www.verba.lv\/wp-content\/uploads\/arcus-rainbow-2018-venice-design-week-anna-fanigina-exhibition-400x267.gif\" data-large-file=\"https:\/\/www.verba.lv\/wp-content\/uploads\/arcus-rainbow-2018-venice-design-week-anna-fanigina-exhibition.gif\" src=\"https:\/\/i0.wp.com\/www.verba.lv\/wp-content\/uploads\/arcus-rainbow-2018-venice-design-week-anna-fanigina-exhibition.gif?w=124&#038;h=83&#038;ssl=1\" width=\"124\" height=\"83\" data-original-width=\"124\" data-original-height=\"83\" itemprop=\"http:\/\/schema.org\/image\" title=\"\" alt=\"arcus-collection-exhibiton-anna-fanigina\" style=\"width: 124px; height: 83px;\" \/> <\/div> <\/div> <!-- close group --> <div class=\"gallery-group images-1\" style=\"width: 128px; height: 87px;\" data-original-width=\"128\" data-original-height=\"87\" > <div class=\"tiled-gallery-item tiled-gallery-item-small\" itemprop=\"associatedMedia\" itemscope itemtype=\"http:\/\/schema.org\/ImageObject\"> <meta itemprop=\"width\" content=\"124\"> <meta itemprop=\"height\" content=\"83\"> <img data-attachment-id=\"5985\" data-orig-file=\"https:\/\/www.verba.lv\/wp-content\/uploads\/venice-design-week-anna-fanigina-arcus-rainbow.gif\" data-orig-size=\"1000,667\" data-comments-opened=\"\" data-image-meta=\"{&quot;aperture&quot;:&quot;0&quot;,&quot;credit&quot;:&quot;&quot;,&quot;camera&quot;:&quot;&quot;,&quot;caption&quot;:&quot;&quot;,&quot;created_timestamp&quot;:&quot;0&quot;,&quot;copyright&quot;:&quot;&quot;,&quot;focal_length&quot;:&quot;0&quot;,&quot;iso&quot;:&quot;0&quot;,&quot;shutter_speed&quot;:&quot;0&quot;,&quot;title&quot;:&quot;&quot;,&quot;orientation&quot;:&quot;0&quot;}\" data-image-title=\"\" data-image-description=\"&lt;p&gt;Collection ARCUS (rainbow) at the ART Studio Loreta Larkina, where it was exhibited during VENICE DESIGN WEEK 2018&lt;\/p&gt; \" data-medium-file=\"https:\/\/www.verba.lv\/wp-content\/uploads\/venice-design-week-anna-fanigina-arcus-rainbow-400x267.gif\" data-large-file=\"https:\/\/www.verba.lv\/wp-content\/uploads\/venice-design-week-anna-fanigina-arcus-rainbow.gif\" src=\"https:\/\/i0.wp.com\/www.verba.lv\/wp-content\/uploads\/venice-design-week-anna-fanigina-arcus-rainbow.gif?w=124&#038;h=83&#038;ssl=1\" width=\"124\" height=\"83\" data-original-width=\"124\" data-original-height=\"83\" itemprop=\"http:\/\/schema.org\/image\" title=\"\" alt=\"arcus-collection-exhibiton-anna-fanigina\" style=\"width: 124px; height: 83px;\" \/> <\/div> <\/div> <!-- close group --> <\/div> <!-- close row --> <\/div>\n","protected":false},"excerpt":{"rendered":"<p>ARCUS, 2018 Kolekcij\u0101 ARCUS (&#8220;varav\u012bksne&#8221; lat\u012b\u0146u valod\u0101) prezent\u0113ti gredzeni no organisk\u0101 stikla, ar akme\u0146iem vismaig\u0101kajos kr\u0101su to\u0146os. Pirms instal\u0101cijas rad\u012b\u0161anas, dizainere r\u016bp\u012bgi izp\u0113t\u012bjusi galerij\u0101 kr\u012bto\u0161o saules staru kust\u012bbas trajektoriju, lai veidotu kompoz\u012bciju, balstoties uz \u0161iem nov\u0113rojumiem.\u00a0Mijiedarb\u012bb\u0101 ar gredzeniem, kas stiprin\u0101ti starp galerijas griestiem un gr\u012bdu, gaisma, kas katru dienu uz div\u0101m stund\u0101m iepl\u016bst izst\u0101des telp\u0101s, [&hellip;]<\/p>\n","protected":false},"author":4,"featured_media":0,"parent":6744,"menu_order":0,"comment_status":"closed","ping_status":"closed","template":"","meta":{"jetpack_post_was_ever_published":false},"aioseo_notices":[],"jetpack_shortlink":"https:\/\/wp.me\/P41l5H-1KW","jetpack_sharing_enabled":true,"jetpack_likes_enabled":true,"_links":{"self":[{"href":"https:\/\/www.verba.lv\/lv\/wp-json\/wp\/v2\/pages\/6754"}],"collection":[{"href":"https:\/\/www.verba.lv\/lv\/wp-json\/wp\/v2\/pages"}],"about":[{"href":"https:\/\/www.verba.lv\/lv\/wp-json\/wp\/v2\/types\/page"}],"author":[{"embeddable":true,"href":"https:\/\/www.verba.lv\/lv\/wp-json\/wp\/v2\/users\/4"}],"replies":[{"embeddable":true,"href":"https:\/\/www.verba.lv\/lv\/wp-json\/wp\/v2\/comments?post=6754"}],"version-history":[{"count":9,"href":"https:\/\/www.verba.lv\/lv\/wp-json\/wp\/v2\/pages\/6754\/revisions"}],"predecessor-version":[{"id":11221,"href":"https:\/\/www.verba.lv\/lv\/wp-json\/wp\/v2\/pages\/6754\/revisions\/11221"}],"up":[{"embeddable":true,"href":"https:\/\/www.verba.lv\/lv\/wp-json\/wp\/v2\/pages\/6744"}],"wp:attachment":[{"href":"https:\/\/www.verba.lv\/lv\/wp-json\/wp\/v2\/media?parent=6754"}],"curies":[{"name":"wp","href":"https:\/\/api.w.org\/{rel}","templated":true}]}}