{"id":7826,"date":"2021-03-19T09:31:40","date_gmt":"2021-03-19T09:31:40","guid":{"rendered":"https:\/\/www.verba.lv\/?page_id=7826"},"modified":"2024-10-17T07:47:39","modified_gmt":"2024-10-17T07:47:39","slug":"biblioteca-veneziana","status":"publish","type":"page","link":"https:\/\/www.verba.lv\/lv\/biblioteca-veneziana\/","title":{"rendered":"BIBLIOTECA VENEZIANA"},"content":{"rendered":"<p style=\"text-align: center;\"><strong>BIBLIOTECA VENEZIANA<\/strong><\/p>\n<p style=\"text-align: justify;\">Izst\u0101de ar nosaukumu BIBLIOTECA VENEZIANA (&#8220;<strong>ven\u0113cie\u0161u bibliot\u0113ka<\/strong>&#8221; it\u0101\u013cu valod\u0101) tika prezent\u0113ta 2020. gada febru\u0101r\u012b Ven\u0113cij\u0101. Izst\u0101de tika veidota k\u0101 instal\u0101cija ar divdesmit lidojo\u0161\u0101m vai paisuma pl\u016bdos peldo\u0161\u0101m gr\u0101mat\u0101m, kas simboliz\u0113 \u0161o \u2018\u2019Ven\u0113cijas bibliot\u0113ku\u2019\u2019. T\u0101s saturs ir rotas ar liter\u0101riem cit\u0101tiem, kas velt\u012bti \u0161ai \u012bpa\u0161ajai pils\u0113tai. Rotu kolekcijas tap\u0161an\u0101 ir izmantots sudrabs un vair\u0101kas klasiskas tehnikas, ka ar\u012b fotokeramika ar arhitekt\u016bras mot\u012bviem, bet galvenie akcenti ir sarkana organisk\u0101 stikla elementi ar iegrav\u0113tiem divdesmit autoru cit\u0101tiem. Autoru starp\u0101 ir Marsels Prusts, Ivans Bu\u0146ins, Pols Mor\u0101ns, Nikolajs Gumi\u013covs, Tomass Manns, Josifs Brodskis, D\u017eord\u017es Gordons Bairons, Horhe Luiss Borhess un citi. Vi\u0146us vieno m\u012blest\u012bba, p\u0101rsteigums, apbr\u012bna un pateic\u012bba \u0161ai ma\u0123iskajai vietai, ko saucam par Ven\u0113ciju.<\/p>\n<p>Izst\u0101des:<br \/>\n2020.gada 15.febru\u0101ris l\u012bdz 29.febru\u0101ris, studija &#8220;<span class=\"nc684nl6\">Studio d&#8217;Arte Claudia Cor\u00f2&#8221;, Ven\u0113cija, It\u0101lija<\/span><\/p>\n<div class=\"tiled-gallery type-rectangular tiled-gallery-unresized\" data-original-width=\"500\" data-carousel-extra='{&quot;blog_id&quot;:1,&quot;permalink&quot;:&quot;https:\\\/\\\/www.verba.lv\\\/lv\\\/biblioteca-veneziana\\\/&quot;,&quot;likes_blog_id&quot;:59424749}' itemscope itemtype=\"http:\/\/schema.org\/ImageGallery\" > <div class=\"gallery-row\" style=\"width: 500px; height: 229px;\" data-original-width=\"500\" data-original-height=\"229\" > <div class=\"gallery-group images-1\" style=\"width: 340px; height: 229px;\" data-original-width=\"340\" data-original-height=\"229\" > <div class=\"tiled-gallery-item tiled-gallery-item-large\" itemprop=\"associatedMedia\" itemscope itemtype=\"http:\/\/schema.org\/ImageObject\"> <meta itemprop=\"width\" content=\"336\"> <meta itemprop=\"height\" content=\"225\"> <img data-attachment-id=\"7830\" data-orig-file=\"https:\/\/www.verba.lv\/wp-content\/uploads\/biblioteca-veneziana_1.jpg\" data-orig-size=\"2048,1367\" data-comments-opened=\"\" data-image-meta=\"{&quot;aperture&quot;:&quot;0&quot;,&quot;credit&quot;:&quot;&quot;,&quot;camera&quot;:&quot;&quot;,&quot;caption&quot;:&quot;&quot;,&quot;created_timestamp&quot;:&quot;0&quot;,&quot;copyright&quot;:&quot;&quot;,&quot;focal_length&quot;:&quot;0&quot;,&quot;iso&quot;:&quot;0&quot;,&quot;shutter_speed&quot;:&quot;0&quot;,&quot;title&quot;:&quot;&quot;,&quot;orientation&quot;:&quot;0&quot;}\" data-image-title=\"\" data-image-description=\"\" data-medium-file=\"https:\/\/www.verba.lv\/wp-content\/uploads\/biblioteca-veneziana_1-400x267.jpg\" data-large-file=\"https:\/\/www.verba.lv\/wp-content\/uploads\/biblioteca-veneziana_1-1024x684.jpg\" src=\"https:\/\/i0.wp.com\/www.verba.lv\/wp-content\/uploads\/biblioteca-veneziana_1.jpg?w=336&#038;h=225&#038;ssl=1\" width=\"336\" height=\"225\" data-original-width=\"336\" data-original-height=\"225\" itemprop=\"http:\/\/schema.org\/image\" title=\"\" alt=\"verba-biblioteca-veneziana-exhibition-venice\" style=\"width: 336px; height: 225px;\" \/> <\/div> <\/div> <!-- close group --> <div class=\"gallery-group images-2\" style=\"width: 160px; height: 229px;\" data-original-width=\"160\" data-original-height=\"229\" > <div class=\"tiled-gallery-item tiled-gallery-item-small\" itemprop=\"associatedMedia\" itemscope itemtype=\"http:\/\/schema.org\/ImageObject\"> <meta itemprop=\"width\" content=\"156\"> <meta itemprop=\"height\" content=\"117\"> <img data-attachment-id=\"7827\" data-orig-file=\"https:\/\/www.verba.lv\/wp-content\/uploads\/biblioteca-veneziana.jpg\" data-orig-size=\"2048,1536\" data-comments-opened=\"\" data-image-meta=\"{&quot;aperture&quot;:&quot;0&quot;,&quot;credit&quot;:&quot;&quot;,&quot;camera&quot;:&quot;&quot;,&quot;caption&quot;:&quot;&quot;,&quot;created_timestamp&quot;:&quot;0&quot;,&quot;copyright&quot;:&quot;&quot;,&quot;focal_length&quot;:&quot;0&quot;,&quot;iso&quot;:&quot;0&quot;,&quot;shutter_speed&quot;:&quot;0&quot;,&quot;title&quot;:&quot;&quot;,&quot;orientation&quot;:&quot;0&quot;}\" data-image-title=\"\" data-image-description=\"\" data-medium-file=\"https:\/\/www.verba.lv\/wp-content\/uploads\/biblioteca-veneziana-400x300.jpg\" data-large-file=\"https:\/\/www.verba.lv\/wp-content\/uploads\/biblioteca-veneziana-1024x768.jpg\" src=\"https:\/\/i0.wp.com\/www.verba.lv\/wp-content\/uploads\/biblioteca-veneziana.jpg?w=156&#038;h=117&#038;ssl=1\" width=\"156\" height=\"117\" data-original-width=\"156\" data-original-height=\"117\" itemprop=\"http:\/\/schema.org\/image\" title=\"\" alt=\"verba-biblioteca-veneziana-exhibition-venice\" style=\"width: 156px; height: 117px;\" \/> <\/div> <div class=\"tiled-gallery-item tiled-gallery-item-small\" itemprop=\"associatedMedia\" itemscope itemtype=\"http:\/\/schema.org\/ImageObject\"> <meta itemprop=\"width\" content=\"156\"> <meta itemprop=\"height\" content=\"104\"> <img data-attachment-id=\"12009\" data-orig-file=\"https:\/\/www.verba.lv\/wp-content\/uploads\/verba-biblioteca-veneziana-pendant-old-loves.jpg\" data-orig-size=\"1000,667\" data-comments-opened=\"\" data-image-meta=\"{&quot;aperture&quot;:&quot;0&quot;,&quot;credit&quot;:&quot;&quot;,&quot;camera&quot;:&quot;&quot;,&quot;caption&quot;:&quot;&quot;,&quot;created_timestamp&quot;:&quot;0&quot;,&quot;copyright&quot;:&quot;&quot;,&quot;focal_length&quot;:&quot;0&quot;,&quot;iso&quot;:&quot;0&quot;,&quot;shutter_speed&quot;:&quot;0&quot;,&quot;title&quot;:&quot;&quot;,&quot;orientation&quot;:&quot;1&quot;}\" data-image-title=\"\" data-image-description=\"\" data-medium-file=\"https:\/\/www.verba.lv\/wp-content\/uploads\/verba-biblioteca-veneziana-pendant-old-loves-400x267.jpg\" data-large-file=\"https:\/\/www.verba.lv\/wp-content\/uploads\/verba-biblioteca-veneziana-pendant-old-loves.jpg\" src=\"https:\/\/i0.wp.com\/www.verba.lv\/wp-content\/uploads\/verba-biblioteca-veneziana-pendant-old-loves.jpg?w=156&#038;h=104&#038;ssl=1\" width=\"156\" height=\"104\" data-original-width=\"156\" data-original-height=\"104\" itemprop=\"http:\/\/schema.org\/image\" title=\"\" alt=\"verba-biblioteca-veneziana-pendant-old-loves\" style=\"width: 156px; height: 104px;\" \/> <div class=\"tiled-gallery-caption\" itemprop=\"caption description\"> Silver pendant with red acrylic glass ALL THE OLD LOVES OF VENICE IN MY HEART (John Hay (1838 &#8211; 1905), \u201cNight in Venice\u201d) <\/div> <\/div> <\/div> <!-- close group --> <\/div> <!-- close row --> <div class=\"gallery-row\" style=\"width: 500px; height: 245px;\" data-original-width=\"500\" data-original-height=\"245\" > <div class=\"gallery-group images-2\" style=\"width: 175px; height: 245px;\" data-original-width=\"175\" data-original-height=\"245\" > <div class=\"tiled-gallery-item tiled-gallery-item-small\" itemprop=\"associatedMedia\" itemscope itemtype=\"http:\/\/schema.org\/ImageObject\"> <meta itemprop=\"width\" content=\"171\"> <meta itemprop=\"height\" content=\"123\"> <img data-attachment-id=\"7833\" data-orig-file=\"https:\/\/www.verba.lv\/wp-content\/uploads\/biblioteca-veneziana_2.jpg\" data-orig-size=\"2048,1464\" data-comments-opened=\"\" data-image-meta=\"{&quot;aperture&quot;:&quot;0&quot;,&quot;credit&quot;:&quot;&quot;,&quot;camera&quot;:&quot;&quot;,&quot;caption&quot;:&quot;&quot;,&quot;created_timestamp&quot;:&quot;0&quot;,&quot;copyright&quot;:&quot;&quot;,&quot;focal_length&quot;:&quot;0&quot;,&quot;iso&quot;:&quot;0&quot;,&quot;shutter_speed&quot;:&quot;0&quot;,&quot;title&quot;:&quot;&quot;,&quot;orientation&quot;:&quot;0&quot;}\" data-image-title=\"\" data-image-description=\"\" data-medium-file=\"https:\/\/www.verba.lv\/wp-content\/uploads\/biblioteca-veneziana_2-400x286.jpg\" data-large-file=\"https:\/\/www.verba.lv\/wp-content\/uploads\/biblioteca-veneziana_2-1024x732.jpg\" src=\"https:\/\/i0.wp.com\/www.verba.lv\/wp-content\/uploads\/biblioteca-veneziana_2.jpg?w=171&#038;h=123&#038;ssl=1\" width=\"171\" height=\"123\" data-original-width=\"171\" data-original-height=\"123\" itemprop=\"http:\/\/schema.org\/image\" title=\"\" alt=\"verba-biblioteca-veneziana-exhibition-venice\" style=\"width: 171px; height: 123px;\" \/> <\/div> <div class=\"tiled-gallery-item tiled-gallery-item-small\" itemprop=\"associatedMedia\" itemscope itemtype=\"http:\/\/schema.org\/ImageObject\"> <meta itemprop=\"width\" content=\"171\"> <meta itemprop=\"height\" content=\"114\"> <img data-attachment-id=\"7934\" data-orig-file=\"https:\/\/www.verba.lv\/wp-content\/uploads\/verba-silver-ring-biblioteca-veneziana-plexiglass.jpg\" data-orig-size=\"1957,1305\" data-comments-opened=\"\" data-image-meta=\"{&quot;aperture&quot;:&quot;0&quot;,&quot;credit&quot;:&quot;&quot;,&quot;camera&quot;:&quot;&quot;,&quot;caption&quot;:&quot;&quot;,&quot;created_timestamp&quot;:&quot;0&quot;,&quot;copyright&quot;:&quot;&quot;,&quot;focal_length&quot;:&quot;0&quot;,&quot;iso&quot;:&quot;0&quot;,&quot;shutter_speed&quot;:&quot;0&quot;,&quot;title&quot;:&quot;&quot;,&quot;orientation&quot;:&quot;0&quot;}\" data-image-title=\"\" data-image-description=\"\" data-medium-file=\"https:\/\/www.verba.lv\/wp-content\/uploads\/verba-silver-ring-biblioteca-veneziana-plexiglass-400x267.jpg\" data-large-file=\"https:\/\/www.verba.lv\/wp-content\/uploads\/verba-silver-ring-biblioteca-veneziana-plexiglass-1024x683.jpg\" src=\"https:\/\/i0.wp.com\/www.verba.lv\/wp-content\/uploads\/verba-silver-ring-biblioteca-veneziana-plexiglass.jpg?w=171&#038;h=114&#038;ssl=1\" width=\"171\" height=\"114\" data-original-width=\"171\" data-original-height=\"114\" itemprop=\"http:\/\/schema.org\/image\" title=\"\" alt=\"verba-silver-ring-biblioteca-veneziana-plexiglass\" style=\"width: 171px; height: 114px;\" \/> <div class=\"tiled-gallery-caption\" itemprop=\"caption description\"> Silver ring with plexiglass \u041e\u041d \u041c\u041d\u0415 \u0417\u041d\u0410\u041a\u041e\u041c, \u041e\u041d \u041c\u041d\u0415 \u0420\u041e\u0414\u041d\u041e\u0419 \/ through it they&#8217;re known to me, and kin \/ man tuvu just un m\u012bl\u0113t liek (\u0410\u043b\u0435\u043a\u0441\u0430\u043d\u0434\u0440 \u041f\u0443\u0448\u043a\u0438\u043d, \u201c\u0415\u0432\u0433\u0435\u043d\u0438\u0439 \u041e\u043d\u0435\u0433\u0438\u043d\u201d \/ Alexander Pushkin, &#8220;Eugene Onegin&#8221;, 1823) <\/div> <\/div> <\/div> <!-- close group --> <div class=\"gallery-group images-1\" style=\"width: 325px; height: 245px;\" data-original-width=\"325\" data-original-height=\"245\" > <div class=\"tiled-gallery-item tiled-gallery-item-large\" itemprop=\"associatedMedia\" itemscope itemtype=\"http:\/\/schema.org\/ImageObject\"> <meta itemprop=\"width\" content=\"321\"> <meta itemprop=\"height\" content=\"241\"> <img data-attachment-id=\"7836\" data-orig-file=\"https:\/\/www.verba.lv\/wp-content\/uploads\/biblioteca-veneziana_3.jpg\" data-orig-size=\"1024,768\" data-comments-opened=\"\" data-image-meta=\"{&quot;aperture&quot;:&quot;0&quot;,&quot;credit&quot;:&quot;&quot;,&quot;camera&quot;:&quot;&quot;,&quot;caption&quot;:&quot;&quot;,&quot;created_timestamp&quot;:&quot;0&quot;,&quot;copyright&quot;:&quot;&quot;,&quot;focal_length&quot;:&quot;0&quot;,&quot;iso&quot;:&quot;0&quot;,&quot;shutter_speed&quot;:&quot;0&quot;,&quot;title&quot;:&quot;&quot;,&quot;orientation&quot;:&quot;0&quot;}\" data-image-title=\"\" data-image-description=\"\" data-medium-file=\"https:\/\/www.verba.lv\/wp-content\/uploads\/biblioteca-veneziana_3-400x300.jpg\" data-large-file=\"https:\/\/www.verba.lv\/wp-content\/uploads\/biblioteca-veneziana_3.jpg\" src=\"https:\/\/i0.wp.com\/www.verba.lv\/wp-content\/uploads\/biblioteca-veneziana_3.jpg?w=321&#038;h=241&#038;ssl=1\" width=\"321\" height=\"241\" data-original-width=\"321\" data-original-height=\"241\" itemprop=\"http:\/\/schema.org\/image\" title=\"\" alt=\"verba-biblioteca-veneziana-exhibition-venice\" style=\"width: 321px; height: 241px;\" \/> <\/div> <\/div> <!-- close group --> <\/div> <!-- close row --> <div class=\"gallery-row\" style=\"width: 500px; height: 178px;\" data-original-width=\"500\" data-original-height=\"178\" > <div class=\"gallery-group images-1\" style=\"width: 236px; height: 178px;\" data-original-width=\"236\" data-original-height=\"178\" > <div class=\"tiled-gallery-item tiled-gallery-item-small\" itemprop=\"associatedMedia\" itemscope itemtype=\"http:\/\/schema.org\/ImageObject\"> <meta itemprop=\"width\" content=\"232\"> <meta itemprop=\"height\" content=\"174\"> <img data-attachment-id=\"7839\" data-orig-file=\"https:\/\/www.verba.lv\/wp-content\/uploads\/biblioteca-veneziana_4.jpg\" data-orig-size=\"2048,1536\" data-comments-opened=\"\" data-image-meta=\"{&quot;aperture&quot;:&quot;0&quot;,&quot;credit&quot;:&quot;&quot;,&quot;camera&quot;:&quot;&quot;,&quot;caption&quot;:&quot;&quot;,&quot;created_timestamp&quot;:&quot;0&quot;,&quot;copyright&quot;:&quot;&quot;,&quot;focal_length&quot;:&quot;0&quot;,&quot;iso&quot;:&quot;0&quot;,&quot;shutter_speed&quot;:&quot;0&quot;,&quot;title&quot;:&quot;&quot;,&quot;orientation&quot;:&quot;0&quot;}\" data-image-title=\"\" data-image-description=\"\" data-medium-file=\"https:\/\/www.verba.lv\/wp-content\/uploads\/biblioteca-veneziana_4-400x300.jpg\" data-large-file=\"https:\/\/www.verba.lv\/wp-content\/uploads\/biblioteca-veneziana_4-1024x768.jpg\" src=\"https:\/\/i0.wp.com\/www.verba.lv\/wp-content\/uploads\/biblioteca-veneziana_4.jpg?w=232&#038;h=174&#038;ssl=1\" width=\"232\" height=\"174\" data-original-width=\"232\" data-original-height=\"174\" itemprop=\"http:\/\/schema.org\/image\" title=\"\" alt=\"verba-biblioteca-veneziana-exhibition-venice\" style=\"width: 232px; height: 174px;\" \/> <\/div> <\/div> <!-- close group --> <div class=\"gallery-group images-1\" style=\"width: 264px; height: 178px;\" data-original-width=\"264\" data-original-height=\"178\" > <div class=\"tiled-gallery-item tiled-gallery-item-large\" itemprop=\"associatedMedia\" itemscope itemtype=\"http:\/\/schema.org\/ImageObject\"> <meta itemprop=\"width\" content=\"260\"> <meta itemprop=\"height\" content=\"174\"> <img data-attachment-id=\"8296\" data-orig-file=\"https:\/\/www.verba.lv\/wp-content\/uploads\/verba-venezia-silver-ring-red-plexiglass.jpg\" data-orig-size=\"1000,667\" data-comments-opened=\"\" data-image-meta=\"{&quot;aperture&quot;:&quot;0&quot;,&quot;credit&quot;:&quot;&quot;,&quot;camera&quot;:&quot;&quot;,&quot;caption&quot;:&quot;&quot;,&quot;created_timestamp&quot;:&quot;0&quot;,&quot;copyright&quot;:&quot;&quot;,&quot;focal_length&quot;:&quot;0&quot;,&quot;iso&quot;:&quot;0&quot;,&quot;shutter_speed&quot;:&quot;0&quot;,&quot;title&quot;:&quot;&quot;,&quot;orientation&quot;:&quot;0&quot;}\" data-image-title=\"verba-venezia-silver-ring-red-plexiglass\" data-image-description=\"\" data-medium-file=\"https:\/\/www.verba.lv\/wp-content\/uploads\/verba-venezia-silver-ring-red-plexiglass-400x267.jpg\" data-large-file=\"https:\/\/www.verba.lv\/wp-content\/uploads\/verba-venezia-silver-ring-red-plexiglass.jpg\" src=\"https:\/\/i0.wp.com\/www.verba.lv\/wp-content\/uploads\/verba-venezia-silver-ring-red-plexiglass.jpg?w=260&#038;h=174&#038;ssl=1\" width=\"260\" height=\"174\" data-original-width=\"260\" data-original-height=\"174\" itemprop=\"http:\/\/schema.org\/image\" title=\"verba-venezia-silver-ring-red-plexiglass\" alt=\"verba-venezia-silver-ring-red-plexiglass\" style=\"width: 260px; height: 174px;\" \/> <div class=\"tiled-gallery-caption\" itemprop=\"caption description\"> Silver ring with plexiglass \u0422\u0435\u043d\u044c \u043e\u0442 \u043b\u044c\u0432\u0438\u043d\u043e\u0433\u043e \u043a\u0440\u044b\u043b\u0430 (\u0424\u0435\u0434\u043e\u0440 \u0422\u044e\u0442\u0447\u0435\u0432, \u201c\u0412\u0435\u043d\u0435\u0446\u0438\u044f\u201d, 1913) \/ the shadow of the lion\u2019s wing (Fyodor Tyutchev, \u201cVenice\u201d, 1913) \/ lauvas sp\u0101rna \u0113na (Fjodors Tjut\u010devs, \u201cVen\u0113cija\u201d, 1913) <\/div> <\/div> <\/div> <!-- close group --> <\/div> <!-- close row --> <div class=\"gallery-row\" style=\"width: 500px; height: 116px;\" data-original-width=\"500\" data-original-height=\"116\" > <div class=\"gallery-group images-1\" style=\"width: 88px; height: 116px;\" data-original-width=\"88\" data-original-height=\"116\" > <div class=\"tiled-gallery-item tiled-gallery-item-small\" itemprop=\"associatedMedia\" itemscope itemtype=\"http:\/\/schema.org\/ImageObject\"> <meta itemprop=\"width\" content=\"84\"> <meta itemprop=\"height\" content=\"112\"> <img data-attachment-id=\"7842\" data-orig-file=\"https:\/\/www.verba.lv\/wp-content\/uploads\/biblioteca-veneziana_5.jpg\" data-orig-size=\"720,960\" data-comments-opened=\"\" data-image-meta=\"{&quot;aperture&quot;:&quot;0&quot;,&quot;credit&quot;:&quot;&quot;,&quot;camera&quot;:&quot;&quot;,&quot;caption&quot;:&quot;&quot;,&quot;created_timestamp&quot;:&quot;0&quot;,&quot;copyright&quot;:&quot;&quot;,&quot;focal_length&quot;:&quot;0&quot;,&quot;iso&quot;:&quot;0&quot;,&quot;shutter_speed&quot;:&quot;0&quot;,&quot;title&quot;:&quot;&quot;,&quot;orientation&quot;:&quot;0&quot;}\" data-image-title=\"\" data-image-description=\"\" data-medium-file=\"https:\/\/www.verba.lv\/wp-content\/uploads\/biblioteca-veneziana_5-300x400.jpg\" data-large-file=\"https:\/\/www.verba.lv\/wp-content\/uploads\/biblioteca-veneziana_5.jpg\" src=\"https:\/\/i0.wp.com\/www.verba.lv\/wp-content\/uploads\/biblioteca-veneziana_5.jpg?w=84&#038;h=112&#038;ssl=1\" width=\"84\" height=\"112\" data-original-width=\"84\" data-original-height=\"112\" itemprop=\"http:\/\/schema.org\/image\" title=\"\" alt=\"verba-biblioteca-veneziana-exhibition-venice\" style=\"width: 84px; height: 112px;\" \/> <\/div> <\/div> <!-- close group --> <div class=\"gallery-group images-1\" style=\"width: 84px; height: 116px;\" data-original-width=\"84\" data-original-height=\"116\" > <div class=\"tiled-gallery-item tiled-gallery-item-small\" itemprop=\"associatedMedia\" itemscope itemtype=\"http:\/\/schema.org\/ImageObject\"> <meta itemprop=\"width\" content=\"80\"> <meta itemprop=\"height\" content=\"112\"> <img data-attachment-id=\"7845\" data-orig-file=\"https:\/\/www.verba.lv\/wp-content\/uploads\/biblioteca-veneziana_6.jpg\" data-orig-size=\"707,996\" data-comments-opened=\"\" data-image-meta=\"{&quot;aperture&quot;:&quot;0&quot;,&quot;credit&quot;:&quot;&quot;,&quot;camera&quot;:&quot;&quot;,&quot;caption&quot;:&quot;&quot;,&quot;created_timestamp&quot;:&quot;0&quot;,&quot;copyright&quot;:&quot;&quot;,&quot;focal_length&quot;:&quot;0&quot;,&quot;iso&quot;:&quot;0&quot;,&quot;shutter_speed&quot;:&quot;0&quot;,&quot;title&quot;:&quot;&quot;,&quot;orientation&quot;:&quot;0&quot;}\" data-image-title=\"\" data-image-description=\"\" data-medium-file=\"https:\/\/www.verba.lv\/wp-content\/uploads\/biblioteca-veneziana_6-284x400.jpg\" data-large-file=\"https:\/\/www.verba.lv\/wp-content\/uploads\/biblioteca-veneziana_6.jpg\" src=\"https:\/\/i0.wp.com\/www.verba.lv\/wp-content\/uploads\/biblioteca-veneziana_6.jpg?w=80&#038;h=112&#038;ssl=1\" width=\"80\" height=\"112\" data-original-width=\"80\" data-original-height=\"112\" itemprop=\"http:\/\/schema.org\/image\" title=\"\" alt=\"verba-biblioteca-veneziana-exhibition-venice\" style=\"width: 80px; height: 112px;\" \/> <\/div> <\/div> <!-- close group --> <div class=\"gallery-group images-1\" style=\"width: 154px; height: 116px;\" data-original-width=\"154\" data-original-height=\"116\" > <div class=\"tiled-gallery-item tiled-gallery-item-small\" itemprop=\"associatedMedia\" itemscope itemtype=\"http:\/\/schema.org\/ImageObject\"> <meta itemprop=\"width\" content=\"150\"> <meta itemprop=\"height\" content=\"112\"> <img data-attachment-id=\"7848\" data-orig-file=\"https:\/\/www.verba.lv\/wp-content\/uploads\/biblioteca-veneziana_7.jpg\" data-orig-size=\"960,720\" data-comments-opened=\"\" data-image-meta=\"{&quot;aperture&quot;:&quot;0&quot;,&quot;credit&quot;:&quot;&quot;,&quot;camera&quot;:&quot;&quot;,&quot;caption&quot;:&quot;&quot;,&quot;created_timestamp&quot;:&quot;0&quot;,&quot;copyright&quot;:&quot;&quot;,&quot;focal_length&quot;:&quot;0&quot;,&quot;iso&quot;:&quot;0&quot;,&quot;shutter_speed&quot;:&quot;0&quot;,&quot;title&quot;:&quot;&quot;,&quot;orientation&quot;:&quot;0&quot;}\" data-image-title=\"\" data-image-description=\"\" data-medium-file=\"https:\/\/www.verba.lv\/wp-content\/uploads\/biblioteca-veneziana_7-400x300.jpg\" data-large-file=\"https:\/\/www.verba.lv\/wp-content\/uploads\/biblioteca-veneziana_7.jpg\" src=\"https:\/\/i0.wp.com\/www.verba.lv\/wp-content\/uploads\/biblioteca-veneziana_7.jpg?w=150&#038;h=112&#038;ssl=1\" width=\"150\" height=\"112\" data-original-width=\"150\" data-original-height=\"112\" itemprop=\"http:\/\/schema.org\/image\" title=\"\" alt=\"verba-biblioteca-veneziana-exhibition-venice\" style=\"width: 150px; height: 112px;\" \/> <\/div> <\/div> <!-- close group --> <div class=\"gallery-group images-1\" style=\"width: 174px; height: 116px;\" data-original-width=\"174\" data-original-height=\"116\" > <div class=\"tiled-gallery-item tiled-gallery-item-small\" itemprop=\"associatedMedia\" itemscope itemtype=\"http:\/\/schema.org\/ImageObject\"> <meta itemprop=\"width\" content=\"170\"> <meta itemprop=\"height\" content=\"112\"> <img data-attachment-id=\"7851\" data-orig-file=\"https:\/\/www.verba.lv\/wp-content\/uploads\/biblioteca-veneziana_8.jpg\" data-orig-size=\"1028,678\" data-comments-opened=\"\" data-image-meta=\"{&quot;aperture&quot;:&quot;0&quot;,&quot;credit&quot;:&quot;Mark Edward Smith&quot;,&quot;camera&quot;:&quot;&quot;,&quot;caption&quot;:&quot;&quot;,&quot;created_timestamp&quot;:&quot;0&quot;,&quot;copyright&quot;:&quot;@ Mark Edward Smith&quot;,&quot;focal_length&quot;:&quot;0&quot;,&quot;iso&quot;:&quot;0&quot;,&quot;shutter_speed&quot;:&quot;0&quot;,&quot;title&quot;:&quot;&quot;,&quot;orientation&quot;:&quot;0&quot;}\" data-image-title=\"\" data-image-description=\"\" data-medium-file=\"https:\/\/www.verba.lv\/wp-content\/uploads\/biblioteca-veneziana_8-400x264.jpg\" data-large-file=\"https:\/\/www.verba.lv\/wp-content\/uploads\/biblioteca-veneziana_8-1024x675.jpg\" src=\"https:\/\/i0.wp.com\/www.verba.lv\/wp-content\/uploads\/biblioteca-veneziana_8.jpg?w=170&#038;h=112&#038;ssl=1\" width=\"170\" height=\"112\" data-original-width=\"170\" data-original-height=\"112\" itemprop=\"http:\/\/schema.org\/image\" title=\"\" alt=\"verba-biblioteca-veneziana-exhibition-venice\" style=\"width: 170px; height: 112px;\" \/> <\/div> <\/div> <!-- close group --> <\/div> <!-- close row --> <\/div>\n<p style=\"text-align: center;\">\n","protected":false},"excerpt":{"rendered":"<p>BIBLIOTECA VENEZIANA Izst\u0101de ar nosaukumu BIBLIOTECA VENEZIANA (&#8220;ven\u0113cie\u0161u bibliot\u0113ka&#8221; it\u0101\u013cu valod\u0101) tika prezent\u0113ta 2020. gada febru\u0101r\u012b Ven\u0113cij\u0101. Izst\u0101de tika veidota k\u0101 instal\u0101cija ar divdesmit lidojo\u0161\u0101m vai paisuma pl\u016bdos peldo\u0161\u0101m gr\u0101mat\u0101m, kas simboliz\u0113 \u0161o \u2018\u2019Ven\u0113cijas bibliot\u0113ku\u2019\u2019. T\u0101s saturs ir rotas ar liter\u0101riem cit\u0101tiem, kas velt\u012bti \u0161ai \u012bpa\u0161ajai pils\u0113tai. Rotu kolekcijas tap\u0161an\u0101 ir izmantots sudrabs un vair\u0101kas [&hellip;]<\/p>\n","protected":false},"author":4,"featured_media":0,"parent":0,"menu_order":0,"comment_status":"closed","ping_status":"closed","template":"","meta":{"jetpack_post_was_ever_published":false},"aioseo_notices":[],"jetpack_shortlink":"https:\/\/wp.me\/P41l5H-22e","jetpack_sharing_enabled":true,"jetpack_likes_enabled":true,"_links":{"self":[{"href":"https:\/\/www.verba.lv\/lv\/wp-json\/wp\/v2\/pages\/7826"}],"collection":[{"href":"https:\/\/www.verba.lv\/lv\/wp-json\/wp\/v2\/pages"}],"about":[{"href":"https:\/\/www.verba.lv\/lv\/wp-json\/wp\/v2\/types\/page"}],"author":[{"embeddable":true,"href":"https:\/\/www.verba.lv\/lv\/wp-json\/wp\/v2\/users\/4"}],"replies":[{"embeddable":true,"href":"https:\/\/www.verba.lv\/lv\/wp-json\/wp\/v2\/comments?post=7826"}],"version-history":[{"count":6,"href":"https:\/\/www.verba.lv\/lv\/wp-json\/wp\/v2\/pages\/7826\/revisions"}],"predecessor-version":[{"id":12013,"href":"https:\/\/www.verba.lv\/lv\/wp-json\/wp\/v2\/pages\/7826\/revisions\/12013"}],"wp:attachment":[{"href":"https:\/\/www.verba.lv\/lv\/wp-json\/wp\/v2\/media?parent=7826"}],"curies":[{"name":"wp","href":"https:\/\/api.w.org\/{rel}","templated":true}]}}