{"id":6684,"date":"2019-06-17T08:32:54","date_gmt":"2019-06-17T08:32:54","guid":{"rendered":"https:\/\/www.verba.lv\/a-priori\/"},"modified":"2023-08-01T11:13:10","modified_gmt":"2023-08-01T11:13:10","slug":"a-priori","status":"publish","type":"page","link":"https:\/\/www.verba.lv\/ru\/a-priori\/","title":{"rendered":"A PRIORI 2019"},"content":{"rendered":"<p style=\"text-align: center;\"><strong>A PRIORI, 2019<\/strong><\/p>\n<p style=\"text-align: justify;\"><span lang=\"EN-US\">From June 21 to July 28 2019, the C\u0113sis Exhibition House hosted the first Latvian Jewellery Art Association<\/span><span dir=\"RTL\" lang=\"AR-SA\">\u2019<\/span><span lang=\"EN-US\">s exhibition <\/span><span lang=\"FR\">\u00ab<\/span><span lang=\"PT\">A priori<\/span><span lang=\"IT\">\u00bb<\/span><span lang=\"EN-US\">. <\/span><span lang=\"EN-US\">The concepts <\/span><span lang=\"FR\">\u00ab<\/span><span lang=\"IT\">a priori\u00bb <\/span><span lang=\"EN-US\">and <\/span><span lang=\"FR\">\u00ab<\/span><span lang=\"IT\">a posteriori\u00bb <\/span><span lang=\"EN-US\">are terms used in philosophy to distinguish two types of knowledge. The <\/span><span lang=\"FR\">\u00ab<\/span><span lang=\"IT\">a priori\u00bb <\/span><span lang=\"EN-US\">knowledge is independent of experience. This was also the starting point for the first <\/span><span class=\"Hyperlink1\"><span lang=\"EN-US\"><a href=\"https:\/\/www.facebook.com\/rotumakslasbiedriba\/\">Latvian Jewellery Art Association<span dir=\"RTL\" lang=\"AR-SA\">\u2019<\/span>s<\/a><\/span><\/span><span lang=\"EN-US\"> exhibition \u2014 the participants gathered, regardless of previous experience. Both recognized and well\u2013known Latvian jewellery artists, as well as recent graduates, have joined together to show new works, designed especially for the exhibition <\/span><span lang=\"FR\">\u00ab<\/span><span lang=\"PT\">A priori<\/span><span lang=\"IT\">\u00bb <\/span><span lang=\"EN-US\">in C\u0113<\/span><span lang=\"PT\">sis.<\/span><\/p>\n<p style=\"text-align: justify;\"><span lang=\"EN-US\">The Latvian Jewellery Art Association was founded at <\/span><span lang=\"EN-US\">the beginning of 2018 to unite artists and designers working with jewellery and to implement ideas important for themselves and society. The Association aims to promote the exchange of information and experience in the industry, to organise events on the jewellery art and popularise the field both on the local and international level. They also wish to gather and preserve information, collaborate with educational institutions, students and teachers, attract financial support for projects in the jewellery field and cooperate with similar organisations.\u00a0<\/span><span lang=\"EN-US\">The participants of the <\/span><span lang=\"FR\">\u00ab<\/span><span lang=\"PT\">A priori<\/span><span lang=\"IT\">\u00bb <\/span><span lang=\"EN-US\">exhibition are <\/span><span lang=\"EN-US\"><a href=\"https:\/\/marisaunins.lv\/\">M\u0101<span lang=\"ES-TRAD\">ris Aunin<\/span>\u0327\u0161<\/a><\/span><span lang=\"EN-US\">, <\/span><span lang=\"EN-US\"><a href=\"https:\/\/www.fold.lv\/en\/2018\/01\/naked-truth-no173-janis-brants\/\">J\u0101<span lang=\"FR\">nis Brants<\/span><\/a><\/span><span lang=\"EN-US\">, <\/span><span lang=\"EN-US\"><a href=\"https:\/\/www.valdis-broze.com\/\">Valdis Bro\u017ee<\/a><\/span><span lang=\"EN-US\">, <\/span><span lang=\"EN-US\"><a href=\"https:\/\/www.facebook.com\/VLADISLAV-CHISTYAKOV-JEWELLERY-150317225169248\/\">Vladislavs \u010cistjakovs<\/a><\/span><span lang=\"EN-US\">, <\/span><span lang=\"EN-US\"><a href=\"https:\/\/www.fold.lv\/en\/2017\/09\/naked-truth-no156-anna-fanigina\/\"><span lang=\"NL\">Anna Fanigina<\/span><\/a><\/span><span lang=\"EN-US\">, <\/span><span lang=\"EN-US\"><a href=\"http:\/\/ginta.lv\/\"><span lang=\"IT\">Ginta Gru<\/span>\u0304be<\/a><\/span><span lang=\"EN-US\">, <\/span><span lang=\"EN-US\"><a href=\"https:\/\/www.andrislauders.com\/\"><span lang=\"DA\">Andris Lauders<\/span><\/a><\/span><span lang=\"EN-US\">, <\/span><span lang=\"EN-US\"><a href=\"http:\/\/www.lauders.lv\/\"><span lang=\"DA\">Guntis Lauders<\/span><\/a><\/span><span lang=\"EN-US\">, <\/span><span lang=\"EN-US\"><a href=\"https:\/\/www.fold.lv\/en\/2018\/08\/jewellery-collection-inside-out-by-una-mikuda\/\">Una Mikuda<\/a><\/span><span lang=\"EN-US\">, <\/span><span lang=\"EN-US\"><a href=\"https:\/\/www.fold.lv\/en\/2017\/12\/naked-truth-no168-rasma-puspure\/\"><span lang=\"DA\">Rasma Pu<\/span>\u0161<span lang=\"IT\">pure<\/span><\/a><\/span><span lang=\"EN-US\">, <\/span><span lang=\"EN-US\"><a href=\"http:\/\/peter-ripa.com\/\">P\u0113teris Ripa<\/a><\/span><span lang=\"EN-US\">, <\/span><span lang=\"EN-US\"><a href=\"http:\/\/www.anitasondore.com\/\">Anita Savicka<\/a><\/span><span lang=\"EN-US\">, <\/span><span lang=\"EN-US\"><a href=\"https:\/\/sofialarkshop.com\/\">Laura Selecka<\/a><\/span><span lang=\"EN-US\">, <\/span><span lang=\"EN-US\"><a href=\"https:\/\/www.facebook.com\/svirel.jewelry\/\">Darja Semjonova<\/a><\/span><span lang=\"EN-US\">, <\/span><span lang=\"EN-US\"><a href=\"http:\/\/www.jelizavetasuska.com\/\">Jelizaveta Suska<\/a><\/span><span lang=\"EN-US\">, <\/span><span lang=\"EN-US\"><a href=\"https:\/\/www.facebook.com\/MarisSustinsJewellery\/\">M\u0101ris \u0160usti\u0146\u0161<\/a><\/span><span lang=\"EN-US\">, <\/span><span lang=\"EN-US\"><a href=\"https:\/\/www.facebook.com\/PaulaTreimaneJewelry\/\"><span lang=\"IT\">Paula Treimane<\/span><\/a><\/span><span lang=\"EN-US\">, <\/span><span lang=\"EN-US\"><a href=\"https:\/\/www.facebook.com\/Jewelry-by-Zane-Vilka-258706671211967\/\"><span lang=\"SV\">Zane Vilka<\/span><\/a><\/span><span lang=\"EN-US\">, <\/span><span lang=\"EN-US\"><a href=\"https:\/\/www.facebook.com\/Jewelry-by-J%C4%81nis-Vilks-159977804489993\/?ref=br_rs\">J\u0101<span lang=\"FR\">nis Vilks<\/span><\/a><\/span><span lang=\"EN-US\"> and <\/span><span lang=\"EN-US\"><a href=\"https:\/\/www.facebook.com\/MaijaVitolaJewellery\/\">Maija V\u012b<span lang=\"IT\">tola<\/span>\u2013<span lang=\"NL\">Zitmane<\/span><\/a><\/span><span lang=\"EN-US\">.<\/span><\/p>\n<p>The exhibition is organised by the Latvian Jewellery Art Association, curated by art historian Iliana Veinberga who is also the collection keeper at the Riga Porcelain Museum.<\/p>\n<p>\u0412\u044b\u0441\u0442\u0430\u0432\u043a\u0438:<br \/>\n2019 \u0433\u043e\u0434, 20 \u0438\u044e\u043d\u044f &#8212; 28 \u0438\u044e\u043b\u044f, \u0432\u044b\u0441\u0442\u0430\u0432\u043e\u0447\u043d\u044b\u0439 \u0437\u0430\u043b \u0426\u0435\u0441\u0438\u0441\u0430, \u0426\u0435\u0441\u0438\u0441, \u041b\u0430\u0442\u0432\u0438\u044f<\/p>\n<div class=\"tiled-gallery type-rectangular tiled-gallery-unresized\" data-original-width=\"500\" data-carousel-extra='{&quot;blog_id&quot;:1,&quot;permalink&quot;:&quot;https:\\\/\\\/www.verba.lv\\\/ru\\\/a-priori\\\/&quot;,&quot;likes_blog_id&quot;:59424749}' itemscope itemtype=\"http:\/\/schema.org\/ImageGallery\" > <div class=\"gallery-row\" style=\"width: 500px; height: 316px;\" data-original-width=\"500\" data-original-height=\"316\" > <div class=\"gallery-group images-1\" style=\"width: 274px; height: 316px;\" data-original-width=\"274\" data-original-height=\"316\" > <div class=\"tiled-gallery-item tiled-gallery-item-large\" itemprop=\"associatedMedia\" itemscope itemtype=\"http:\/\/schema.org\/ImageObject\"> <meta itemprop=\"width\" content=\"270\"> <meta itemprop=\"height\" content=\"312\"> <img data-attachment-id=\"6198\" data-orig-file=\"https:\/\/www.verba.lv\/wp-content\/uploads\/analemma-verba-pendant-sun-rose.gif\" data-orig-size=\"1000,1155\" data-comments-opened=\"\" data-image-meta=\"{&quot;aperture&quot;:&quot;0&quot;,&quot;credit&quot;:&quot;&quot;,&quot;camera&quot;:&quot;&quot;,&quot;caption&quot;:&quot;&quot;,&quot;created_timestamp&quot;:&quot;0&quot;,&quot;copyright&quot;:&quot;&quot;,&quot;focal_length&quot;:&quot;0&quot;,&quot;iso&quot;:&quot;0&quot;,&quot;shutter_speed&quot;:&quot;0&quot;,&quot;title&quot;:&quot;&quot;,&quot;orientation&quot;:&quot;0&quot;}\" data-image-title=\"\" data-image-description=\"\" data-medium-file=\"https:\/\/www.verba.lv\/wp-content\/uploads\/analemma-verba-pendant-sun-rose-346x400.gif\" data-large-file=\"https:\/\/www.verba.lv\/wp-content\/uploads\/analemma-verba-pendant-sun-rose-887x1024.gif\" src=\"https:\/\/i0.wp.com\/www.verba.lv\/wp-content\/uploads\/analemma-verba-pendant-sun-rose.gif?w=270&#038;h=312&#038;ssl=1\" width=\"270\" height=\"312\" data-original-width=\"270\" data-original-height=\"312\" itemprop=\"http:\/\/schema.org\/image\" title=\"\" alt=\"analemma-verba-pendant-sun-rose\" style=\"width: 270px; height: 312px;\" \/> <div class=\"tiled-gallery-caption\" itemprop=\"caption description\"> ANALEMMA \u2014 a magnificent figure similar to the eternity sign that is made by the movement of the Sun for one year as you observe it from the same place at the same time. <\/div> <\/div> <\/div> <!-- close group --> <div class=\"gallery-group images-1\" style=\"width: 226px; height: 316px;\" data-original-width=\"226\" data-original-height=\"316\" > <div class=\"tiled-gallery-item tiled-gallery-item-small\" itemprop=\"associatedMedia\" itemscope itemtype=\"http:\/\/schema.org\/ImageObject\"> <meta itemprop=\"width\" content=\"222\"> <meta itemprop=\"height\" content=\"312\"> <img data-attachment-id=\"6204\" data-orig-file=\"https:\/\/www.verba.lv\/wp-content\/uploads\/verba-apriori-cesis-plakat.gif\" data-orig-size=\"711,1000\" data-comments-opened=\"\" data-image-meta=\"{&quot;aperture&quot;:&quot;0&quot;,&quot;credit&quot;:&quot;&quot;,&quot;camera&quot;:&quot;&quot;,&quot;caption&quot;:&quot;&quot;,&quot;created_timestamp&quot;:&quot;0&quot;,&quot;copyright&quot;:&quot;&quot;,&quot;focal_length&quot;:&quot;0&quot;,&quot;iso&quot;:&quot;0&quot;,&quot;shutter_speed&quot;:&quot;0&quot;,&quot;title&quot;:&quot;&quot;,&quot;orientation&quot;:&quot;0&quot;}\" data-image-title=\"\" data-image-description=\"\" data-medium-file=\"https:\/\/www.verba.lv\/wp-content\/uploads\/verba-apriori-cesis-plakat-284x400.gif\" data-large-file=\"https:\/\/www.verba.lv\/wp-content\/uploads\/verba-apriori-cesis-plakat.gif\" src=\"https:\/\/i0.wp.com\/www.verba.lv\/wp-content\/uploads\/verba-apriori-cesis-plakat.gif?w=222&#038;h=312&#038;ssl=1\" width=\"222\" height=\"312\" data-original-width=\"222\" data-original-height=\"312\" itemprop=\"http:\/\/schema.org\/image\" title=\"\" alt=\"verba-apriori-cesis-exhibition\" style=\"width: 222px; height: 312px;\" \/> <\/div> <\/div> <!-- close group --> <\/div> <!-- close row --> <div class=\"gallery-row\" style=\"width: 500px; height: 224px;\" data-original-width=\"500\" data-original-height=\"224\" > <div class=\"gallery-group images-1\" style=\"width: 334px; height: 224px;\" data-original-width=\"334\" data-original-height=\"224\" > <div class=\"tiled-gallery-item tiled-gallery-item-large\" itemprop=\"associatedMedia\" itemscope itemtype=\"http:\/\/schema.org\/ImageObject\"> <meta itemprop=\"width\" content=\"330\"> <meta itemprop=\"height\" content=\"220\"> <img data-attachment-id=\"6568\" data-orig-file=\"https:\/\/www.verba.lv\/wp-content\/uploads\/analemma-necklake-verba-collection-anna-fanigina-sun.gif\" data-orig-size=\"1001,667\" data-comments-opened=\"\" data-image-meta=\"{&quot;aperture&quot;:&quot;0&quot;,&quot;credit&quot;:&quot;&quot;,&quot;camera&quot;:&quot;&quot;,&quot;caption&quot;:&quot;&quot;,&quot;created_timestamp&quot;:&quot;0&quot;,&quot;copyright&quot;:&quot;&quot;,&quot;focal_length&quot;:&quot;0&quot;,&quot;iso&quot;:&quot;0&quot;,&quot;shutter_speed&quot;:&quot;0&quot;,&quot;title&quot;:&quot;&quot;,&quot;orientation&quot;:&quot;0&quot;}\" data-image-title=\"\" data-image-description=\"\" data-medium-file=\"https:\/\/www.verba.lv\/wp-content\/uploads\/analemma-necklake-verba-collection-anna-fanigina-sun-400x267.gif\" data-large-file=\"https:\/\/www.verba.lv\/wp-content\/uploads\/analemma-necklake-verba-collection-anna-fanigina-sun.gif\" src=\"https:\/\/i0.wp.com\/www.verba.lv\/wp-content\/uploads\/analemma-necklake-verba-collection-anna-fanigina-sun.gif?w=330&#038;h=220&#038;ssl=1\" width=\"330\" height=\"220\" data-original-width=\"330\" data-original-height=\"220\" itemprop=\"http:\/\/schema.org\/image\" title=\"\" alt=\"analemma-necklace-verba-collection-anna-fanigina-sun\" style=\"width: 330px; height: 220px;\" \/> <div class=\"tiled-gallery-caption\" itemprop=\"caption description\"> Sol qui purpureo diffundit lumine terras,Sol cui uernanti tellus respirat odorem,Sol cui picta uirent fecundo gramine prata,Sol speculum caeli, diuini numinis instar,Sol semper iuuenis, rapidum qui diudit axem,Sol facies mundi caelique uolubile centrum;Sol Liber, Sol alma Ceres, Sol Iuppiter ipse,Sol albor Triuiae, insunt cui numina mille,Sol qui quadriiugo diffundit lumina curru,Sol Hyperionio fulget matutinus in ortu,Sol reddit cum luce diem, cum pingit Olympum;Sol cui surgenti resonat lyra blanda canorem,Sol cui mergenti seruat maris unda teporem;Sol aestas autumnus hiems, Sol uer quoque gratum,Sol saeclum mensisque, dies Sol, annus et hora,Sol globus aethereus, haec est lux aurea mundi;Sol bonus agricolis, nautis quoque prosper in undis,Sol repetit, quaecumque potest transcendere, semper;Sol cui perpetuo pallescunt sidera motu,Sol cui tranquillo resplendet lumine pontus,Sol cui cuncta licet rapido lustrate calore:Sol mundi caelique decus, Sol omnibus idem,Sol noctis lucisque decus, Sol finis et ortus. \/ Sun, who diffuses with crimson light on the lands,Sun, who renewing himself, the earth breathes again a new breath,Sun, through whom the painted meadows grow (abundant) with fertile grass,Sun, the mirror of heaven, resemblance of the divine might,Sun, forever young, who adorns the swift pole (of heaven),Sun, the face of the world and the revolving circuit of heaven,Sun is Liber, Sun is mother Ceres, Sun is Jupiter himself, Sun is also the splendour of Trivia, within whom there are a thousand names,Sun, who sends out lights from his quadriga, Sun also shines in the morning in Hyperborean rising,Sun returns day with light, when he paints Olympus. Sun is summer, autumn, winter, Sun is also beloved spring, Sun is century and month, the day is Sun, (as are) year and hour,Sun is the ethereal sphere, the same is the golden light of the world,Sun is good to farmers, and beneficial to seamen on the waves,Sun tackles again what it can pass forever. Sun, (in comparison) to whom the stars in serene motion pale, Sun, to whom the sea reflects back tranquil light,Sun, to whom it is permitted to illuminate all things with fierce heat, \u00a0Sun, the one to whom, as he rises, the flattering lyre sends forth a melody, Sun, the one for whom, when he sets, the waves of the ocean preserve his heat, Sun is the glory of world and heaven, Sun is one for all, Sun is the glory of night and light, Sun is the end and the beginning. \/\u0421\u043e\u043b\u043d\u0446\u0435, \u0447\u0435\u0439 \u043f\u0443\u0440\u043f\u0443\u0440\u043d\u044b\u0439 \u0441\u0432\u0435\u0442 \u0437\u0430\u043b\u0438\u0432\u0430\u0435\u0442 \u0437\u0435\u043c\u043d\u044b\u0435 \u043f\u0440\u0435\u0434\u0435\u043b\u044b,\u2028\u0421\u043e\u043b\u043d\u0446\u0435, \u043f\u0440\u0435\u0434 \u043a\u0435\u043c \u0437\u0435\u043c\u043b\u044f \u0430\u0440\u043e\u043c\u0430\u0442\u0430\u043c\u0438 \u0432\u0435\u0448\u043d\u0438\u043c\u0438 \u0434\u044b\u0448\u0438\u0442,\u2028\u0421\u043e\u043b\u043d\u0446\u0435, \u043f\u0440\u0435\u0434 \u043a\u0435\u043c \u043b\u0443\u0433\u0430 \u0437\u0435\u043b\u0435\u043d\u0435\u044e\u0442 \u0441\u043e\u0447\u043d\u043e\u0439 \u0442\u0440\u0430\u0432\u043e\u044e,\u2028\u0421\u043e\u043b\u043d\u0446\u0435, \u0437\u0435\u0440\u0446\u0430\u043b\u043e \u043d\u0435\u0431\u0435\u0441, \u043f\u043e\u0434\u043e\u0431\u0438\u0435 \u0431\u043e\u0436\u0435\u0441\u043a\u043e\u0439 \u043c\u043e\u0449\u0438,\u2028\u0421\u043e\u043b\u043d\u0446\u0435, \u043b\u0438\u043a \u043c\u0438\u0440\u043e\u0437\u0434\u0430\u043d\u044c\u044f, \u043e\u043a\u0440\u0443\u0433\u043b\u0430\u044f \u0445\u0440\u0430\u043c\u0438\u043d\u0430 \u043d\u0435\u0431\u0430,\u2028\u0421\u043e\u043b\u043d\u0446\u0435, \u044e\u043d\u044b\u0439 \u0431\u043e\u0433, \u043a\u043e\u043b\u0435\u0441\u043d\u0438\u0447\u043d\u044b\u043c \u043f\u0440\u0430\u0432\u044f\u0449\u0438\u0439 \u0431\u0435\u0433\u043e\u043c,\u2028\u0421\u043e\u043b\u043d\u0446\u0435 &#8212; \u041b\u0438\u0431\u0435\u0440, \u0421\u043e\u043b\u043d\u0446\u0435 &#8212; \u0426\u0435\u0440\u0435\u0440\u0430, \u0421\u043e\u043b\u043d\u0446\u0435 &#8212; \u042e\u043f\u0438\u0442\u0435\u0440,\u2028\u0421\u043e\u043b\u043d\u0446\u0435 &#8212; \u0422\u0440\u0438\u0432\u0438\u0438\u00a0\u0431\u0440\u0430\u0442, \u0443 \u043a\u043e\u0435\u0439 \u0442\u044b\u0441\u044f\u0447\u0430 \u043f\u0440\u043e\u0437\u0432\u0438\u0449,\u2028\u0421\u043e\u043b\u043d\u0446\u0435, \u0447\u044c\u044f \u0447\u0435\u0442\u0432\u0435\u0440\u043d\u044f \u0440\u0430\u0437\u043b\u0438\u0432\u0430\u0435\u0442 \u0441\u0438\u044f\u043d\u044c\u0435 \u0432 \u043f\u043e\u043b\u0435\u0442\u0435,\u2028\u0421\u043e\u043b\u043d\u0446\u0435 \u0438 \u0433\u0438\u043f\u0435\u0440\u0431\u043e\u0440\u0435\u0439\u0441\u043a\u0443\u044e \u043d\u043e\u0447\u044c \u0441\u043c\u0435\u043d\u044f\u0435\u0442 \u0440\u0430\u0441\u0441\u0432\u0435\u0442\u043e\u043c,\u2028\u0421\u043e\u043b\u043d\u0446\u0435, \u041e\u043b\u0438\u043c\u043f\u0430 \u043a\u0440\u0430\u0441\u0430, \u0432\u044b\u0432\u043e\u0434\u0438\u0442 \u043d\u0430\u043c \u0434\u043d\u0438 \u0437\u043e\u0440\u0435\u0432\u044b\u0435,\u2028\u0421\u043e\u043b\u043d\u0446\u0435 &#8212; \u043b\u0435\u0442\u043e, \u043e\u0441\u0435\u043d\u044c, \u0437\u0438\u043c\u0430 \u0438 \u0432\u0435\u0441\u0435\u043d\u043d\u044f\u044f \u0441\u043b\u0430\u0434\u043e\u0441\u0442\u044c,\u2028\u0421\u043e\u043b\u043d\u0446\u0435 &#8212; \u0447\u0430\u0441 \u0438 \u0434\u0435\u043d\u044c \u0438 \u043c\u0435\u0441\u044f\u0446 \u0438 \u0433\u043e\u0434 \u0438 \u0441\u0442\u043e\u043b\u0435\u0442\u044c\u0435,\u2028\u0421\u043e\u043b\u043d\u0446\u0435 &#8212; \u044d\u0444\u0438\u0440\u043d\u044b\u0439 \u0448\u0430\u0440, \u0437\u043e\u043b\u043e\u0442\u043e\u0435 \u0441\u0438\u044f\u043b\u0438\u0449\u0435 \u043c\u0438\u0440\u0430,\u2028\u0421\u043e\u043b\u043d\u0446\u0435 &#8212; \u0434\u0440\u0443\u0433 \u043f\u043e\u0441\u0435\u043b\u044f\u043d, \u043d\u0430\u0434\u0435\u0436\u0434\u0430 \u043f\u043b\u043e\u0432\u0446\u0430 \u0432 \u043e\u043a\u0435\u0430\u043d\u0435,\u2028\u0421\u043e\u043b\u043d\u0446\u0435, \u0432\u0441\u0435 \u043c\u0438\u043d\u043e\u0432\u0430\u0432, \u043a\u043e \u0432\u0441\u0435\u043c\u0443 \u0432\u043e\u0437\u0432\u0440\u0430\u0449\u0430\u0435\u0442\u0441\u044f \u0441\u043d\u043e\u0432\u0430,\u2028\u0421\u043e\u043b\u043d\u0446\u0435, \u043f\u0440\u0435\u0434 \u043a\u0435\u043c \u0431\u043b\u0435\u0434\u043d\u044b \u043d\u0430 \u043a\u0440\u0443\u0433\u0430\u0445 \u0441\u0432\u043e\u0438\u0445 \u044f\u0441\u043d\u044b\u0435 \u0437\u0432\u0435\u0437\u0434\u044b,\u2028\u0421\u043e\u043b\u043d\u0446\u0435, \u043a\u043e\u0442\u043e\u0440\u043e\u043c\u0443 \u043f\u043e\u043d\u0442 \u043e\u0442\u0432\u0435\u0442\u0441\u0442\u0432\u0443\u0435\u0442 \u0440\u043e\u0432\u043d\u044b\u043c \u0441\u0432\u0435\u0440\u043a\u0430\u043d\u044c\u0435\u043c,\u2028\u0421\u043e\u043b\u043d\u0446\u0435 \u0432\u0441\u0435\u043c\u0443 \u043e\u0447\u0438\u0449\u0435\u043d\u044c\u0435 \u043d\u0435\u0441\u0435\u0442 \u0441\u0442\u0440\u0435\u043c\u0438\u0442\u0435\u043b\u044c\u043d\u044b\u043c \u0436\u0430\u0440\u043e\u043c -\u2028\u0421\u043e\u043b\u043d\u0446\u0435, \u043d\u0430 \u0447\u044c\u0435\u043c \u0432\u043e\u0441\u0445\u043e\u0434\u0435 \u043f\u043e\u044e\u0442 \u043b\u0438\u0432\u0438\u0439\u0441\u043a\u0438\u0435 \u0432\u043e\u043b\u043d\u044b,\u2028\u0421\u043e\u043b\u043d\u0446\u0435, \u043d\u0430 \u0447\u044c\u0435\u043c \u0437\u0430\u043a\u0430\u0442\u0435 \u043c\u043e\u0440\u044f \u043d\u0430\u0441\u044b\u0449\u0430\u044e\u0442\u0441\u044f \u0436\u0430\u0440\u043e\u043c,\u2028\u0421\u043e\u043b\u043d\u0446\u0435, \u043c\u0438\u0440\u0430 \u0438 \u043d\u0435\u0431\u0430 \u043a\u0440\u0430\u0441\u0430, \u0434\u043b\u044f \u0432\u0441\u0435\u0445 \u0442\u044b \u0435\u0434\u0438\u043d\u043e,\u2028\u0421\u043e\u043b\u043d\u0446\u0435 &#8212; \u0431\u043e\u0433 \u043d\u043e\u0447\u0435\u0439 \u0438 \u0434\u043d\u0435\u0439, \u043a\u043e\u043d\u0435\u0446 \u0438 \u043d\u0430\u0447\u0430\u043b\u043e. <\/div> <\/div> <\/div> <!-- close group --> <div class=\"gallery-group images-2\" style=\"width: 166px; height: 224px;\" data-original-width=\"166\" data-original-height=\"224\" > <div class=\"tiled-gallery-item tiled-gallery-item-small\" itemprop=\"associatedMedia\" itemscope itemtype=\"http:\/\/schema.org\/ImageObject\"> <meta itemprop=\"width\" content=\"162\"> <meta itemprop=\"height\" content=\"108\"> <img data-attachment-id=\"8016\" data-orig-file=\"https:\/\/www.verba.lv\/wp-content\/uploads\/anna-fanigina-apriori-analemma-pendants.jpg\" data-orig-size=\"1000,667\" data-comments-opened=\"\" data-image-meta=\"{&quot;aperture&quot;:&quot;0&quot;,&quot;credit&quot;:&quot;&quot;,&quot;camera&quot;:&quot;&quot;,&quot;caption&quot;:&quot;&quot;,&quot;created_timestamp&quot;:&quot;0&quot;,&quot;copyright&quot;:&quot;&quot;,&quot;focal_length&quot;:&quot;0&quot;,&quot;iso&quot;:&quot;0&quot;,&quot;shutter_speed&quot;:&quot;0&quot;,&quot;title&quot;:&quot;&quot;,&quot;orientation&quot;:&quot;0&quot;}\" data-image-title=\"\" data-image-description=\"&lt;p&gt;C\u0113sis 21.06.2019&lt;\/p&gt; \" data-medium-file=\"https:\/\/www.verba.lv\/wp-content\/uploads\/anna-fanigina-apriori-analemma-pendants-400x267.jpg\" data-large-file=\"https:\/\/www.verba.lv\/wp-content\/uploads\/anna-fanigina-apriori-analemma-pendants.jpg\" src=\"https:\/\/i0.wp.com\/www.verba.lv\/wp-content\/uploads\/anna-fanigina-apriori-analemma-pendants.jpg?w=162&#038;h=108&#038;ssl=1\" width=\"162\" height=\"108\" data-original-width=\"162\" data-original-height=\"108\" itemprop=\"http:\/\/schema.org\/image\" title=\"\" alt=\"anna-fanigina-apriori-analemma-pendants\" style=\"width: 162px; height: 108px;\" \/> <div class=\"tiled-gallery-caption\" itemprop=\"caption description\"> C\u0113sis 21.06.2019 <\/div> <\/div> <div class=\"tiled-gallery-item tiled-gallery-item-small\" itemprop=\"associatedMedia\" itemscope itemtype=\"http:\/\/schema.org\/ImageObject\"> <meta itemprop=\"width\" content=\"162\"> <meta itemprop=\"height\" content=\"108\"> <img data-attachment-id=\"6957\" data-orig-file=\"https:\/\/www.verba.lv\/wp-content\/uploads\/anna-fanigina-apriori-cesis.gif\" data-orig-size=\"1000,668\" data-comments-opened=\"\" data-image-meta=\"{&quot;aperture&quot;:&quot;0&quot;,&quot;credit&quot;:&quot;&quot;,&quot;camera&quot;:&quot;&quot;,&quot;caption&quot;:&quot;&quot;,&quot;created_timestamp&quot;:&quot;0&quot;,&quot;copyright&quot;:&quot;&quot;,&quot;focal_length&quot;:&quot;0&quot;,&quot;iso&quot;:&quot;0&quot;,&quot;shutter_speed&quot;:&quot;0&quot;,&quot;title&quot;:&quot;&quot;,&quot;orientation&quot;:&quot;0&quot;}\" data-image-title=\"\" data-image-description=\"\" data-medium-file=\"https:\/\/www.verba.lv\/wp-content\/uploads\/anna-fanigina-apriori-cesis-400x267.gif\" data-large-file=\"https:\/\/www.verba.lv\/wp-content\/uploads\/anna-fanigina-apriori-cesis.gif\" src=\"https:\/\/i0.wp.com\/www.verba.lv\/wp-content\/uploads\/anna-fanigina-apriori-cesis.gif?w=162&#038;h=108&#038;ssl=1\" width=\"162\" height=\"108\" data-original-width=\"162\" data-original-height=\"108\" itemprop=\"http:\/\/schema.org\/image\" title=\"\" alt=\"anna-fanigina-apriori-cesis\" style=\"width: 162px; height: 108px;\" \/> <div class=\"tiled-gallery-caption\" itemprop=\"caption description\"> C\u0113sis 21.06.2019 <\/div> <\/div> <\/div> <!-- close group --> <\/div> <!-- close row --> <div class=\"gallery-row\" style=\"width: 500px; height: 335px;\" data-original-width=\"500\" data-original-height=\"335\" > <div class=\"gallery-group images-1\" style=\"width: 500px; height: 335px;\" data-original-width=\"500\" data-original-height=\"335\" > <div class=\"tiled-gallery-item tiled-gallery-item-large\" itemprop=\"associatedMedia\" itemscope itemtype=\"http:\/\/schema.org\/ImageObject\"> <meta itemprop=\"width\" content=\"496\"> <meta itemprop=\"height\" content=\"331\"> <img data-attachment-id=\"6960\" data-orig-file=\"https:\/\/www.verba.lv\/wp-content\/uploads\/anna-fanigina-apriori-cesis-exhibition-group.gif\" data-orig-size=\"1000,668\" data-comments-opened=\"\" data-image-meta=\"{&quot;aperture&quot;:&quot;0&quot;,&quot;credit&quot;:&quot;&quot;,&quot;camera&quot;:&quot;&quot;,&quot;caption&quot;:&quot;&quot;,&quot;created_timestamp&quot;:&quot;0&quot;,&quot;copyright&quot;:&quot;&quot;,&quot;focal_length&quot;:&quot;0&quot;,&quot;iso&quot;:&quot;0&quot;,&quot;shutter_speed&quot;:&quot;0&quot;,&quot;title&quot;:&quot;&quot;,&quot;orientation&quot;:&quot;0&quot;}\" data-image-title=\"\" data-image-description=\"\" data-medium-file=\"https:\/\/www.verba.lv\/wp-content\/uploads\/anna-fanigina-apriori-cesis-exhibition-group-400x267.gif\" data-large-file=\"https:\/\/www.verba.lv\/wp-content\/uploads\/anna-fanigina-apriori-cesis-exhibition-group.gif\" src=\"https:\/\/i0.wp.com\/www.verba.lv\/wp-content\/uploads\/anna-fanigina-apriori-cesis-exhibition-group.gif?w=496&#038;h=331&#038;ssl=1\" width=\"496\" height=\"331\" data-original-width=\"496\" data-original-height=\"331\" itemprop=\"http:\/\/schema.org\/image\" title=\"\" alt=\"anna-fanigina-apriori-cesis-exhibition-group\" style=\"width: 496px; height: 331px;\" \/> <div class=\"tiled-gallery-caption\" itemprop=\"caption description\"> C\u0113sis 21.06.2019 <\/div> <\/div> <\/div> <!-- close group --> <\/div> <!-- close row --> <\/div>\n<p>&nbsp;<\/p>\n<p>&nbsp;<\/p>\n<p>&nbsp;<\/p>\n","protected":false},"excerpt":{"rendered":"<p>A PRIORI, 2019 From June 21 to July 28 2019, the C\u0113sis Exhibition House hosted the first Latvian Jewellery Art Association\u2019s exhibition \u00abA priori\u00bb. The concepts \u00aba priori\u00bb and \u00aba posteriori\u00bb are terms used in philosophy to distinguish two types of knowledge. The \u00aba priori\u00bb knowledge is independent of experience. This was also the starting [&hellip;]<\/p>\n","protected":false},"author":4,"featured_media":0,"parent":0,"menu_order":0,"comment_status":"closed","ping_status":"closed","template":"","meta":{"jetpack_post_was_ever_published":false},"aioseo_notices":[],"jetpack_shortlink":"https:\/\/wp.me\/P41l5H-1JO","jetpack_sharing_enabled":true,"jetpack_likes_enabled":true,"_links":{"self":[{"href":"https:\/\/www.verba.lv\/ru\/wp-json\/wp\/v2\/pages\/6684"}],"collection":[{"href":"https:\/\/www.verba.lv\/ru\/wp-json\/wp\/v2\/pages"}],"about":[{"href":"https:\/\/www.verba.lv\/ru\/wp-json\/wp\/v2\/types\/page"}],"author":[{"embeddable":true,"href":"https:\/\/www.verba.lv\/ru\/wp-json\/wp\/v2\/users\/4"}],"replies":[{"embeddable":true,"href":"https:\/\/www.verba.lv\/ru\/wp-json\/wp\/v2\/comments?post=6684"}],"version-history":[{"count":12,"href":"https:\/\/www.verba.lv\/ru\/wp-json\/wp\/v2\/pages\/6684\/revisions"}],"predecessor-version":[{"id":11017,"href":"https:\/\/www.verba.lv\/ru\/wp-json\/wp\/v2\/pages\/6684\/revisions\/11017"}],"wp:attachment":[{"href":"https:\/\/www.verba.lv\/ru\/wp-json\/wp\/v2\/media?parent=6684"}],"curies":[{"name":"wp","href":"https:\/\/api.w.org\/{rel}","templated":true}]}}