{"id":6689,"date":"2020-06-15T11:16:22","date_gmt":"2020-06-15T11:16:22","guid":{"rendered":"https:\/\/www.verba.lv\/analemma\/"},"modified":"2020-06-15T11:16:22","modified_gmt":"2020-06-15T11:16:22","slug":"analemma","status":"publish","type":"page","link":"https:\/\/www.verba.lv\/ru\/analemma\/","title":{"rendered":"ANALEMMA"},"content":{"rendered":"\n<p><br><\/p>\n\n\n\n<ul data-carousel-extra='{\"blog_id\":1,\"permalink\":\"https:\\\/\\\/www.verba.lv\\\/ru\\\/analemma\\\/\"}'  class=\"wp-container-2 wp-block-gallery-1 wp-block-gallery columns-3 is-cropped\"><li class=\"blocks-gallery-item\"><figure><img loading=\"lazy\" width=\"887\" height=\"1024\" src=\"https:\/\/www.verba.lv\/wp-content\/uploads\/analemma-verba-pendant-sun-rose-887x1024.gif\" alt=\"analemma-verba-pendant-sun-rose\" data-id=\"3654\" data-link=\"https:\/\/www.verba.lv\/analemma-verba-pendant-sun-rose\/\" class=\"wp-image-3654\" srcset=\"https:\/\/www.verba.lv\/wp-content\/uploads\/analemma-verba-pendant-sun-rose-887x1024.gif 887w, https:\/\/www.verba.lv\/wp-content\/uploads\/analemma-verba-pendant-sun-rose-346x400.gif 346w, https:\/\/www.verba.lv\/wp-content\/uploads\/analemma-verba-pendant-sun-rose-768x887.gif 768w\" sizes=\"(max-width: 887px) 100vw, 887px\" \/><figcaption>ANALEMMA<\/figcaption><\/figure><\/li><li class=\"blocks-gallery-item\"><figure><img loading=\"lazy\" width=\"1000\" height=\"666\" src=\"https:\/\/www.verba.lv\/wp-content\/uploads\/apricus-verba-silver-ring-analemma.gif\" alt=\"apricus-verba-silver-ring-analemma\" data-id=\"4279\" data-link=\"https:\/\/www.verba.lv\/apricus-verba-silver-ring-analemma\/\" class=\"wp-image-4279\"\/><figcaption>APRICUS \/ sun loving \/ sauli m\u012blo\u0161s \/ \u043b\u044e\u0431\u044f\u0449\u0438\u0439 \u0441\u043e\u043b\u043d\u0446\u0435, \u0441\u0432\u0435\u0442\u043e\u043b\u044e\u0431\u0438\u0432\u044b\u0439<\/figcaption><\/figure><\/li><li class=\"blocks-gallery-item\"><figure><img loading=\"lazy\" width=\"1000\" height=\"667\" src=\"https:\/\/www.verba.lv\/wp-content\/uploads\/apricus-verba-silver-ring-analemma-corundum.gif\" alt=\"apricus-verba-silver-ring-analemma-corundum\" data-id=\"4281\" data-link=\"https:\/\/www.verba.lv\/apricus-verba-silver-ring-analemma-corundum\/\" class=\"wp-image-4281\"\/><figcaption>APRICUS \/ sun loving \/ sauli m\u012blo\u0161s \/ \u043b\u044e\u0431\u044f\u0449\u0438\u0439 \u0441\u043e\u043b\u043d\u0446\u0435, \u0441\u0432\u0435\u0442\u043e\u043b\u044e\u0431\u0438\u0432\u044b\u0439<\/figcaption><\/figure><\/li><li class=\"blocks-gallery-item\"><figure><img loading=\"lazy\" width=\"1000\" height=\"667\" src=\"https:\/\/www.verba.lv\/wp-content\/uploads\/omnia-sol-analemma-verba-ring-red-plexiglass.gif\" alt=\"omnia-sol-analemma-verba-ring-red-plexiglass\" data-id=\"4285\" data-link=\"https:\/\/www.verba.lv\/omnia-sol-analemma-verba-ring-red-plexiglass\/\" class=\"wp-image-4285\"\/><figcaption>OMNIA SOL TEMPERAT PURUS ET SUBTILIS \/ The sun warms everything, pure and gentle \/ Spo\u017e\u0101 un lieg\u0101 saule sasilda visu \/ \u0421\u043e\u043b\u043d\u0446\u0435 \u0441\u043e\u0433\u0440\u0435\u0432\u0430\u0435\u0442 \u0432\u0441\u0451, \u0447\u0438\u0441\u0442\u043e\u0435 \u0438 \u043b\u044e\u0431\u0435\u0437\u043d\u043e\u0435 \n(Carmina Burana)<\/figcaption><\/figure><\/li><li class=\"blocks-gallery-item\"><figure><img loading=\"lazy\" width=\"1000\" height=\"667\" src=\"https:\/\/www.verba.lv\/wp-content\/uploads\/omnia-sol-analemma-verba-silver-ring-plexiglass.gif\" alt=\"omnia-sol-analemma-verba-silver-ring-plexiglass\" data-id=\"4284\" data-link=\"https:\/\/www.verba.lv\/omnia-sol-analemma-verba-silver-ring-plexiglass\/\" class=\"wp-image-4284\"\/><figcaption>OMNIA SOL TEMPERAT PURUS ET SUBTILIS \/ The sun warms everything, pure and gentle \/ Spo\u017e\u0101 un lieg\u0101 saule sasilda visu \/ \u0421\u043e\u043b\u043d\u0446\u0435 \u0441\u043e\u0433\u0440\u0435\u0432\u0430\u0435\u0442 \u0432\u0441\u0451, \u0447\u0438\u0441\u0442\u043e\u0435 \u0438 \u043b\u044e\u0431\u0435\u0437\u043d\u043e\u0435 \n(Carmina Burana)<\/figcaption><\/figure><\/li><\/ul>\n","protected":false},"excerpt":{"rendered":"ANALEMMAAPRICUS \/ sun loving \/ sauli m\u012blo\u0161s \/ \u043b\u044e\u0431\u044f\u0449\u0438\u0439 \u0441\u043e\u043b\u043d\u0446\u0435, \u0441\u0432\u0435\u0442\u043e\u043b\u044e\u0431\u0438\u0432\u044b\u0439APRICUS \/ sun loving \/ sauli m\u012blo\u0161s \/ \u043b\u044e\u0431\u044f\u0449\u0438\u0439 \u0441\u043e\u043b\u043d\u0446\u0435, \u0441\u0432\u0435\u0442\u043e\u043b\u044e\u0431\u0438\u0432\u044b\u0439OMNIA SOL TEMPERAT PURUS ET SUBTILIS \/ The sun warms everything, pure and gentle \/ Spo\u017e\u0101 un lieg\u0101 saule sasilda visu \/ \u0421\u043e\u043b\u043d\u0446\u0435 \u0441\u043e\u0433\u0440\u0435\u0432\u0430\u0435\u0442 \u0432\u0441\u0451, \u0447\u0438\u0441\u0442\u043e\u0435 \u0438 \u043b\u044e\u0431\u0435\u0437\u043d\u043e\u0435 (Carmina Burana)OMNIA SOL TEMPERAT PURUS ET SUBTILIS [...]","protected":false},"author":4,"featured_media":0,"parent":0,"menu_order":0,"comment_status":"closed","ping_status":"closed","template":"","meta":{"jetpack_post_was_ever_published":false},"aioseo_notices":[],"jetpack_shortlink":"https:\/\/wp.me\/P41l5H-1JT","jetpack_sharing_enabled":true,"jetpack_likes_enabled":true,"_links":{"self":[{"href":"https:\/\/www.verba.lv\/ru\/wp-json\/wp\/v2\/pages\/6689"}],"collection":[{"href":"https:\/\/www.verba.lv\/ru\/wp-json\/wp\/v2\/pages"}],"about":[{"href":"https:\/\/www.verba.lv\/ru\/wp-json\/wp\/v2\/types\/page"}],"author":[{"embeddable":true,"href":"https:\/\/www.verba.lv\/ru\/wp-json\/wp\/v2\/users\/4"}],"replies":[{"embeddable":true,"href":"https:\/\/www.verba.lv\/ru\/wp-json\/wp\/v2\/comments?post=6689"}],"version-history":[{"count":1,"href":"https:\/\/www.verba.lv\/ru\/wp-json\/wp\/v2\/pages\/6689\/revisions"}],"predecessor-version":[{"id":8462,"href":"https:\/\/www.verba.lv\/ru\/wp-json\/wp\/v2\/pages\/6689\/revisions\/8462"}],"wp:attachment":[{"href":"https:\/\/www.verba.lv\/ru\/wp-json\/wp\/v2\/media?parent=6689"}],"curies":[{"name":"wp","href":"https:\/\/api.w.org\/{rel}","templated":true}]}}