{"id":6741,"date":"2013-10-21T22:51:38","date_gmt":"2013-10-21T22:51:38","guid":{"rendered":"https:\/\/www.verba.lv\/contacts\/"},"modified":"2026-04-09T08:16:45","modified_gmt":"2026-04-09T08:16:45","slug":"contacts","status":"publish","type":"page","link":"https:\/\/www.verba.lv\/ru\/contacts\/","title":{"rendered":"\u0413\u0414\u0415 \u041a\u0423\u041f\u0418\u0422\u042c"},"content":{"rendered":"<p><strong>E-mail: mundus@verba.lv<\/strong><\/p>\n<p><strong>Instagram:<\/strong>\u00a0<strong><a href=\"https:\/\/www.instagram.com\/verba_mundus\/\" target=\"_blank\" rel=\"noopener noreferrer\">@verba_mundus<\/a><\/strong><\/p>\n<p><strong>Facebook: <a href=\"https:\/\/www.facebook.com\/verba.mundus\/?fref=ts\" target=\"_blank\" rel=\"noopener noreferrer\">Verba Mundus<\/a><\/strong><\/p>\n<p><strong>\u041e\u043d\u043b\u0430\u0439\u043d \u043c\u0430\u0433\u0430\u0437\u0438\u043d<\/strong>: <a href=\"https:\/\/shop.verba.lv\" target=\"_blank\" rel=\"noopener noreferrer\"><strong>Verba Mundus<\/strong><\/a><\/p>\n<p><strong>Etsy: <a href=\"https:\/\/www.etsy.com\/shop\/VERBAmundus\">VERBAmundus<\/a><\/strong><\/p>\n<p>&nbsp;<\/p>\n<p style=\"text-align: left;\"><span style=\"color: #333333; background-color: #c0c0c0;\"><strong>VERBA \u0432 \u0420\u0438\u0433\u0435 (\u041b\u0430\u0442\u0432\u0438\u044f):<\/strong><\/span><\/p>\n<p>&#8212; <strong>VERBA \u0441\u0442\u0443\u0434\u0438\u044f<\/strong>, Artil\u0113rijas 40, (\u043f\u043e \u043f\u0440\u0435\u0434\u0432\u0430\u0440\u0438\u0442\u0435\u043b\u044c\u043d\u043e\u0439 \u0434\u043e\u0433\u043e\u0432\u043e\u0440\u0435\u043d\u043d\u043e\u0441\u0442\u0438), +371 29763288<\/p>\n<p style=\"text-align: left;\">&#8212; <strong><a href=\"http:\/\/www.riija.lv\" target=\"_blank\" rel=\"noopener noreferrer\">RIIJA<\/a><\/strong>, T\u0113rbatas 6\/8, +371 67284828,<\/p>\n<p style=\"text-align: left;\">&#8212; <strong><a href=\"http:\/\/lechevalier.lv\/lv\/dizaina-bode\" target=\"_blank\" rel=\"noopener noreferrer\">LE CHEVALIER BOUTIQUE<\/a>,\u00a0<\/strong>Ka\u013c\u0137u iela 20, +371\u00a067 199 800<\/p>\n<p style=\"text-align: left;\">&#8212;<a href=\"http:\/\/www.lnmm.lv\/lv\/LNMM\" target=\"_blank\" rel=\"noopener noreferrer\"><strong><span style=\"color: #000000;\">\u00a0\u041b\u0410\u0422\u0412\u0418\u0419\u0421\u041a\u0418\u0419 \u041d\u0410\u0426\u0418\u041e\u041d\u0410\u041b\u042c\u041d\u042b\u0419 \u0425\u0423\u0414\u041e\u0416\u0415\u0421\u0422\u0412\u0415\u041d\u041d\u042b\u0419 \u041c\u0423\u0417\u0415\u0419<\/span><\/strong><\/a>, J\u0101\u0146a Rozent\u0101la laukums 1,\u00a0<span style=\"color: #000000;\">+371\u00a029492019<\/span><\/p>\n<p>&#8212; <a href=\"https:\/\/studijapienene.lv\/veikals\/\"><strong>PIENENE<\/strong><\/a>, Kungu iela 7\/9, +371 29298748,\u00a0+371 67210400<\/p>\n<p>&#8212; <a href=\"https:\/\/www.facebook.com\/profile.php?id=61560767115080\"><strong>D-IQ BALTIC DESIGN SHOP<\/strong><\/a>, 13. janv\u0101ra iela 8, 2-\u0439 \u044d\u0442\u0430\u0436 U\/V STOCKMANN, +371 28669513<\/p>\n<p style=\"text-align: left;\"><span style=\"color: #333333; background-color: #c0c0c0;\"><strong>VERBA \u0432 \u0412\u0435\u043d\u0435\u0446\u0438\u0438, \u0420\u0438\u043c\u0435 \u0438 \u041d\u0435\u0430\u043f\u043e\u043b\u0435 (\u0418\u0442\u0430\u043b\u0438\u044f):<\/strong><\/span><\/p>\n<p style=\"text-align: left;\">&#8212; <strong><a href=\"https:\/\/palazzoducale.visitmuve.it\/?fbclid=IwAR09rD-GXyK1WgqyiqmIxqf7SYUKAkuZPfOPRHU70Z0BMm4TS40HpxmwBmE\" target=\"_blank\" rel=\"noopener\">PALAZZO DUCALE \u043c\u0443\u0437\u0435\u0439\u043d\u044b\u0439 \u043c\u0430\u0433\u0430\u0437\u0438\u043d<\/a><\/strong>, <span class=\"d2edcug0 hpfvmrgz qv66sw1b c1et5uql oi732d6d ik7dh3pa ht8s03o8 jq4qci2q a3bd9o3v b1v8xokw py34i1dx\"><span class=\"a8c37x1j ni8dbmo4 stjgntxs l9j0dhe7\">San Marco 1, 30124 Venezia, Veneto, +39 041 271 5911<\/span><\/span><\/p>\n<p><strong>&#8212; <a href=\"https:\/\/www.materialmentevenezia.com\">MATERIALMENTE VENEZIA<\/a><\/strong>, Mercer\u00eda San Salvador, San Marco 4850, 30125, Venezia, +39 0415286881<\/p>\n<p>&#8212; <strong><a href=\"https:\/\/www.hotelaquariusvenice.com\/?_gl=1%2A1ybdoll%2A_up%2AMQ..%2A_gs%2AMQ..&amp;gclid=CjwKCAiAqKbMBhBmEiwAZ3UboDLGVOblEGLE29BE_c_5OVsx_pXmlET3FxALPhNulmkeswiRid2giBoCPywQAvD_BwE&amp;gbraid=0AAAAACiANNvsx3cyQIj40PSDYQ6SBRJJP\">HOTEL AQUARIUS<\/a><\/strong>, Campo S. Giacomo dell&#8217;Orio, 1624, 30135 Venezia, +39 041 8660112;\u00a0+39 3456837368<\/p>\n<p><strong><a href=\"https:\/\/www.instagram.com\/paper_project_venice\/\">&#8212; ANITA CERPELLONI atelier<\/a>, <\/strong>Salizada Malipiero &#8212; 30124, San Marco 3209-a, Venezia, +39 373 8806555<\/p>\n<p><strong><a href=\"https:\/\/www.instagram.com\/mydaybydaygallery\/\">&#8212; MYDAYBYDAY Gallery<\/a>, <\/strong>Via Luca della Robbia 76, 00153, Rome, +39 333 5375922<\/p>\n<p style=\"text-align: left;\">&#8212; <a href=\"https:\/\/www.facebook.com\/profile.php?id=100009191716596\" target=\"_blank\" rel=\"noopener noreferrer\"><strong>NILO DI NAPOLI\u00a0MUSEUM SHOP<\/strong><\/a>, Departure lounge, Airport of Naples, \u0440\u044f\u0434\u043e\u043c \u0441 \u0432\u044b\u0445\u043e\u0434\u043e\u043c \u042116, Viale F. Ruffo di Calabria, 80144 Napoli NA, Naples, +39 081 78961221<\/p>\n<p><span style=\"color: #333333; background-color: #c0c0c0;\"><strong>VERBA \u0432 \u0411\u0435\u0440\u043b\u0438\u043d\u0435 (\u0413\u0435\u0440\u043c\u0430\u043d\u0438\u044f):<\/strong><\/span><\/p>\n<p>&#8212; <a href=\"https:\/\/elenagoldgallery.de\/?fbclid=IwY2xjawGh8UBleHRuA2FlbQIxMAABHRR8XdLMTdBQg7NOWP9wBcZOzTyIumUxK1uhEg6r0InCXwVMcf2Ttj1WCw_aem_mPPbC262LSb2GM9bYy4u6g\"><strong>ELENA GHASEMI GOLD GALLERY<\/strong><\/a>, Berlin,\u00a0Wielandstr. 13, Charlottenburg, +49 159 06242844<\/p>\n<p style=\"text-align: left;\"><span style=\"color: #333333; background-color: #c0c0c0;\"><strong>VERBA \u0432 \u0412\u0438\u043b\u044c\u043d\u044e\u0441\u0435 (\u041b\u0438\u0442\u0432\u0430):<\/strong><\/span><\/p>\n<p style=\"text-align: left;\">&#8212; <strong><a href=\"http:\/\/www.menonisa.lt\/en\/\" target=\"_blank\" rel=\"noopener noreferrer\">MENO NI\u0160A<\/a><\/strong>, Vilnius, Basanavi\u010diaus g. 1\/13,\u00a0 + 370 64038221<\/p>\n<p>&#8212; <a href=\"https:\/\/miutto.com\/pages\/about\"><strong>MIUTTO<\/strong><\/a>, Vilnius, Gaono st. 1, +370 619 35020<\/p>\n<p style=\"text-align: left;\"><span style=\"color: #333333; background-color: #c0c0c0;\"><strong>VERBA \u043d\u0430 \u0421\u0430\u0430\u0440\u0435\u043c\u0430\u0430 (\u042d\u0441\u0442\u043e\u043d\u0438\u044f):<\/strong><\/span><\/p>\n<p style=\"text-align: left;\">&#8212;\u00a0<strong><a href=\"https:\/\/www.facebook.com\/pallopsoni\/\" target=\"_blank\" rel=\"noopener noreferrer\">PALLOPSONI DISAINIPOOD<\/a><\/strong>, Saaremaa,\u00a0Kauba 1 Kuressaare,\u00a0+372 5236658<\/p>\n<p style=\"text-align: left;\"><span style=\"color: #333333; background-color: #c0c0c0;\"><strong>VERBA \u0432 \u0410\u0444\u0438\u043d\u0430\u0445 (\u0413\u0440\u0435\u0446\u0438\u044f):<\/strong><\/span><\/p>\n<p>&#8212; <a href=\"https:\/\/www.elenimarneri.com\/product-category\/jewelry\/rings-all\/\"><strong>ELENI MARNERI GALERIE<\/strong><\/a>, Pittakou 8, Plaka, Athens 105 58,\u00a0\u00a0+30 2108619488<\/p>\n<p>&#8212; <strong><a href=\"https:\/\/www.instagram.com\/kinkokifissia\/\">KINKO<\/a><\/strong> by Evgenia Gavalaki, Athens, Kifisia, Drosini\u00a07,\u00a014562, +30 2108004964, +30 6936587343<\/p>\n<p><span style=\"color: #333333; background-color: #c0c0c0;\"><strong>VERBA \u0432 \u0422\u043e\u043a\u0438\u043e (\u042f\u043f\u043e\u043d\u0438\u044f):<\/strong><\/span><\/p>\n<p>&#8212;<strong><a href=\"https:\/\/www.instagram.com\/rigacollection\/\"> RIGA COLLECTION<\/a><\/strong> Jiyugaoka store 1F Nakai Building, 2-13-7 Jiyugaoka, Meguro-ku, Tokyo 152-0035, \u043f\u043e \u0437\u0430\u043f\u0440\u043e\u0441\u0443: +81 0364213618<\/p>\n<p><span style=\"color: #333333; background-color: #c0c0c0;\"><strong>VERBA \u0432 \u0421\u0438\u0434\u043d\u0435\u0435 (\u0410\u0432\u0441\u0442\u0440\u0430\u043b\u0438\u044f):<\/strong><\/span><\/p>\n<p>&#8212; Nathasha Chabelnique \u043f\u043e \u0434\u043e\u0433\u043e\u0432\u043e\u0440\u0435\u043d\u043d\u043e\u0441\u0442\u0438, +61 410184819<\/p>\n","protected":false},"excerpt":{"rendered":"<p>E-mail: mundus@verba.lv Instagram:\u00a0@verba_mundus Facebook: Verba Mundus \u041e\u043d\u043b\u0430\u0439\u043d \u043c\u0430\u0433\u0430\u0437\u0438\u043d: Verba Mundus Etsy: VERBAmundus &nbsp; VERBA \u0432 \u0420\u0438\u0433\u0435 (\u041b\u0430\u0442\u0432\u0438\u044f): &#8212; VERBA \u0441\u0442\u0443\u0434\u0438\u044f, Artil\u0113rijas 40, (\u043f\u043e \u043f\u0440\u0435\u0434\u0432\u0430\u0440\u0438\u0442\u0435\u043b\u044c\u043d\u043e\u0439 \u0434\u043e\u0433\u043e\u0432\u043e\u0440\u0435\u043d\u043d\u043e\u0441\u0442\u0438), +371 29763288 &#8212; RIIJA, T\u0113rbatas 6\/8, +371 67284828, &#8212; LE CHEVALIER BOUTIQUE,\u00a0Ka\u013c\u0137u iela 20, +371\u00a067 199 800 &#8212;\u00a0\u041b\u0410\u0422\u0412\u0418\u0419\u0421\u041a\u0418\u0419 \u041d\u0410\u0426\u0418\u041e\u041d\u0410\u041b\u042c\u041d\u042b\u0419 \u0425\u0423\u0414\u041e\u0416\u0415\u0421\u0422\u0412\u0415\u041d\u041d\u042b\u0419 \u041c\u0423\u0417\u0415\u0419, J\u0101\u0146a Rozent\u0101la laukums 1,\u00a0+371\u00a029492019 &#8212; PIENENE, Kungu iela 7\/9, [&hellip;]<\/p>\n","protected":false},"author":1,"featured_media":0,"parent":0,"menu_order":16,"comment_status":"closed","ping_status":"closed","template":"","meta":{"jetpack_post_was_ever_published":false},"aioseo_notices":[],"jetpack_shortlink":"https:\/\/wp.me\/P41l5H-1KJ","jetpack_sharing_enabled":true,"jetpack_likes_enabled":true,"_links":{"self":[{"href":"https:\/\/www.verba.lv\/ru\/wp-json\/wp\/v2\/pages\/6741"}],"collection":[{"href":"https:\/\/www.verba.lv\/ru\/wp-json\/wp\/v2\/pages"}],"about":[{"href":"https:\/\/www.verba.lv\/ru\/wp-json\/wp\/v2\/types\/page"}],"author":[{"embeddable":true,"href":"https:\/\/www.verba.lv\/ru\/wp-json\/wp\/v2\/users\/1"}],"replies":[{"embeddable":true,"href":"https:\/\/www.verba.lv\/ru\/wp-json\/wp\/v2\/comments?post=6741"}],"version-history":[{"count":76,"href":"https:\/\/www.verba.lv\/ru\/wp-json\/wp\/v2\/pages\/6741\/revisions"}],"predecessor-version":[{"id":13595,"href":"https:\/\/www.verba.lv\/ru\/wp-json\/wp\/v2\/pages\/6741\/revisions\/13595"}],"wp:attachment":[{"href":"https:\/\/www.verba.lv\/ru\/wp-json\/wp\/v2\/media?parent=6741"}],"curies":[{"name":"wp","href":"https:\/\/api.w.org\/{rel}","templated":true}]}}